{"id":6392,"date":"2015-09-02T19:54:48","date_gmt":"2015-09-02T19:54:48","guid":{"rendered":"http:\/\/www.fraterinternacional.org\/es\/rede-luz\/"},"modified":"2022-10-08T06:09:41","modified_gmt":"2022-10-08T09:09:41","slug":"red-luz","status":"publish","type":"page","link":"https:\/\/www.fraterinternacional.org\/es\/red-luz\/","title":{"rendered":"Red-Luz"},"content":{"rendered":"<p><div class=\"fusion-fullwidth fullwidth-box fusion-builder-row-1 nonhundred-percent-fullwidth non-hundred-percent-height-scrolling fusion-equal-height-columns\" style=\"--awb-border-radius-top-left:0px;--awb-border-radius-top-right:0px;--awb-border-radius-bottom-right:0px;--awb-border-radius-bottom-left:0px;--awb-padding-bottom:3%;--awb-flex-wrap:wrap;\" ><div class=\"fusion-builder-row fusion-row\"><div class=\"fusion-layout-column fusion_builder_column fusion-builder-column-0 fusion_builder_column_1_1 1_1 fusion-one-full fusion-column-first fusion-column-last fusion-column-no-min-height\" style=\"--awb-bg-size:cover;--awb-margin-bottom:40px;\"><div class=\"fusion-column-wrapper fusion-column-has-shadow fusion-flex-column-wrapper-legacy\"><div class=\"fusion-image-element fusion-image-align-center in-legacy-container\" style=\"text-align:center;--awb-max-width:200px;--awb-caption-title-font-family:var(--h2_typography-font-family);--awb-caption-title-font-weight:var(--h2_typography-font-weight);--awb-caption-title-font-style:var(--h2_typography-font-style);--awb-caption-title-size:var(--h2_typography-font-size);--awb-caption-title-transform:var(--h2_typography-text-transform);--awb-caption-title-line-height:var(--h2_typography-line-height);--awb-caption-title-letter-spacing:var(--h2_typography-letter-spacing);\"><div class=\"imageframe-align-center\"><span class=\" fusion-imageframe imageframe-none imageframe-1 hover-type-none\"><img decoding=\"async\" width=\"500\" height=\"400\" alt=\"Rede-Luz Planet\u00e1ria\" title=\"logo-redeluz01\" src=\"https:\/\/www.fraterinternacional.org\/wp-content\/uploads\/2021\/06\/logo-redeluz01.png\" class=\"img-responsive wp-image-121725\" srcset=\"https:\/\/www.fraterinternacional.org\/wp-content\/uploads\/2021\/06\/logo-redeluz01-200x160.png 200w, https:\/\/www.fraterinternacional.org\/wp-content\/uploads\/2021\/06\/logo-redeluz01-400x320.png 400w, https:\/\/www.fraterinternacional.org\/wp-content\/uploads\/2021\/06\/logo-redeluz01.png 500w\" sizes=\"(max-width: 800px) 100vw, 500px\" \/><\/span><\/div><\/div><div class=\"fusion-clearfix\"><\/div><\/div><\/div><div class=\"fusion-layout-column fusion_builder_column fusion-builder-column-1 fusion_builder_column_1_1 1_1 fusion-one-full fusion-column-first fusion-column-last fusion-column-no-min-height\" style=\"--awb-bg-size:cover;--awb-margin-bottom:0px;\"><div class=\"fusion-column-wrapper fusion-flex-column-wrapper-legacy\"><div class=\"fusion-text fusion-text-1\"><p><span style=\"font-weight: 400;\">La Rede-Luz est\u00e1 formada por un grupo de servidores que trabajan incansablemente por el bien com\u00fan, social y espiritual entre los seres.<\/span><\/p>\n<p><span style=\"font-weight: 400;\">Es una afiliada de la <strong>Fraternidad &#8211; Federaci\u00f3n Humanitaria Internacional (FFHI)<\/strong> cuyas bases de trabajo se basan en la oraci\u00f3n, en el estudio y en el servicio abnegado por el planeta, la humanidad y la naturaleza.<\/span><\/p>\n<p><span style=\"font-weight: 400;\">Un colaborador de la Rede-Luz se ofrece a construir el esp\u00edritu de solidaridad y paz y as\u00ed irradiar luz al mundo, alivio a los que sufren y donaci\u00f3n permanente al servicio.<\/span><\/p>\n<h3>Acciones de la Red-Luz<\/h3>\n<ul>\n<li><b>Servicio: <\/b><span style=\"font-weight: 400;\">Se realiza en residencias de ancianos, guarder\u00edas, albergues, orfanatos, hospitales, c\u00e1rceles y trabajo con los Reinos de la Naturaleza.<\/span><\/li>\n<li><b>Difusi\u00f3n de la ense\u00f1anza: <\/b><span style=\"font-weight: 400;\">Difusi\u00f3n de material de Irdin Editora y de la Asociaci\u00f3n Mar\u00eda.<\/span><\/li>\n<li><b>Apoyo a los Centros Marianos<\/b><span style=\"font-weight: 400;\">: Ritmos de servicio y difusi\u00f3n.<\/span><\/li>\n<li><b>Apoyo en la organizaci\u00f3n de eventos en las ciudades donde operan los grupos: <\/b><span style=\"font-weight: 400;\">Organizaci\u00f3n de encuentros de oraci\u00f3n, organizaci\u00f3n de eventos realizados por asociaciones de servicios.<\/span><\/li>\n<li><b>Oraci\u00f3n: <\/b><span style=\"font-weight: 400;\">Transmisi\u00f3n virtual diaria en varios horarios; Encuentros virtuales de oraci\u00f3n.<\/span><\/li>\n<li><b>Estudios: <\/b><span style=\"font-weight: 400;\">Encuentros para asistir a conferencias; Estudio de las ense\u00f1anzas a trav\u00e9s de libros, conferencias grabadas en audio y mensajes espirituales<\/span><\/li>\n<\/ul>\n<p><span style=\"font-weight: 400;\">Para saber m\u00e1s sobre la Rede-Luz: complete el formulario o env\u00edenos un correo electr\u00f3nico a secretaria.redeluz@redeluzplanetaria.org y entraremos en contacto.<\/span><\/p>\n<\/div><div class=\"fusion-button-wrapper\"><a class=\"fusion-button button-flat button-large button-default fusion-button-default button-1 fusion-button-default-span fusion-button-default-type\" target=\"_blank\" rel=\"noopener noreferrer\" href=\"https:\/\/bit.ly\/3hjzzEE\"><span class=\"fusion-button-text\">Formulario de Contacto Red-Luz<\/span><\/a><\/div><div class=\"fusion-clearfix\"><\/div><\/div><\/div><\/div><\/div><div class=\"fusion-fullwidth fullwidth-box fusion-builder-row-2 fusion-parallax-fixed nonhundred-percent-fullwidth non-hundred-percent-height-scrolling\" style=\"--awb-border-radius-top-left:0px;--awb-border-radius-top-right:0px;--awb-border-radius-bottom-right:0px;--awb-border-radius-bottom-left:0px;--awb-padding-top:180px;--awb-padding-bottom:120px;--awb-background-image:url(&quot;https:\/\/www.fraterinternacional.org\/wp-content\/uploads\/2021\/06\/bk-rede-luz02.jpg&quot;);--awb-background-size:cover;--awb-flex-wrap:wrap;background-attachment:fixed;\" ><div class=\"fusion-builder-row fusion-row\"><div class=\"fusion-layout-column fusion_builder_column fusion-builder-column-2 fusion_builder_column_1_1 1_1 fusion-one-full fusion-column-first fusion-column-last\" style=\"--awb-padding-right:5%;--awb-padding-left:5%;--awb-bg-size:cover;\"><div class=\"fusion-column-wrapper fusion-column-has-shadow fusion-flex-column-wrapper-legacy\"><div class=\"fusion-text fusion-text-2\"><h2 style=\"text-align: center;\"><span style=\"color: #ffffff;\">Conforman la Red-Luz, 259 grupos en 26 pa\u00edses, integrados por el servicio desinteresado en las Misiones Humanitarias, por el camino de la oraci\u00f3n y por el conocimiento filos\u00f3fico.<\/span><\/h2>\n<\/div><div class=\"fusion-clearfix\"><\/div><\/div><\/div><\/div><\/div><div class=\"fusion-fullwidth fullwidth-box fusion-builder-row-3 hundred-percent-fullwidth non-hundred-percent-height-scrolling\" style=\"--awb-border-radius-top-left:0px;--awb-border-radius-top-right:0px;--awb-border-radius-bottom-right:0px;--awb-border-radius-bottom-left:0px;--awb-padding-top:4%;--awb-flex-wrap:wrap;\" ><div class=\"fusion-builder-row fusion-row\"><div class=\"fusion-layout-column fusion_builder_column fusion-builder-column-3 fusion_builder_column_1_1 1_1 fusion-one-full fusion-column-first fusion-column-last\" style=\"--awb-bg-size:cover;\"><div class=\"fusion-column-wrapper fusion-column-has-shadow fusion-flex-column-wrapper-legacy\"><div class=\"fusion-title title fusion-title-1 fusion-sep-none fusion-title-center fusion-title-text fusion-title-size-one\"><h1 class=\"fusion-title-heading title-heading-center fusion-responsive-typography-calculated\" style=\"margin:0;--fontSize:38;line-height:1.41;\">GRUPOS RED-LUZ<\/h1><\/div><div class=\"fusion-text fusion-text-3\"><div id=\"mapplic-id122345\" data-mapdata=\"{&quot;mapwidth&quot;:&quot;1000&quot;,&quot;mapheight&quot;:&quot;500&quot;,&quot;height&quot;:&quot;700&quot;,&quot;action&quot;:&quot;tooltip&quot;,&quot;fillcolor&quot;:&quot;#343f4b&quot;,&quot;moretext&quot;:&quot;saiba mais&quot;,&quot;maxscale&quot;:&quot;6&quot;,&quot;zoommargin&quot;:&quot;200&quot;,&quot;customcss&quot;:&quot;.mapplic-pin.pin-lg {background-color:rgb(255 193 7 \\\/ 0%)!important; background-size:70px; width:65px; height: 65px; transform: scale(2.2)!important; margin:0px;}&quot;,&quot;fullscreen&quot;:true,&quot;hovertip&quot;:true,&quot;hovertipdesc&quot;:false,&quot;smartip&quot;:false,&quot;deeplinking&quot;:true,&quot;linknewtab&quot;:true,&quot;minimap&quot;:false,&quot;animations&quot;:false,&quot;zoom&quot;:true,&quot;zoombuttons&quot;:true,&quot;clearbutton&quot;:true,&quot;zoomoutclose&quot;:true,&quot;closezoomout&quot;:true,&quot;mousewheel&quot;:false,&quot;mapfill&quot;:true,&quot;sidebar&quot;:false,&quot;search&quot;:true,&quot;searchdescription&quot;:false,&quot;alphabetic&quot;:true,&quot;thumbholder&quot;:false,&quot;sidebartoggle&quot;:false,&quot;filtersopened&quot;:false,&quot;highlight&quot;:false,&quot;topLat&quot;:&quot;&quot;,&quot;leftLng&quot;:&quot;&quot;,&quot;bottomLat&quot;:&quot;&quot;,&quot;rightLng&quot;:&quot;&quot;,&quot;levels&quot;:[{&quot;id&quot;:&quot;RL&quot;,&quot;title&quot;:&quot;Rede-Luz&quot;,&quot;map&quot;:&quot;\\\/\\\/www.fraterinternacional.org\\\/\\\/wp-content\\\/plugins\\\/mapplic\\\/maps\\\/world.svg&quot;,&quot;minimap&quot;:&quot;&quot;}],&quot;styles&quot;:[],&quot;categories&quot;:[{&quot;title&quot;:&quot;REDE-LUZ&quot;,&quot;id&quot;:&quot;redeluz&quot;,&quot;about&quot;:&quot;&quot;,&quot;icon&quot;:&quot;&quot;,&quot;color&quot;:&quot;#ffc107&quot;}],&quot;locations&quot;:[{&quot;id&quot;:&quot;0amc&quot;,&quot;title&quot;:&quot;Red-Luz Centroamericana&quot;,&quot;description&quot;:&quot;&lt;p&gt;&lt;strong&gt;Costa Rica, Guatemala, Nicaragua, Rep\\u00fablica Dominicana&lt;\\\/strong&gt;&lt;\\\/p&gt;&lt;p&gt;4 grupos&lt;\\\/p&gt;&quot;,&quot;pin&quot;:&quot;pin-lg pin-label&quot;,&quot;category&quot;:&quot;redeluz&quot;,&quot;action&quot;:&quot;default&quot;,&quot;x&quot;:&quot;0.3158&quot;,&quot;y&quot;:&quot;0.6391&quot;,&quot;fill&quot;:&quot;#ffc107&quot;,&quot;label&quot;:&quot;https:\\\/\\\/www.fraterinternacional.org\\\/wp-content\\\/uploads\\\/2021\\\/06\\\/logo-redeluz01.png&quot;,&quot;color&quot;:&quot;#ffc107&quot;,&quot;level&quot;:&quot;RL&quot;},{&quot;id&quot;:&quot;0ar&quot;,&quot;title&quot;:&quot;Red-Luz de Argentina&quot;,&quot;description&quot;:&quot;&lt;p&gt;49 grupos&lt;\\\/p&gt;&quot;,&quot;pin&quot;:&quot;pin-lg pin-label&quot;,&quot;category&quot;:&quot;redeluz&quot;,&quot;action&quot;:&quot;default&quot;,&quot;x&quot;:&quot;0.3559&quot;,&quot;y&quot;:&quot;0.8477&quot;,&quot;fill&quot;:&quot;#ffc107&quot;,&quot;label&quot;:&quot;https:\\\/\\\/www.fraterinternacional.org\\\/wp-content\\\/uploads\\\/2021\\\/06\\\/logo-redeluz01.png&quot;,&quot;color&quot;:&quot;#ffc107&quot;,&quot;level&quot;:&quot;RL&quot;},{&quot;id&quot;:&quot;0bl&quot;,&quot;title&quot;:&quot;Red-Luz de Bolivia&quot;,&quot;description&quot;:&quot;&lt;p&gt;1 grupo&lt;\\\/p&gt;&quot;,&quot;pin&quot;:&quot;pin-lg pin-label&quot;,&quot;fill&quot;:&quot;#ffc107&quot;,&quot;category&quot;:&quot;redeluz&quot;,&quot;action&quot;:&quot;default&quot;,&quot;x&quot;:&quot;0.3555&quot;,&quot;y&quot;:&quot;0.7525&quot;,&quot;label&quot;:&quot;https:\\\/\\\/www.fraterinternacional.org\\\/wp-content\\\/uploads\\\/2021\\\/06\\\/logo-redeluz01.png&quot;,&quot;color&quot;:&quot;#ffc107&quot;,&quot;level&quot;:&quot;RL&quot;},{&quot;id&quot;:&quot;0cl&quot;,&quot;title&quot;:&quot;Red-Luz de Chile&quot;,&quot;description&quot;:&quot;&lt;p&gt;1 grupo&lt;\\\/p&gt;&quot;,&quot;pin&quot;:&quot;pin-lg pin-label&quot;,&quot;fill&quot;:&quot;#ffc107&quot;,&quot;category&quot;:[&quot;redeluz&quot;],&quot;action&quot;:&quot;default&quot;,&quot;x&quot;:&quot;0.3432&quot;,&quot;y&quot;:&quot;0.8112&quot;,&quot;label&quot;:&quot;https:\\\/\\\/www.fraterinternacional.org\\\/wp-content\\\/uploads\\\/2021\\\/06\\\/logo-redeluz01.png&quot;,&quot;color&quot;:&quot;#ffc107&quot;,&quot;level&quot;:&quot;RL&quot;},{&quot;id&quot;:&quot;0co&quot;,&quot;title&quot;:&quot;Red-Luz de Colombia&quot;,&quot;description&quot;:&quot;&lt;p&gt;8 grupos&lt;\\\/p&gt;&quot;,&quot;pin&quot;:&quot;pin-lg pin-label&quot;,&quot;fill&quot;:&quot;#ffc107&quot;,&quot;action&quot;:&quot;default&quot;,&quot;x&quot;:&quot;0.3404&quot;,&quot;y&quot;:&quot;0.6788&quot;,&quot;label&quot;:&quot;https:\\\/\\\/www.fraterinternacional.org\\\/wp-content\\\/uploads\\\/2021\\\/06\\\/logo-redeluz01.png&quot;,&quot;color&quot;:&quot;#ffc107&quot;,&quot;level&quot;:&quot;RL&quot;},{&quot;id&quot;:&quot;0ec&quot;,&quot;title&quot;:&quot;Red-Luz de Equador&quot;,&quot;description&quot;:&quot;&lt;p&gt;1 grupo&lt;\\\/p&gt;&quot;,&quot;pin&quot;:&quot;pin-lg pin-label&quot;,&quot;fill&quot;:&quot;#ffc107&quot;,&quot;category&quot;:&quot;redeluz&quot;,&quot;action&quot;:&quot;default&quot;,&quot;x&quot;:&quot;0.3237&quot;,&quot;y&quot;:&quot;0.6954&quot;,&quot;label&quot;:&quot;https:\\\/\\\/www.fraterinternacional.org\\\/wp-content\\\/uploads\\\/2021\\\/06\\\/logo-redeluz01.png&quot;,&quot;color&quot;:&quot;#ffc107&quot;,&quot;level&quot;:&quot;RL&quot;},{&quot;id&quot;:&quot;0us&quot;,&quot;title&quot;:&quot;Red-Luz de los Estados Unidos&quot;,&quot;description&quot;:&quot;&lt;p&gt;1 grupo&lt;\\\/p&gt;&quot;,&quot;pin&quot;:&quot;pin-lg pin-label&quot;,&quot;fill&quot;:&quot;#ffc107&quot;,&quot;action&quot;:&quot;default&quot;,&quot;x&quot;:&quot;0.2769&quot;,&quot;y&quot;:&quot;0.5083&quot;,&quot;label&quot;:&quot;https:\\\/\\\/www.fraterinternacional.org\\\/wp-content\\\/uploads\\\/2021\\\/06\\\/logo-redeluz01.png&quot;,&quot;color&quot;:&quot;#ffc107&quot;,&quot;level&quot;:&quot;RL&quot;,&quot;category&quot;:[&quot;redeluz&quot;]},{&quot;id&quot;:&quot;0eu&quot;,&quot;title&quot;:&quot;Red-Luz de Europa&quot;,&quot;description&quot;:&quot;&lt;p&gt;&lt;strong&gt;Austria, Alemania, Espa\\u00f1a, Francia, Holanda, Portugal, Reino Unido&lt;\\\/strong&gt;&lt;\\\/p&gt;&lt;p&gt;16 grupos&lt;\\\/p&gt;&quot;,&quot;pin&quot;:&quot;pin-lg pin-label&quot;,&quot;fill&quot;:&quot;#ffc107&quot;,&quot;category&quot;:&quot;redeluz&quot;,&quot;action&quot;:&quot;default&quot;,&quot;x&quot;:&quot;0.4895&quot;,&quot;y&quot;:&quot;0.5011&quot;,&quot;label&quot;:&quot;https:\\\/\\\/www.fraterinternacional.org\\\/wp-content\\\/uploads\\\/2021\\\/06\\\/logo-redeluz01.png&quot;,&quot;color&quot;:&quot;#ffc107&quot;,&quot;level&quot;:&quot;RL&quot;},{&quot;id&quot;:&quot;0mx&quot;,&quot;title&quot;:&quot;Red-Luz de M\\u00e9jico &quot;,&quot;description&quot;:&quot;&lt;p&gt;2 grupos&lt;\\\/p&gt;&quot;,&quot;pin&quot;:&quot;pin-lg pin-label&quot;,&quot;fill&quot;:&quot;#ffc107&quot;,&quot;category&quot;:&quot;redeluz&quot;,&quot;action&quot;:&quot;default&quot;,&quot;x&quot;:&quot;0.2789&quot;,&quot;y&quot;:&quot;0.5892&quot;,&quot;label&quot;:&quot;https:\\\/\\\/www.fraterinternacional.org\\\/wp-content\\\/uploads\\\/2021\\\/06\\\/logo-redeluz01.png&quot;,&quot;color&quot;:&quot;#ffc107&quot;,&quot;level&quot;:&quot;RL&quot;},{&quot;id&quot;:&quot;0py&quot;,&quot;title&quot;:&quot;Red-Luz de Paraguay&quot;,&quot;description&quot;:&quot;&lt;p&gt;3 grupos&lt;\\\/p&gt;&quot;,&quot;pin&quot;:&quot;pin-lg pin-label&quot;,&quot;fill&quot;:&quot;#ffc107&quot;,&quot;category&quot;:&quot;redeluz&quot;,&quot;action&quot;:&quot;default&quot;,&quot;x&quot;:&quot;0.3705&quot;,&quot;y&quot;:&quot;0.7874&quot;,&quot;label&quot;:&quot;https:\\\/\\\/www.fraterinternacional.org\\\/wp-content\\\/uploads\\\/2021\\\/06\\\/logo-redeluz01.png&quot;,&quot;color&quot;:&quot;#ffc107&quot;,&quot;level&quot;:&quot;RL&quot;},{&quot;id&quot;:&quot;0ur&quot;,&quot;title&quot;:&quot;Red-Luz de Uruguay&quot;,&quot;description&quot;:&quot;&lt;p&gt;16 grupos&lt;\\\/p&gt;&quot;,&quot;pin&quot;:&quot;pin-lg pin-label&quot;,&quot;fill&quot;:&quot;#ffc107&quot;,&quot;category&quot;:&quot;redeluz&quot;,&quot;action&quot;:&quot;default&quot;,&quot;x&quot;:&quot;0.3749&quot;,&quot;y&quot;:&quot;0.8287&quot;,&quot;label&quot;:&quot;https:\\\/\\\/www.fraterinternacional.org\\\/wp-content\\\/uploads\\\/2021\\\/06\\\/logo-redeluz01.png&quot;,&quot;color&quot;:&quot;#ffc107&quot;,&quot;level&quot;:&quot;RL&quot;},{&quot;id&quot;:&quot;0ve&quot;,&quot;title&quot;:&quot;Red-Luz da Venezuela &quot;,&quot;description&quot;:&quot;&lt;p&gt;3 grupos&lt;\\\/p&gt;&quot;,&quot;pin&quot;:&quot;pin-lg pin-label&quot;,&quot;fill&quot;:&quot;#ffc107&quot;,&quot;category&quot;:&quot;redeluz&quot;,&quot;action&quot;:&quot;default&quot;,&quot;x&quot;:&quot;0.3531&quot;,&quot;y&quot;:&quot;0.6487&quot;,&quot;label&quot;:&quot;https:\\\/\\\/www.fraterinternacional.org\\\/wp-content\\\/uploads\\\/2021\\\/06\\\/logo-redeluz01.png&quot;,&quot;color&quot;:&quot;#ffc107&quot;,&quot;level&quot;:&quot;RL&quot;},{&quot;title&quot;:&quot;Red-Luz de Brasil&quot;,&quot;id&quot;:&quot;01br&quot;,&quot;description&quot;:&quot;&lt;p&gt;&lt;strong&gt;Red-Luz de Brasil - Centro-Oeste&lt;\\\/strong&gt;&lt;\\\/p&gt;&lt;p&gt;5 grupos&lt;\\\/p&gt;&lt;p&gt;&lt;strong&gt;Red-Luz de Brasil - Esp\\u00edrito Santo &lt;\\\/strong&gt;&lt;\\\/p&gt;&lt;p&gt;1 grupo&lt;\\\/p&gt;&lt;p&gt;&lt;strong&gt;Red-Luz de Brasil - Minas Gerais&lt;\\\/strong&gt;&lt;\\\/p&gt;&lt;p&gt;44 grupos&lt;\\\/p&gt;&lt;p&gt;&lt;strong&gt;Red-Luz de Brasil - Norte e Nordeste&lt;\\\/strong&gt;&lt;\\\/p&gt;&lt;p&gt;15 grupos&lt;\\\/p&gt;&lt;p&gt;&lt;strong&gt;Red-Luz de Brasil - Rio de Janeiro&lt;\\\/strong&gt;&lt;\\\/p&gt;&lt;p&gt;12 grupos&lt;\\\/p&gt;&lt;p&gt;&lt;strong&gt;Red-Luz de Brasil - San Paulo&lt;\\\/strong&gt;&lt;\\\/p&gt;&lt;p&gt;20 grupos&lt;\\\/p&gt;&lt;p&gt;&lt;strong&gt;Red-Luz de Brasil - San Carlos&lt;\\\/strong&gt;&lt;\\\/p&gt;&lt;p&gt;17 grupos&lt;\\\/p&gt;&lt;p&gt;&lt;strong&gt;Red-Luz de Brasil - Sur&lt;\\\/strong&gt;&lt;\\\/p&gt;&lt;p&gt;20 grupos&lt;\\\/p&gt;&quot;,&quot;pin&quot;:&quot;pin-lg pin-label&quot;,&quot;label&quot;:&quot;https:\\\/\\\/www.fraterinternacional.org\\\/wp-content\\\/uploads\\\/2021\\\/06\\\/logo-redeluz01.png&quot;,&quot;action&quot;:&quot;default&quot;,&quot;x&quot;:&quot;0.3888&quot;,&quot;y&quot;:&quot;0.7327&quot;,&quot;level&quot;:&quot;RL&quot;,&quot;color&quot;:&quot;#343f4b&quot;},{&quot;title&quot;:&quot;Red-Luz de Per\\u00fa&quot;,&quot;id&quot;:&quot;rdpe&quot;,&quot;description&quot;:&quot;&lt;p&gt;1 grupo&lt;\\\/p&gt;&quot;,&quot;pin&quot;:&quot;pin-lg pin-label&quot;,&quot;label&quot;:&quot;https:\\\/\\\/www.fraterinternacional.org\\\/wp-content\\\/uploads\\\/2021\\\/06\\\/logo-redeluz01.png&quot;,&quot;action&quot;:&quot;default&quot;,&quot;x&quot;:&quot;0.3352&quot;,&quot;y&quot;:&quot;0.7359&quot;,&quot;level&quot;:&quot;RL&quot;,&quot;color&quot;:&quot;#343f4b&quot;},{&quot;title&quot;:&quot;Red-Luz de Canad\\u00e1 &quot;,&quot;id&quot;:&quot;rdc&quot;,&quot;description&quot;:&quot;&lt;p style=\\&quot;margin: 0cm 0cm 15.0pt 0cm;\\&quot;&gt;&lt;span style=\\&quot;font-size: 13.0pt;\\&quot;&gt;1 grupo&lt;\\\/span&gt;&lt;\\\/p&gt;&quot;,&quot;pin&quot;:&quot;pin-lg pin-label&quot;,&quot;fill&quot;:&quot;#ffc107&quot;,&quot;category&quot;:&quot;redeluz&quot;,&quot;action&quot;:&quot;default&quot;,&quot;x&quot;:&quot;0.2591&quot;,&quot;y&quot;:&quot;0.3878&quot;,&quot;level&quot;:&quot;RL&quot;,&quot;color&quot;:&quot;#ffc107&quot;,&quot;label&quot;:&quot;https:\\\/\\\/www.fraterinternacional.org\\\/wp-content\\\/uploads\\\/2021\\\/06\\\/logo-redeluz01.png&quot;}]}\"><\/div>\n<\/div><div class=\"fusion-clearfix\"><\/div><\/div><\/div><\/div><\/div><\/p>\n","protected":false},"excerpt":{"rendered":"","protected":false},"author":4,"featured_media":92220,"parent":0,"menu_order":68,"comment_status":"closed","ping_status":"closed","template":"100-width.php","meta":{"footnotes":""},"class_list":["post-6392","page","type-page","status-publish","has-post-thumbnail","hentry"],"yoast_head":"<!-- This site is optimized with the Yoast SEO Premium plugin v21.0 (Yoast SEO v21.0) - https:\/\/yoast.com\/wordpress\/plugins\/seo\/ -->\n<title>Que \u00e9s la Red-Luz - vivir en cooperaci\u00f3n y uni\u00f3n fraterna.<\/title>\n<meta name=\"description\" content=\"Nuestros corazones nos invitan a tornarnos servidores y a llevar para nuestra vida cotidiana,el ejercicio de la oraci\u00f3n,del estudio y del servicio abnegado.\" \/>\n<meta name=\"robots\" content=\"index, follow, max-snippet:-1, max-image-preview:large, max-video-preview:-1\" \/>\n<link rel=\"canonical\" href=\"https:\/\/www.fraterinternacional.org\/es\/red-luz\/\" \/>\n<meta property=\"og:locale\" content=\"es_ES\" \/>\n<meta property=\"og:type\" content=\"article\" \/>\n<meta property=\"og:title\" content=\"Red-Luz\" \/>\n<meta property=\"og:description\" content=\"Nuestros corazones nos invitan a tornarnos servidores y a llevar para nuestra vida cotidiana,el ejercicio de la oraci\u00f3n,del estudio y del servicio abnegado.\" \/>\n<meta property=\"og:url\" content=\"https:\/\/www.fraterinternacional.org\/es\/red-luz\/\" \/>\n<meta property=\"og:site_name\" content=\"Fraternidade - Federa\u00e7\u00e3o Humanit\u00e1ria Internacional\" \/>\n<meta property=\"article:publisher\" content=\"https:\/\/www.facebook.com\/fraternidadehumanitaria\" \/>\n<meta property=\"article:modified_time\" content=\"2022-10-08T09:09:41+00:00\" \/>\n<meta property=\"og:image\" content=\"https:\/\/www.fraterinternacional.org\/wp-content\/uploads\/2018\/11\/logo_rede_luz_planetaria_es_azul.jpg\" \/>\n\t<meta property=\"og:image:width\" content=\"690\" \/>\n\t<meta property=\"og:image:height\" content=\"388\" \/>\n\t<meta property=\"og:image:type\" content=\"image\/jpeg\" \/>\n<meta name=\"twitter:card\" content=\"summary_large_image\" \/>\n<meta name=\"twitter:site\" content=\"@fraternidadeFHI\" \/>\n<meta name=\"twitter:label1\" content=\"Tiempo de lectura\" \/>\n\t<meta name=\"twitter:data1\" content=\"6 minutos\" \/>\n<script type=\"application\/ld+json\" class=\"yoast-schema-graph\">{\"@context\":\"https:\/\/schema.org\",\"@graph\":[{\"@type\":\"WebPage\",\"@id\":\"https:\/\/www.fraterinternacional.org\/es\/red-luz\/\",\"url\":\"https:\/\/www.fraterinternacional.org\/es\/red-luz\/\",\"name\":\"Que \u00e9s la Red-Luz - vivir en cooperaci\u00f3n y uni\u00f3n fraterna.\",\"isPartOf\":{\"@id\":\"https:\/\/www.fraterinternacional.org\/es\/#website\"},\"datePublished\":\"2015-09-02T19:54:48+00:00\",\"dateModified\":\"2022-10-08T09:09:41+00:00\",\"description\":\"Nuestros corazones nos invitan a tornarnos servidores y a llevar para nuestra vida cotidiana,el ejercicio de la oraci\u00f3n,del estudio y del servicio abnegado.\",\"breadcrumb\":{\"@id\":\"https:\/\/www.fraterinternacional.org\/es\/red-luz\/#breadcrumb\"},\"inLanguage\":\"es\",\"potentialAction\":[{\"@type\":\"ReadAction\",\"target\":[\"https:\/\/www.fraterinternacional.org\/es\/red-luz\/\"]}]},{\"@type\":\"BreadcrumbList\",\"@id\":\"https:\/\/www.fraterinternacional.org\/es\/red-luz\/#breadcrumb\",\"itemListElement\":[{\"@type\":\"ListItem\",\"position\":1,\"name\":\"In\u00edcio\",\"item\":\"https:\/\/www.fraterinternacional.org\/es\/\"},{\"@type\":\"ListItem\",\"position\":2,\"name\":\"Red-Luz\"}]},{\"@type\":\"WebSite\",\"@id\":\"https:\/\/www.fraterinternacional.org\/es\/#website\",\"url\":\"https:\/\/www.fraterinternacional.org\/es\/\",\"name\":\"Fraternidade - Federa\u00e7\u00e3o Humanit\u00e1ria Internacional\",\"description\":\"Fraternidade - Federa\u00e7\u00e3o Humanit\u00e1ria Internacional\",\"potentialAction\":[{\"@type\":\"SearchAction\",\"target\":{\"@type\":\"EntryPoint\",\"urlTemplate\":\"https:\/\/www.fraterinternacional.org\/es\/?s={search_term_string}\"},\"query-input\":\"required name=search_term_string\"}],\"inLanguage\":\"es\"}]}<\/script>\n<!-- \/ Yoast SEO Premium plugin. -->","yoast_head_json":{"title":"Que \u00e9s la Red-Luz - vivir en cooperaci\u00f3n y uni\u00f3n fraterna.","description":"Nuestros corazones nos invitan a tornarnos servidores y a llevar para nuestra vida cotidiana,el ejercicio de la oraci\u00f3n,del estudio y del servicio abnegado.","robots":{"index":"index","follow":"follow","max-snippet":"max-snippet:-1","max-image-preview":"max-image-preview:large","max-video-preview":"max-video-preview:-1"},"canonical":"https:\/\/www.fraterinternacional.org\/es\/red-luz\/","og_locale":"es_ES","og_type":"article","og_title":"Red-Luz","og_description":"Nuestros corazones nos invitan a tornarnos servidores y a llevar para nuestra vida cotidiana,el ejercicio de la oraci\u00f3n,del estudio y del servicio abnegado.","og_url":"https:\/\/www.fraterinternacional.org\/es\/red-luz\/","og_site_name":"Fraternidade - Federa\u00e7\u00e3o Humanit\u00e1ria Internacional","article_publisher":"https:\/\/www.facebook.com\/fraternidadehumanitaria","article_modified_time":"2022-10-08T09:09:41+00:00","og_image":[{"width":690,"height":388,"url":"https:\/\/www.fraterinternacional.org\/wp-content\/uploads\/2018\/11\/logo_rede_luz_planetaria_es_azul.jpg","type":"image\/jpeg"}],"twitter_card":"summary_large_image","twitter_site":"@fraternidadeFHI","twitter_misc":{"Tiempo de lectura":"6 minutos"},"schema":{"@context":"https:\/\/schema.org","@graph":[{"@type":"WebPage","@id":"https:\/\/www.fraterinternacional.org\/es\/red-luz\/","url":"https:\/\/www.fraterinternacional.org\/es\/red-luz\/","name":"Que \u00e9s la Red-Luz - vivir en cooperaci\u00f3n y uni\u00f3n fraterna.","isPartOf":{"@id":"https:\/\/www.fraterinternacional.org\/es\/#website"},"datePublished":"2015-09-02T19:54:48+00:00","dateModified":"2022-10-08T09:09:41+00:00","description":"Nuestros corazones nos invitan a tornarnos servidores y a llevar para nuestra vida cotidiana,el ejercicio de la oraci\u00f3n,del estudio y del servicio abnegado.","breadcrumb":{"@id":"https:\/\/www.fraterinternacional.org\/es\/red-luz\/#breadcrumb"},"inLanguage":"es","potentialAction":[{"@type":"ReadAction","target":["https:\/\/www.fraterinternacional.org\/es\/red-luz\/"]}]},{"@type":"BreadcrumbList","@id":"https:\/\/www.fraterinternacional.org\/es\/red-luz\/#breadcrumb","itemListElement":[{"@type":"ListItem","position":1,"name":"In\u00edcio","item":"https:\/\/www.fraterinternacional.org\/es\/"},{"@type":"ListItem","position":2,"name":"Red-Luz"}]},{"@type":"WebSite","@id":"https:\/\/www.fraterinternacional.org\/es\/#website","url":"https:\/\/www.fraterinternacional.org\/es\/","name":"Fraternidade - Federa\u00e7\u00e3o Humanit\u00e1ria Internacional","description":"Fraternidade - Federa\u00e7\u00e3o Humanit\u00e1ria Internacional","potentialAction":[{"@type":"SearchAction","target":{"@type":"EntryPoint","urlTemplate":"https:\/\/www.fraterinternacional.org\/es\/?s={search_term_string}"},"query-input":"required name=search_term_string"}],"inLanguage":"es"}]}},"_links":{"self":[{"href":"https:\/\/www.fraterinternacional.org\/es\/wp-json\/wp\/v2\/pages\/6392"}],"collection":[{"href":"https:\/\/www.fraterinternacional.org\/es\/wp-json\/wp\/v2\/pages"}],"about":[{"href":"https:\/\/www.fraterinternacional.org\/es\/wp-json\/wp\/v2\/types\/page"}],"author":[{"embeddable":true,"href":"https:\/\/www.fraterinternacional.org\/es\/wp-json\/wp\/v2\/users\/4"}],"replies":[{"embeddable":true,"href":"https:\/\/www.fraterinternacional.org\/es\/wp-json\/wp\/v2\/comments?post=6392"}],"version-history":[{"count":0,"href":"https:\/\/www.fraterinternacional.org\/es\/wp-json\/wp\/v2\/pages\/6392\/revisions"}],"wp:featuredmedia":[{"embeddable":true,"href":"https:\/\/www.fraterinternacional.org\/es\/wp-json\/wp\/v2\/media\/92220"}],"wp:attachment":[{"href":"https:\/\/www.fraterinternacional.org\/es\/wp-json\/wp\/v2\/media?parent=6392"}],"curies":[{"name":"wp","href":"https:\/\/api.w.org\/{rel}","templated":true}]}}