{"id":125592,"date":"2022-11-14T21:39:21","date_gmt":"2022-11-15T00:39:21","guid":{"rendered":"https:\/\/www.fraterinternacional.org\/?page_id=125592"},"modified":"2022-11-14T21:39:21","modified_gmt":"2022-11-15T00:39:21","slug":"prensa-ffhi","status":"publish","type":"page","link":"https:\/\/www.fraterinternacional.org\/es\/prensa-ffhi\/","title":{"rendered":"Prensa"},"content":{"rendered":"<div class=\"fusion-fullwidth fullwidth-box fusion-builder-row-1 fusion-flex-container has-pattern-background has-mask-background nonhundred-percent-fullwidth non-hundred-percent-height-scrolling\" style=\"--awb-border-radius-top-left:0px;--awb-border-radius-top-right:0px;--awb-border-radius-bottom-right:0px;--awb-border-radius-bottom-left:0px;--awb-flex-wrap:wrap;\" ><div class=\"fusion-builder-row fusion-row fusion-flex-align-items-flex-start fusion-flex-content-wrap\" style=\"max-width:1248px;margin-left: calc(-4% \/ 2 );margin-right: calc(-4% \/ 2 );\"><div class=\"fusion-layout-column fusion_builder_column fusion-builder-column-0 fusion_builder_column_1_1 1_1 fusion-flex-column\" style=\"--awb-bg-size:cover;--awb-width-large:100%;--awb-margin-top-large:0px;--awb-spacing-right-large:1.92%;--awb-margin-bottom-large:20px;--awb-spacing-left-large:1.92%;--awb-width-medium:100%;--awb-order-medium:0;--awb-spacing-right-medium:1.92%;--awb-spacing-left-medium:1.92%;--awb-width-small:100%;--awb-order-small:0;--awb-spacing-right-small:1.92%;--awb-spacing-left-small:1.92%;\"><div class=\"fusion-column-wrapper fusion-column-has-shadow fusion-flex-justify-content-flex-start fusion-content-layout-column\"><div class=\"fusion-text fusion-text-1\"><h5>11 de noviembre de 2022<\/h5>\n<p>XI Festa das Sementes Org\u00e2nicas e Biodin\u00e2micas do sul de minas acontece neste s\u00e1bado<br \/>\n<a href=\"https:\/\/www.opopular.net\/2022\/11\/xi-festa-das-sementes-organicas-e.html\" target=\"_blank\" rel=\"noopener noreferrer\"><strong>Fuente: www.opopular.net<\/strong><\/a><\/p>\n<hr \/>\n<h5>11 de noviembre de 2022<\/h5>\n<p>Carmo da Cachoeira recebe XI Festa das Sementes Org\u00e2nicas e Biodin\u00e2micas do Sul de Minas<br \/>\n<a href=\"https:\/\/www.tudoep.com\/tudo-noticias\/NOT,0,0,1822146,carmo-da-cachoeira-recebe-xi-festa-das-sementes-organicas-e-biodinamicas-do-sul-de-minas.aspx\" target=\"_blank\" rel=\"noopener noreferrer\"><strong>Fuente: www.tudoep.com<\/strong><\/a><\/p>\n<hr \/>\n<h5>11 de noviembre de 2022<\/h5>\n<p>FESTA DA SEMENTE | Carmo da Cachoeira recebe a XI Festa das Sementes Org\u00e2nicas e Biodin\u00e2micas do Sul de Minas.<br \/>\n<a href=\"https:\/\/redemais.tv.br\/festa-da-semente\/\" target=\"_blank\" rel=\"noopener noreferrer\"><strong>Fuente: redemais.tv.br<\/strong><\/a><\/p>\n<hr \/>\n<h5>11 de noviembre de 2022<\/h5>\n<p>XI Festa das Sementes Org\u00e2nicas e Biodin\u00e2micas do Sul de Minas acontece em Carmo da Cachoeira<br \/>\n<a href=\"https:\/\/www.oalfenense.com.br\/noticia\/21981\/xi-festa-das-sementes-organicas-e-biodinamicas-do-sul-de-minas-acontece-em-carmo-da-cachoeira\" target=\"_blank\" rel=\"noopener noreferrer\"><strong>Fuente: www.oalfenense.com.br<\/strong><\/a><\/p>\n<hr \/>\n<h5>11 de noviembre de 2022<\/h5>\n<p>XI Festa das Sementes Org\u00e2nicas e Biodin\u00e2micas do Sul de Minas acontecer\u00e1 no dia 12<br \/>\n<a href=\"https:\/\/www.lavras24horas.com.br\/portal\/xi-festa-das-sementes-organicas-e-biodinamicas-do-sul-de-minas-acontecera-no-dia-12\/\" target=\"_blank\" rel=\"noopener noreferrer\"><strong>Fuente: www.lavras24horas.com.br<\/strong><\/a><\/p>\n<hr \/>\n<h5>11 de noviembre de 2022<\/h5>\n<p>XI Festa das Sementes Org\u00e2nicas e Biodin\u00e2micas do Sul de Minas acontece em Carmo da Cachoeira<br \/>\n<a href=\"https:\/\/varginhadigital.com.br\/noticias\/noticiasregiao\/xi-festa-das-sementes-organicas-e-biodinamicas-do-sul-de-minas-acontece-em-carmo-da-cachoeira-b\/\" target=\"_blank\" rel=\"noopener noreferrer\"><strong>Fuente: varginhadigital.com.br<\/strong><\/a><\/p>\n<\/div><\/div><\/div><\/div><\/div>\n","protected":false},"excerpt":{"rendered":"","protected":false},"author":4,"featured_media":0,"parent":0,"menu_order":0,"comment_status":"closed","ping_status":"closed","template":"","meta":{"footnotes":""},"class_list":["post-125592","page","type-page","status-publish","hentry"],"yoast_head":"<!-- This site is optimized with the Yoast SEO Premium plugin v21.0 (Yoast SEO v21.0) - https:\/\/yoast.com\/wordpress\/plugins\/seo\/ -->\n<title>Prensa - Fraternidade - Federa\u00e7\u00e3o Humanit\u00e1ria Internacional<\/title>\n<meta name=\"robots\" content=\"index, follow, max-snippet:-1, max-image-preview:large, max-video-preview:-1\" \/>\n<link rel=\"canonical\" href=\"https:\/\/www.fraterinternacional.org\/es\/prensa-ffhi\/\" \/>\n<meta property=\"og:locale\" content=\"es_ES\" \/>\n<meta property=\"og:type\" content=\"article\" \/>\n<meta property=\"og:title\" content=\"Prensa\" \/>\n<meta property=\"og:url\" content=\"https:\/\/www.fraterinternacional.org\/es\/prensa-ffhi\/\" \/>\n<meta property=\"og:site_name\" content=\"Fraternidade - Federa\u00e7\u00e3o Humanit\u00e1ria Internacional\" \/>\n<meta property=\"article:publisher\" content=\"https:\/\/www.facebook.com\/fraternidadehumanitaria\" \/>\n<meta name=\"twitter:card\" content=\"summary_large_image\" \/>\n<meta name=\"twitter:site\" content=\"@fraternidadeFHI\" \/>\n<script type=\"application\/ld+json\" class=\"yoast-schema-graph\">{\"@context\":\"https:\/\/schema.org\",\"@graph\":[{\"@type\":\"WebPage\",\"@id\":\"https:\/\/www.fraterinternacional.org\/es\/prensa-ffhi\/\",\"url\":\"https:\/\/www.fraterinternacional.org\/es\/prensa-ffhi\/\",\"name\":\"Prensa - Fraternidade - Federa\u00e7\u00e3o Humanit\u00e1ria Internacional\",\"isPartOf\":{\"@id\":\"https:\/\/www.fraterinternacional.org\/es\/#website\"},\"datePublished\":\"2022-11-15T00:39:21+00:00\",\"dateModified\":\"2022-11-15T00:39:21+00:00\",\"breadcrumb\":{\"@id\":\"https:\/\/www.fraterinternacional.org\/es\/prensa-ffhi\/#breadcrumb\"},\"inLanguage\":\"es\",\"potentialAction\":[{\"@type\":\"ReadAction\",\"target\":[\"https:\/\/www.fraterinternacional.org\/es\/prensa-ffhi\/\"]}]},{\"@type\":\"BreadcrumbList\",\"@id\":\"https:\/\/www.fraterinternacional.org\/es\/prensa-ffhi\/#breadcrumb\",\"itemListElement\":[{\"@type\":\"ListItem\",\"position\":1,\"name\":\"In\u00edcio\",\"item\":\"https:\/\/www.fraterinternacional.org\/es\/\"},{\"@type\":\"ListItem\",\"position\":2,\"name\":\"Prensa\"}]},{\"@type\":\"WebSite\",\"@id\":\"https:\/\/www.fraterinternacional.org\/es\/#website\",\"url\":\"https:\/\/www.fraterinternacional.org\/es\/\",\"name\":\"Fraternidade - Federa\u00e7\u00e3o Humanit\u00e1ria Internacional\",\"description\":\"Fraternidade - Federa\u00e7\u00e3o Humanit\u00e1ria Internacional\",\"potentialAction\":[{\"@type\":\"SearchAction\",\"target\":{\"@type\":\"EntryPoint\",\"urlTemplate\":\"https:\/\/www.fraterinternacional.org\/es\/?s={search_term_string}\"},\"query-input\":\"required name=search_term_string\"}],\"inLanguage\":\"es\"}]}<\/script>\n<!-- \/ Yoast SEO Premium plugin. -->","yoast_head_json":{"title":"Prensa - Fraternidade - Federa\u00e7\u00e3o Humanit\u00e1ria Internacional","robots":{"index":"index","follow":"follow","max-snippet":"max-snippet:-1","max-image-preview":"max-image-preview:large","max-video-preview":"max-video-preview:-1"},"canonical":"https:\/\/www.fraterinternacional.org\/es\/prensa-ffhi\/","og_locale":"es_ES","og_type":"article","og_title":"Prensa","og_url":"https:\/\/www.fraterinternacional.org\/es\/prensa-ffhi\/","og_site_name":"Fraternidade - Federa\u00e7\u00e3o Humanit\u00e1ria Internacional","article_publisher":"https:\/\/www.facebook.com\/fraternidadehumanitaria","twitter_card":"summary_large_image","twitter_site":"@fraternidadeFHI","schema":{"@context":"https:\/\/schema.org","@graph":[{"@type":"WebPage","@id":"https:\/\/www.fraterinternacional.org\/es\/prensa-ffhi\/","url":"https:\/\/www.fraterinternacional.org\/es\/prensa-ffhi\/","name":"Prensa - Fraternidade - Federa\u00e7\u00e3o Humanit\u00e1ria Internacional","isPartOf":{"@id":"https:\/\/www.fraterinternacional.org\/es\/#website"},"datePublished":"2022-11-15T00:39:21+00:00","dateModified":"2022-11-15T00:39:21+00:00","breadcrumb":{"@id":"https:\/\/www.fraterinternacional.org\/es\/prensa-ffhi\/#breadcrumb"},"inLanguage":"es","potentialAction":[{"@type":"ReadAction","target":["https:\/\/www.fraterinternacional.org\/es\/prensa-ffhi\/"]}]},{"@type":"BreadcrumbList","@id":"https:\/\/www.fraterinternacional.org\/es\/prensa-ffhi\/#breadcrumb","itemListElement":[{"@type":"ListItem","position":1,"name":"In\u00edcio","item":"https:\/\/www.fraterinternacional.org\/es\/"},{"@type":"ListItem","position":2,"name":"Prensa"}]},{"@type":"WebSite","@id":"https:\/\/www.fraterinternacional.org\/es\/#website","url":"https:\/\/www.fraterinternacional.org\/es\/","name":"Fraternidade - Federa\u00e7\u00e3o Humanit\u00e1ria Internacional","description":"Fraternidade - Federa\u00e7\u00e3o Humanit\u00e1ria Internacional","potentialAction":[{"@type":"SearchAction","target":{"@type":"EntryPoint","urlTemplate":"https:\/\/www.fraterinternacional.org\/es\/?s={search_term_string}"},"query-input":"required name=search_term_string"}],"inLanguage":"es"}]}},"_links":{"self":[{"href":"https:\/\/www.fraterinternacional.org\/es\/wp-json\/wp\/v2\/pages\/125592"}],"collection":[{"href":"https:\/\/www.fraterinternacional.org\/es\/wp-json\/wp\/v2\/pages"}],"about":[{"href":"https:\/\/www.fraterinternacional.org\/es\/wp-json\/wp\/v2\/types\/page"}],"author":[{"embeddable":true,"href":"https:\/\/www.fraterinternacional.org\/es\/wp-json\/wp\/v2\/users\/4"}],"replies":[{"embeddable":true,"href":"https:\/\/www.fraterinternacional.org\/es\/wp-json\/wp\/v2\/comments?post=125592"}],"version-history":[{"count":0,"href":"https:\/\/www.fraterinternacional.org\/es\/wp-json\/wp\/v2\/pages\/125592\/revisions"}],"wp:attachment":[{"href":"https:\/\/www.fraterinternacional.org\/es\/wp-json\/wp\/v2\/media?parent=125592"}],"curies":[{"name":"wp","href":"https:\/\/api.w.org\/{rel}","templated":true}]}}