{"id":123177,"date":"2021-07-28T12:42:39","date_gmt":"2021-07-28T15:42:39","guid":{"rendered":"https:\/\/www.fraterinternacional.org\/?page_id=123177"},"modified":"2021-07-28T12:42:39","modified_gmt":"2021-07-28T15:42:39","slug":"politicas-de-privacidad","status":"publish","type":"page","link":"https:\/\/www.fraterinternacional.org\/es\/politicas-de-privacidad\/","title":{"rendered":"Pol\u00edticas de Privacidad"},"content":{"rendered":"<p><strong>1. Informaciones Preliminares<br \/>\n<\/strong>1.1. El sitio web FRATERNIDAD &#8211; HUMANITARIA (FFHI) est\u00e1 disponible para el acceso de navegadores en diferentes plataformas (IOS, Android y v\u00eda web), y aqu\u00ed se denominar\u00e1 sitio web y \/ o Sitio FRATERNIDAD &#8211; HUMANITARIA (FFHI) y \/ o plataforma.<br \/>\n1.2. Es un portal sobre la Fraternidad \u2013 Federaci\u00f3n Humanitaria Internacional (FFHI) y sus Affiliadas, que est\u00e1 dirigido al p\u00fablico en general, y su contenido est\u00e1 disponible con materiales de texto, imagen, audio y video.<br \/>\n1.3. El SITIO DE FRATERNIDAD &#8211; HUMANITARIA (FFHI), de acuerdo con las mejores pr\u00e1cticas de respeto hacia los usuarios y transparencia, expone los principios b\u00e1sicos de la Pol\u00edtica de Privacidad elegidos por el sitio web para el uso y almacenamiento de las informaciones personales puesta a disposici\u00f3n por los visitantes, considerando el acceso y el uso de los servicios que impliquen en identificaci\u00f3n.<br \/>\n1.4. La Pol\u00edtica de Privacidad del SITIOFRATERNIDAD &#8211; HUMANITARIA (FFHI) puede ser modificada ante eventuales necesidades. As\u00ed, se indica que el usuario revise peri\u00f3dicamente este apartado para conocer cualquier cambio. Cabe se\u00f1alar que los posibles cambios que se consideren m\u00e1s expresivos, por cambiar significativamente las premisas de la presente Pol\u00edtica de Privacidad, ser\u00e1n objeto de previo aviso en el sitio web.<br \/>\n1.5. La Pol\u00edtica de Privacidad del SITEFRATERNIDAD &#8211; HUMANITARIA (FFHI) tiene como objetivo proteger a todos sus usuarios. Cree en la obligatoriedad en cuanto a garant\u00eda y protecci\u00f3n de los datos personales, de la dignidad y de los derechos fundamentales de privacidad, intimidad, libertad, honor e imagen del usuario.<br \/>\n1.6. El registro y acceso a este sitio web implica la plena aceptaci\u00f3n de lo dispuesto en esta Pol\u00edtica de Privacidad, as\u00ed como de sus Condiciones de Uso. Si el usuario no est\u00e1 de acuerdo con alguna disposici\u00f3n aqu\u00ed presente, no debe registrarse, suscribirse y \/ o acceder al sitio web.<\/p>\n<p><strong>2. Informa\u00e7\u00f5es Coletadas<\/strong><br \/>\n2.1. El SITIO DE FRATERNIDAD &#8211; HUMANITARIA (FFHI) declara que se recabar\u00e1n informaciones de los usuarios que accedan al sitio web, y que estas se subdividen en: \u00abInformaciones Personales\u00bb, \u00abInformaciones de Acceso\u00bb e \u00abInformaciones de Interacci\u00f3n\u00bb. 2.2. \u201cInformaciones Personales\u201d: para suscribirse y \/ o registrarse para recibir la newsletter y aprovechar al m\u00e1ximo las herramientas que ofrece el SITIO DE FRATERNIDAD &#8211; HUMANITARIA (FFHI), se solicitar\u00e1 a los usuarios cierta informaci\u00f3n, como por ejemplo: nombre, correo electr\u00f3nico, n\u00fameros de tel\u00e9fono, documentos personales, fechas de nacimiento, entre otros. La informaci\u00f3n recabada se facilitar\u00e1 de forma voluntaria, y su veracidad y actualidad ser\u00e1 responsabilidad integra y total de los usuarios. 2.3. \u00abInformaciones de acceso\u00bb: A medida que el usuario acceda al sitio web, se pueden registrar autom\u00e1ticamente informaciones sobre las p\u00e1ginas que accedi\u00f3, como el navegador, el sistema operativo, la IP, entre otros. Estas informaciones recopiladas tienen como finalidad mejorar la base de datos y an\u00e1lisis de estad\u00edsticas. 2.4. \u201cInformaciones de Interacci\u00f3n\u201d: Se almacenar\u00e1n voluntariamente en secciones espec\u00edficas e interactivas del sitio web, como por ejemplo: la secci\u00f3n \u201cPerfil\u201d, \u201cCuaderno\u201d y Secci\u00f3n \u00abFavoritos\u00bb. 2.5. No obstante, el usuario es libre de deshabilitar el env\u00edo de cookies en cualquier momento e instalar bloqueadores u otros medios para deshabilitar el env\u00edo de este tipo de informaci\u00f3n. 2.6. Es importante tener en cuenta que cualquier Informaci\u00f3n personal que pueda ser recopilada por el SITIO FRATERNIDAD &#8211; HUMANITARIA (FFHI) ocurrir\u00e1 sin el consentimiento y la voluntad del usuario. Esta manifestaci\u00f3n se producir\u00e1 expresamente a trav\u00e9s del acto de registrarse en el sitio web, registrarse para recibir la newsletter, mediante el llenado de un formulario, por correo electr\u00f3nico, participando en alguna acci\u00f3n virtual o por cualquier otra forma digital de suministro de datos.<\/p>\n<p><strong>3. Metodolog\u00eda de Uso de Informaciones Recopiladas<\/strong><br \/>\n3.1. Toda y cualquier informaci\u00f3n personal recopilada tiene como \u00fanico objetivo la identificaci\u00f3n del usuario en su interacci\u00f3n con el SITIO DEFRATERNIDAD &#8211; HUMANITARIA (FFHI).<br \/>\n3.2. Las informaciones recopiladas en la secci\u00f3n \u201cCuaderno\u201d no ser\u00e1 divulgada externamente, sirviendo \u00fanicamente para almacenar datos y monitorear la interacci\u00f3n de los usuarios con el SITIO FRATERNIDAD &#8211; HUMANITARIA (FFHI).<br \/>\n3.3. Respecto a los art\u00edculos \/ reportajes elegidos por los usuarios en el apartado \u201cFavoritos\u201d, el SITIO FRATERNIDAD &#8211; HUMANITARIA (FFHI) declara que podr\u00e1 utilizar la informaci\u00f3n para ofrecer y sugerir contenidos personalizados al usuario en funci\u00f3n de sus intereses.<br \/>\n3.4. Si el usuario ya no est\u00e1 interesado en recibir correos electr\u00f3nicos informativos y de contenido, debe hacer clic en el enlace \u201cYa no deseo recibir estos correos electr\u00f3nicos\u201d o similar, presente en todos los mensajes enviados, y seguir los pasos para darse de baja de su correo electr\u00f3nico de la base de datos del SITIO FRATERNIDAD &#8211; HUMANITARIA (FFHI).<\/p>\n<p><strong>4. Intercambiando (Compartiendo) informaciones<\/strong><br \/>\n4.1. Considerando el mejor aprovechamiento de los servicios que ofrece el SITIO FRATERNIDAD &#8211; HUMANITARIA (FFHI), es imprescindible que la informaci\u00f3n recopilada sea compartida con empresas asociadas, siendo dicho intercambio inherente a la finalidad misma de las herramientas, software, aplicaciones y servicios de an\u00e1lisis (tales como, por ejemplo, administradores de software, aplicaciones y servidores de bases de datos), responsables del procesamiento y an\u00e1lisis de los datos recopilados.<br \/>\n4.2. Los terceros a los que se refiere el punto<br \/>\n4.1 no est\u00e1n autorizados a utilizar o divulgar la informaci\u00f3n recopilada de los usuarios de cualquier otra forma, actuando siempre de acuerdo con esta Pol\u00edtica de Privacidad y cualesquiera otras medidas de seguridad y confidencialidad adoptadas. 4.3. En caso de motivos legales, el SITIO FRATERNIDAD &#8211; HUMANITARIA (FFHI) podr\u00e1 compartir Informaciones Personales o Informaci\u00f3n de Acceso e Interacci\u00f3n de los usuarios, siendo necesario para cumplir con cualquier legislaci\u00f3n, reglamento, orden judicial o solicitud gubernamental aplicable.<\/p>\n<p><strong>5. Sobre la Protecci\u00f3n de las Informaciones Personales<\/strong><br \/>\n5.1. Toda y cualquier informaci\u00f3n proporcionada por el usuario al SITIO FRATERNIDAD &#8211; HUMANITARIA (FFHI), incluyendo todas las formas posibles de registro e interacci\u00f3n, ser\u00e1n tratadas con sigilo y estar\u00e1n sujetas a medidas de seguridad y confidencialidad, con el objetivo de impedir cualquier uso y divulgaci\u00f3n no autorizados, salvo lo dispuesto en esta Pol\u00edtica de privacidad y en las leyes vigentes de protecci\u00f3n de datos.<br \/>\n5.2. El SITIO FRATERNIDAD &#8211; HUMANITARIA (FFHI), en ning\u00fan caso solicitar\u00e1 v\u00eda correo electr\u00f3nico informaciones relativas a los datos de acceso, por lo que no se hace responsable de las comunicaciones fraudulentas que pudieran producirse con estos fines.<br \/>\n5.3. EL SITIO FRATERNIDAD &#8211; HUMANITARIA (FFHI) resguarda el derecho a almacenar las Informaciones Personales proporcionada por los usuarios de manera definitiva por tiempo indeterminado en su base de datos.<\/p>\n<p><strong>6. Sobre los Derechos y Deberes de los Usuarios<\/strong><br \/>\n6.1. En cualquier momento, el usuario podr\u00e1 solicitar copia de cualquier Informaci\u00f3n Personal que el SITIO FRATERNIDAD &#8211; HUMANITARIA (FFHI) tenga sobre \u00e9l en cualquier instante, as\u00ed como solicitar la correcci\u00f3n o eliminaci\u00f3n de dicha informaci\u00f3n de la base de datos.<\/p>\n<p><strong>7.Aplicaciones y Sitios de Terceros<\/strong><br \/>\n7.1. En varios puntos del sitio web, el usuario podr\u00e1 ser redirigido a sitios web y aplicaciones de terceros, donde podr\u00e1 ser necesario proporcionar informaciones personales a estos sitios web y \/ o aplicaciones. En tales casos, el uso, almacenamiento y protecci\u00f3n de estas informaciones personales ser\u00e1 responsabilidad \u00fanica y exclusiva de los titulares de estos otros sitios y \/ o aplicaciones.<br \/>\n7.2. El SITIO FRATERNIDAD &#8211; HUMANITARIA (FFHI) no tiene conexi\u00f3n con los responsables y propietarios de estos sitios y aplicaciones, por lo que no puede ser responsable de los contenidos y pol\u00edticas de privacidad de terceros.<\/p>\n<p><strong>8. Otras Disposiciones<\/strong><br \/>\n8.1. La responsabilidad con respecto a la seguridad y el entorno de acceso de la computadora, tablet, tel\u00e9fono inteligente y otros recaer\u00e1 \u00edntegramente en el usuario.<br \/>\n8.2. EL SITIO WEB FRATERNIDAD &#8211; HUMANITARIA (FFHI) se compromete a hacer todos los esfuerzos posibles para mantener en \u00f3ptimas condiciones de funcionamiento el sitio web. A\u00fan no es posible garantizar que el sitio web estar\u00e1 al aire en todo momento, considerando que pueden haber problemas externos que impidan el mantenimiento.<br \/>\n8.3. Cualquier duda o solicitud relacionada con esta Pol\u00edtica de Privacidad o sobre los T\u00e9rminos de Uso del sitio web deben enviarse a SITE FRATERNIDAD &#8211; HUMANITARIA (FFHI) a trav\u00e9s del canal de correo electr\u00f3nico: contato@lunetas.com.br.<br \/>\n8.4. El SITIO FRATERNIDAD &#8211; HUMANITARIA (FFHI) garantiza y respeta el derecho de opini\u00f3n y expresi\u00f3n de todos los usuarios que accedan a sus contenidos. No obstante, se vetar\u00e1n los comentarios y spam que tengan un contenido ofensivo, comercial y discriminatorio, as\u00ed como divulgaciones de cualquier naturaleza que no est\u00e9n estrictamente relacionadas con los temas propuestos. Dichas publicaciones ser\u00e1n eliminadas sin previo aviso y sus usuarios prohibidos en caso de que reincidencia de esta pr\u00e1ctica.<\/p>\n<p><strong>9. FORO<\/strong><br \/>\n9.1. Para resolver cualquier duda sobre esta Pol\u00edtica de Privacidad, as\u00ed como al uso y contenido de este sitio web, se establece la aplicaci\u00f3n de las leyes de la Rep\u00fablica Federativa de Brasil, independientemente del pa\u00eds desde donde se acceda a este sitio web. Cualquier disputa o controversia legal que surja de cualquier acto practicado dentro del \u00e1mbito de este sitio web por parte de los usuarios, incluso en relaci\u00f3n con el incumplimiento de los T\u00e9rminos de Uso y la Pol\u00edtica de Privacidad o la violaci\u00f3n de los derechos de terceros, ser\u00e1n procesados en el Distrito de Belo Horizonte \/ MG.<\/p>\n<p>\u00a9 2021 | Todos los derechos de este material est\u00e1n reservados a Fraternidad \u2013 Federaci\u00f3n Humanitaria Internacional (FFHI), de acuerdo con la Ley n\u00ba 9.610 \/ 98.<\/p>\n","protected":false},"excerpt":{"rendered":"<p>1. Informaciones Preliminares 1.1. El sitio web FRATERNIDAD &#8211; HUMANITARIA (FFHI) est\u00e1 disponible para el acceso de navegadores en diferentes [&hellip;]<\/p>\n","protected":false},"author":4,"featured_media":0,"parent":0,"menu_order":0,"comment_status":"closed","ping_status":"closed","template":"","meta":{"footnotes":""},"class_list":["post-123177","page","type-page","status-publish","hentry"],"yoast_head":"<!-- This site is optimized with the Yoast SEO Premium plugin v21.0 (Yoast SEO v21.0) - https:\/\/yoast.com\/wordpress\/plugins\/seo\/ -->\n<title>Pol\u00edticas de Privacidad - Fraternidade - Federa\u00e7\u00e3o Humanit\u00e1ria Internacional<\/title>\n<meta name=\"robots\" content=\"index, follow, max-snippet:-1, max-image-preview:large, max-video-preview:-1\" \/>\n<link rel=\"canonical\" href=\"https:\/\/www.fraterinternacional.org\/es\/politicas-de-privacidad\/\" \/>\n<meta property=\"og:locale\" content=\"es_ES\" \/>\n<meta property=\"og:type\" content=\"article\" \/>\n<meta property=\"og:title\" content=\"Pol\u00edticas de Privacidad\" \/>\n<meta property=\"og:description\" content=\"1. Informaciones Preliminares 1.1. El sitio web FRATERNIDAD &#8211; HUMANITARIA (FFHI) est\u00e1 disponible para el acceso de navegadores en diferentes [&hellip;]\" \/>\n<meta property=\"og:url\" content=\"https:\/\/www.fraterinternacional.org\/es\/politicas-de-privacidad\/\" \/>\n<meta property=\"og:site_name\" content=\"Fraternidade - Federa\u00e7\u00e3o Humanit\u00e1ria Internacional\" \/>\n<meta property=\"article:publisher\" content=\"https:\/\/www.facebook.com\/fraternidadehumanitaria\" \/>\n<meta name=\"twitter:card\" content=\"summary_large_image\" \/>\n<meta name=\"twitter:site\" content=\"@fraternidadeFHI\" \/>\n<meta name=\"twitter:label1\" content=\"Tiempo de lectura\" \/>\n\t<meta name=\"twitter:data1\" content=\"7 minutos\" \/>\n<script type=\"application\/ld+json\" class=\"yoast-schema-graph\">{\"@context\":\"https:\/\/schema.org\",\"@graph\":[{\"@type\":\"WebPage\",\"@id\":\"https:\/\/www.fraterinternacional.org\/es\/politicas-de-privacidad\/\",\"url\":\"https:\/\/www.fraterinternacional.org\/es\/politicas-de-privacidad\/\",\"name\":\"Pol\u00edticas de Privacidad - Fraternidade - Federa\u00e7\u00e3o Humanit\u00e1ria Internacional\",\"isPartOf\":{\"@id\":\"https:\/\/www.fraterinternacional.org\/es\/#website\"},\"datePublished\":\"2021-07-28T15:42:39+00:00\",\"dateModified\":\"2021-07-28T15:42:39+00:00\",\"breadcrumb\":{\"@id\":\"https:\/\/www.fraterinternacional.org\/es\/politicas-de-privacidad\/#breadcrumb\"},\"inLanguage\":\"es\",\"potentialAction\":[{\"@type\":\"ReadAction\",\"target\":[\"https:\/\/www.fraterinternacional.org\/es\/politicas-de-privacidad\/\"]}]},{\"@type\":\"BreadcrumbList\",\"@id\":\"https:\/\/www.fraterinternacional.org\/es\/politicas-de-privacidad\/#breadcrumb\",\"itemListElement\":[{\"@type\":\"ListItem\",\"position\":1,\"name\":\"In\u00edcio\",\"item\":\"https:\/\/www.fraterinternacional.org\/es\/\"},{\"@type\":\"ListItem\",\"position\":2,\"name\":\"Pol\u00edticas de Privacidad\"}]},{\"@type\":\"WebSite\",\"@id\":\"https:\/\/www.fraterinternacional.org\/es\/#website\",\"url\":\"https:\/\/www.fraterinternacional.org\/es\/\",\"name\":\"Fraternidade - Federa\u00e7\u00e3o Humanit\u00e1ria Internacional\",\"description\":\"Fraternidade - Federa\u00e7\u00e3o Humanit\u00e1ria Internacional\",\"potentialAction\":[{\"@type\":\"SearchAction\",\"target\":{\"@type\":\"EntryPoint\",\"urlTemplate\":\"https:\/\/www.fraterinternacional.org\/es\/?s={search_term_string}\"},\"query-input\":\"required name=search_term_string\"}],\"inLanguage\":\"es\"}]}<\/script>\n<!-- \/ Yoast SEO Premium plugin. -->","yoast_head_json":{"title":"Pol\u00edticas de Privacidad - Fraternidade - Federa\u00e7\u00e3o Humanit\u00e1ria Internacional","robots":{"index":"index","follow":"follow","max-snippet":"max-snippet:-1","max-image-preview":"max-image-preview:large","max-video-preview":"max-video-preview:-1"},"canonical":"https:\/\/www.fraterinternacional.org\/es\/politicas-de-privacidad\/","og_locale":"es_ES","og_type":"article","og_title":"Pol\u00edticas de Privacidad","og_description":"1. Informaciones Preliminares 1.1. El sitio web FRATERNIDAD &#8211; HUMANITARIA (FFHI) est\u00e1 disponible para el acceso de navegadores en diferentes [&hellip;]","og_url":"https:\/\/www.fraterinternacional.org\/es\/politicas-de-privacidad\/","og_site_name":"Fraternidade - Federa\u00e7\u00e3o Humanit\u00e1ria Internacional","article_publisher":"https:\/\/www.facebook.com\/fraternidadehumanitaria","twitter_card":"summary_large_image","twitter_site":"@fraternidadeFHI","twitter_misc":{"Tiempo de lectura":"7 minutos"},"schema":{"@context":"https:\/\/schema.org","@graph":[{"@type":"WebPage","@id":"https:\/\/www.fraterinternacional.org\/es\/politicas-de-privacidad\/","url":"https:\/\/www.fraterinternacional.org\/es\/politicas-de-privacidad\/","name":"Pol\u00edticas de Privacidad - Fraternidade - Federa\u00e7\u00e3o Humanit\u00e1ria Internacional","isPartOf":{"@id":"https:\/\/www.fraterinternacional.org\/es\/#website"},"datePublished":"2021-07-28T15:42:39+00:00","dateModified":"2021-07-28T15:42:39+00:00","breadcrumb":{"@id":"https:\/\/www.fraterinternacional.org\/es\/politicas-de-privacidad\/#breadcrumb"},"inLanguage":"es","potentialAction":[{"@type":"ReadAction","target":["https:\/\/www.fraterinternacional.org\/es\/politicas-de-privacidad\/"]}]},{"@type":"BreadcrumbList","@id":"https:\/\/www.fraterinternacional.org\/es\/politicas-de-privacidad\/#breadcrumb","itemListElement":[{"@type":"ListItem","position":1,"name":"In\u00edcio","item":"https:\/\/www.fraterinternacional.org\/es\/"},{"@type":"ListItem","position":2,"name":"Pol\u00edticas de Privacidad"}]},{"@type":"WebSite","@id":"https:\/\/www.fraterinternacional.org\/es\/#website","url":"https:\/\/www.fraterinternacional.org\/es\/","name":"Fraternidade - Federa\u00e7\u00e3o Humanit\u00e1ria Internacional","description":"Fraternidade - Federa\u00e7\u00e3o Humanit\u00e1ria Internacional","potentialAction":[{"@type":"SearchAction","target":{"@type":"EntryPoint","urlTemplate":"https:\/\/www.fraterinternacional.org\/es\/?s={search_term_string}"},"query-input":"required name=search_term_string"}],"inLanguage":"es"}]}},"_links":{"self":[{"href":"https:\/\/www.fraterinternacional.org\/es\/wp-json\/wp\/v2\/pages\/123177"}],"collection":[{"href":"https:\/\/www.fraterinternacional.org\/es\/wp-json\/wp\/v2\/pages"}],"about":[{"href":"https:\/\/www.fraterinternacional.org\/es\/wp-json\/wp\/v2\/types\/page"}],"author":[{"embeddable":true,"href":"https:\/\/www.fraterinternacional.org\/es\/wp-json\/wp\/v2\/users\/4"}],"replies":[{"embeddable":true,"href":"https:\/\/www.fraterinternacional.org\/es\/wp-json\/wp\/v2\/comments?post=123177"}],"version-history":[{"count":0,"href":"https:\/\/www.fraterinternacional.org\/es\/wp-json\/wp\/v2\/pages\/123177\/revisions"}],"wp:attachment":[{"href":"https:\/\/www.fraterinternacional.org\/es\/wp-json\/wp\/v2\/media?parent=123177"}],"curies":[{"name":"wp","href":"https:\/\/api.w.org\/{rel}","templated":true}]}}