{"id":123040,"date":"2021-07-01T15:39:43","date_gmt":"2021-07-01T18:39:43","guid":{"rendered":"https:\/\/www.fraterinternacional.org\/?page_id=123040"},"modified":"2021-07-01T15:39:43","modified_gmt":"2021-07-01T18:39:43","slug":"politicas-de-uso-legitimo-fair-use-de-contenidos","status":"publish","type":"page","link":"https:\/\/www.fraterinternacional.org\/es\/politicas-de-uso-legitimo-fair-use-de-contenidos\/","title":{"rendered":"Pol\u00edticas de uso leg\u00edtimo (fair use) de contenidos"},"content":{"rendered":"<p>Todos los videos, im\u00e1genes, textos y cualquier otro material disponible en los medios electr\u00f3nicos o f\u00edsicos de la <a href=\"https:\/\/www.fraterinternacional.org\/\">FRATERNIDAD &#8211; FEDERACI\u00d3N HUMANITARIA INTERNACIONAL (FFHI)<\/a> y la <a href=\"https:\/\/www.missoeshumanitarias.org\/es\/\" target=\"_blank\" rel=\"noopener\">FRATERNIDAD &#8211; MISIONES HUMANITARIAS INTERNACIONALES (FMHI)<\/a> as\u00ed como sus respectivos canales en YouTube y otras Redes Sociales son de propiedad exclusivas de las mismas y cualquier uso est\u00e1n expresamente prohibidos, excepto de conformidad expresa con este t\u00e9rmino, bajo pena de las medidas legales aplicables.<\/p>\n<p>Los contenidos solo podr\u00e1n ser publicados en su totalidad y con referencia expresa a las p\u00e1ginas y perfiles de las entidades mencionadas, haciendo referencia expresa al enlace o texto donde se encuentren. Ninguno de los videos, im\u00e1genes, textos o cualquier otro material disponible puede usarse con fines comerciales.<\/p>\n<p>Se permite el uso de videos, im\u00e1genes, textos o cualquier otro material con un fin no comercial, y su uso justo debe cumplir necesariamente con los siguientes requisitos:<\/p>\n<p>I.\u00a0 No puede incluir ning\u00fan tipo de publicidad, antes, durante o despu\u00e9s del contenido;<\/p>\n<p>II. No pueden incluir banners publicitarios;<\/p>\n<p>III. No pueden utilizarse con fines comerciales;<\/p>\n<p>IV. No se puede utilizar sin una referencia expresa de la fuente;<\/p>\n<p>V. El contenido no puede ser alterado de ninguna manera, ya sea imagen, video o m\u00fasica, texto o cualquier otro, ni siquiera parcialmente exhibido, fusionado, editado o cualquier otra forma de caracterizaci\u00f3n err\u00f3nea del prop\u00f3sito inicial;<\/p>\n<p>VI. No pueden utilizarse con fines vejatorios, insultantes, cr\u00edticos o vinculantes con una imagen negativa de cualquier persona f\u00edsica o jur\u00eddica, grupo de personas, asociaciones, cooperativas, gubernamentales, etc.;<\/p>\n<p>VII. Deben cumplir con todas las leyes y regulaciones aplicables, incluyendo garantizar que proporcionar\u00e1n todos los avisos legales necesarios a las personas que los usan o ven.<\/p>\n<p>La FRATERNIDAD &#8211; FEDERACI\u00d3N HUMANITARIA INTERNACIONAL (FFHI) y la FRATERNIDAD &#8211; MISIONES HUMANITARIAS INTERNACIONALES (FMHI), no se responsabilizan del mal uso de dichos contenidos, sea en cumplimiento o no de esta pol\u00edtica. Ninguna v\u00ednculaci\u00f3n de estos reflejar\u00e1 necesariamente la opini\u00f3n o visi\u00f3n de la FRATERNIDAD &#8211; FEDERACI\u00d3N HUMANITARIA INTERNACIONAL (FFHI) y de la FRATERNIDAD &#8211; MISIONES HUMANITARIAS INTERNACIONALES (FMHI).<\/p>\n<p>Se deben observar todas las pol\u00edticas aqu\u00ed descritas, y la decisi\u00f3n de utilizar cualquier aspecto del contenido presentado implicar\u00e1 autom\u00e1ticamente la aceptaci\u00f3n de estos t\u00e9rminos.<\/p>\n<p>Para m\u00e1s informaci\u00f3n sobre los contenidos, usos y ejemplos relacionados con nuestras pol\u00edticas, o cualquier autorizaci\u00f3n excepcional de uso fuera del alcance de estas, env\u00ede un correo electr\u00f3nico a secretaria@fraterinternacional.org.<\/p>\n<p>Contenido con licencia deCreative Commons Atribui\u00e7\u00e3o-N\u00e3oComercial-SemDeriva\u00e7\u00f5es 4.0 Internacional (CC BY-NC-ND 4.0)<\/p>\n","protected":false},"excerpt":{"rendered":"<p>Todos los videos, im\u00e1genes, textos y cualquier otro material disponible en los medios electr\u00f3nicos o f\u00edsicos de la FRATERNIDAD &#8211; [&hellip;]<\/p>\n","protected":false},"author":4,"featured_media":0,"parent":0,"menu_order":0,"comment_status":"closed","ping_status":"closed","template":"","meta":{"footnotes":""},"class_list":["post-123040","page","type-page","status-publish","hentry"],"yoast_head":"<!-- This site is optimized with the Yoast SEO Premium plugin v21.0 (Yoast SEO v21.0) - https:\/\/yoast.com\/wordpress\/plugins\/seo\/ -->\n<title>Pol\u00edticas de uso leg\u00edtimo (fair use) de contenidos - Fraternidade - Federa\u00e7\u00e3o Humanit\u00e1ria Internacional<\/title>\n<meta name=\"robots\" content=\"index, follow, max-snippet:-1, max-image-preview:large, max-video-preview:-1\" \/>\n<link rel=\"canonical\" href=\"https:\/\/www.fraterinternacional.org\/es\/politicas-de-uso-legitimo-fair-use-de-contenidos\/\" \/>\n<meta property=\"og:locale\" content=\"es_ES\" \/>\n<meta property=\"og:type\" content=\"article\" \/>\n<meta property=\"og:title\" content=\"Pol\u00edticas de uso leg\u00edtimo (fair use) de contenidos\" \/>\n<meta property=\"og:description\" content=\"Todos los videos, im\u00e1genes, textos y cualquier otro material disponible en los medios electr\u00f3nicos o f\u00edsicos de la FRATERNIDAD &#8211; [&hellip;]\" \/>\n<meta property=\"og:url\" content=\"https:\/\/www.fraterinternacional.org\/es\/politicas-de-uso-legitimo-fair-use-de-contenidos\/\" \/>\n<meta property=\"og:site_name\" content=\"Fraternidade - Federa\u00e7\u00e3o Humanit\u00e1ria Internacional\" \/>\n<meta property=\"article:publisher\" content=\"https:\/\/www.facebook.com\/fraternidadehumanitaria\" \/>\n<meta name=\"twitter:card\" content=\"summary_large_image\" \/>\n<meta name=\"twitter:site\" content=\"@fraternidadeFHI\" \/>\n<meta name=\"twitter:label1\" content=\"Tiempo de lectura\" \/>\n\t<meta name=\"twitter:data1\" content=\"2 minutos\" \/>\n<script type=\"application\/ld+json\" class=\"yoast-schema-graph\">{\"@context\":\"https:\/\/schema.org\",\"@graph\":[{\"@type\":\"WebPage\",\"@id\":\"https:\/\/www.fraterinternacional.org\/es\/politicas-de-uso-legitimo-fair-use-de-contenidos\/\",\"url\":\"https:\/\/www.fraterinternacional.org\/es\/politicas-de-uso-legitimo-fair-use-de-contenidos\/\",\"name\":\"Pol\u00edticas de uso leg\u00edtimo (fair use) de contenidos - Fraternidade - Federa\u00e7\u00e3o Humanit\u00e1ria Internacional\",\"isPartOf\":{\"@id\":\"https:\/\/www.fraterinternacional.org\/es\/#website\"},\"datePublished\":\"2021-07-01T18:39:43+00:00\",\"dateModified\":\"2021-07-01T18:39:43+00:00\",\"breadcrumb\":{\"@id\":\"https:\/\/www.fraterinternacional.org\/es\/politicas-de-uso-legitimo-fair-use-de-contenidos\/#breadcrumb\"},\"inLanguage\":\"es\",\"potentialAction\":[{\"@type\":\"ReadAction\",\"target\":[\"https:\/\/www.fraterinternacional.org\/es\/politicas-de-uso-legitimo-fair-use-de-contenidos\/\"]}]},{\"@type\":\"BreadcrumbList\",\"@id\":\"https:\/\/www.fraterinternacional.org\/es\/politicas-de-uso-legitimo-fair-use-de-contenidos\/#breadcrumb\",\"itemListElement\":[{\"@type\":\"ListItem\",\"position\":1,\"name\":\"In\u00edcio\",\"item\":\"https:\/\/www.fraterinternacional.org\/es\/\"},{\"@type\":\"ListItem\",\"position\":2,\"name\":\"Pol\u00edticas de uso leg\u00edtimo (fair use) de contenidos\"}]},{\"@type\":\"WebSite\",\"@id\":\"https:\/\/www.fraterinternacional.org\/es\/#website\",\"url\":\"https:\/\/www.fraterinternacional.org\/es\/\",\"name\":\"Fraternidade - Federa\u00e7\u00e3o Humanit\u00e1ria Internacional\",\"description\":\"Fraternidade - Federa\u00e7\u00e3o Humanit\u00e1ria Internacional\",\"potentialAction\":[{\"@type\":\"SearchAction\",\"target\":{\"@type\":\"EntryPoint\",\"urlTemplate\":\"https:\/\/www.fraterinternacional.org\/es\/?s={search_term_string}\"},\"query-input\":\"required name=search_term_string\"}],\"inLanguage\":\"es\"}]}<\/script>\n<!-- \/ Yoast SEO Premium plugin. -->","yoast_head_json":{"title":"Pol\u00edticas de uso leg\u00edtimo (fair use) de contenidos - Fraternidade - Federa\u00e7\u00e3o Humanit\u00e1ria Internacional","robots":{"index":"index","follow":"follow","max-snippet":"max-snippet:-1","max-image-preview":"max-image-preview:large","max-video-preview":"max-video-preview:-1"},"canonical":"https:\/\/www.fraterinternacional.org\/es\/politicas-de-uso-legitimo-fair-use-de-contenidos\/","og_locale":"es_ES","og_type":"article","og_title":"Pol\u00edticas de uso leg\u00edtimo (fair use) de contenidos","og_description":"Todos los videos, im\u00e1genes, textos y cualquier otro material disponible en los medios electr\u00f3nicos o f\u00edsicos de la FRATERNIDAD &#8211; [&hellip;]","og_url":"https:\/\/www.fraterinternacional.org\/es\/politicas-de-uso-legitimo-fair-use-de-contenidos\/","og_site_name":"Fraternidade - Federa\u00e7\u00e3o Humanit\u00e1ria Internacional","article_publisher":"https:\/\/www.facebook.com\/fraternidadehumanitaria","twitter_card":"summary_large_image","twitter_site":"@fraternidadeFHI","twitter_misc":{"Tiempo de lectura":"2 minutos"},"schema":{"@context":"https:\/\/schema.org","@graph":[{"@type":"WebPage","@id":"https:\/\/www.fraterinternacional.org\/es\/politicas-de-uso-legitimo-fair-use-de-contenidos\/","url":"https:\/\/www.fraterinternacional.org\/es\/politicas-de-uso-legitimo-fair-use-de-contenidos\/","name":"Pol\u00edticas de uso leg\u00edtimo (fair use) de contenidos - Fraternidade - Federa\u00e7\u00e3o Humanit\u00e1ria Internacional","isPartOf":{"@id":"https:\/\/www.fraterinternacional.org\/es\/#website"},"datePublished":"2021-07-01T18:39:43+00:00","dateModified":"2021-07-01T18:39:43+00:00","breadcrumb":{"@id":"https:\/\/www.fraterinternacional.org\/es\/politicas-de-uso-legitimo-fair-use-de-contenidos\/#breadcrumb"},"inLanguage":"es","potentialAction":[{"@type":"ReadAction","target":["https:\/\/www.fraterinternacional.org\/es\/politicas-de-uso-legitimo-fair-use-de-contenidos\/"]}]},{"@type":"BreadcrumbList","@id":"https:\/\/www.fraterinternacional.org\/es\/politicas-de-uso-legitimo-fair-use-de-contenidos\/#breadcrumb","itemListElement":[{"@type":"ListItem","position":1,"name":"In\u00edcio","item":"https:\/\/www.fraterinternacional.org\/es\/"},{"@type":"ListItem","position":2,"name":"Pol\u00edticas de uso leg\u00edtimo (fair use) de contenidos"}]},{"@type":"WebSite","@id":"https:\/\/www.fraterinternacional.org\/es\/#website","url":"https:\/\/www.fraterinternacional.org\/es\/","name":"Fraternidade - Federa\u00e7\u00e3o Humanit\u00e1ria Internacional","description":"Fraternidade - Federa\u00e7\u00e3o Humanit\u00e1ria Internacional","potentialAction":[{"@type":"SearchAction","target":{"@type":"EntryPoint","urlTemplate":"https:\/\/www.fraterinternacional.org\/es\/?s={search_term_string}"},"query-input":"required name=search_term_string"}],"inLanguage":"es"}]}},"_links":{"self":[{"href":"https:\/\/www.fraterinternacional.org\/es\/wp-json\/wp\/v2\/pages\/123040"}],"collection":[{"href":"https:\/\/www.fraterinternacional.org\/es\/wp-json\/wp\/v2\/pages"}],"about":[{"href":"https:\/\/www.fraterinternacional.org\/es\/wp-json\/wp\/v2\/types\/page"}],"author":[{"embeddable":true,"href":"https:\/\/www.fraterinternacional.org\/es\/wp-json\/wp\/v2\/users\/4"}],"replies":[{"embeddable":true,"href":"https:\/\/www.fraterinternacional.org\/es\/wp-json\/wp\/v2\/comments?post=123040"}],"version-history":[{"count":0,"href":"https:\/\/www.fraterinternacional.org\/es\/wp-json\/wp\/v2\/pages\/123040\/revisions"}],"wp:attachment":[{"href":"https:\/\/www.fraterinternacional.org\/es\/wp-json\/wp\/v2\/media?parent=123040"}],"curies":[{"name":"wp","href":"https:\/\/api.w.org\/{rel}","templated":true}]}}