{"id":122096,"date":"2021-06-07T17:26:23","date_gmt":"2021-06-07T20:26:23","guid":{"rendered":"https:\/\/www.fraterinternacional.org\/?page_id=122096"},"modified":"2021-06-24T10:59:22","modified_gmt":"2021-06-24T13:59:22","slug":"asociaciones-religiosas","status":"publish","type":"page","link":"https:\/\/www.fraterinternacional.org\/es\/asociaciones-religiosas\/","title":{"rendered":"Asociaciones religiosas"},"content":{"rendered":"<p><span style=\"font-weight: 400;\">La b\u00fasqueda de la evoluci\u00f3n espiritual, la experiencia ecum\u00e9nica de los principios del Amor Universal, el caminar hacia una vida de servicio grupal evolutiva y la aspiraci\u00f3n a sacralizar la vida son los fundamentos del trabajo de la <a href=\"https:\/\/www.mensajerosdivinos.org\/es\/la-orden-gracia-misericordia\" target=\"_blank\" rel=\"noopener\">Orden Gracia Misericordia<\/a>, de sus monasterios y de la <a href=\"https:\/\/www.mensajerosdivinos.org\/es\/asociacion-maria\" target=\"_blank\" rel=\"noopener\">Asociaci\u00f3n Mar\u00eda<\/a>. La religiosidad que impregna el trabajo formal de estas asociaciones naci\u00f3 del impulso de manifestar una vida totalmente consagrada a los principios Cr\u00edsticos de Amor Universal.<\/span><\/p>\n<div class=\"fusion-content-boxes content-boxes columns row fusion-columns-4 fusion-columns-total-4 fusion-content-boxes-1 content-boxes-icon-with-title content-left\" style=\"--awb-hover-accent-color:#9e7f2b;--awb-circle-hover-accent-color:#9e7f2b;\" data-animationOffset=\"top-into-view\"><div style=\"--awb-backgroundcolor:rgba(255,255,255,0);\" class=\"fusion-column content-box-column content-box-column content-box-column-1 col-lg-3 col-md-3 col-sm-3 fusion-content-box-hover content-box-column-first-in-row\"><div class=\"col content-box-wrapper content-wrapper link-area-link-icon icon-hover-animation-fade\" data-animationOffset=\"top-into-view\"><div class=\"fusion-clearfix\"><\/div><div class=\"content-container\"><\/p>\n<p style=\"text-align: center;\"><a href=\"https:\/\/www.mensajerosdivinos.org\/es\/asociacion-maria\"><img decoding=\"async\" class=\"alignnone size-thumbnail wp-image-121878\" src=\"https:\/\/www.fraterinternacional.org\/wp-content\/uploads\/2021\/06\/logo-AM01-150x150.png\" alt=\"Associa\u00e7\u00e3o Maria\" width=\"150\" height=\"150\" \/><\/a><\/p>\n<p style=\"text-align: center;\"><a href=\"https:\/\/www.mensajerosdivinos.org\/es\/asociacion-maria\" target=\"_blank\" rel=\"noopener\"><strong>Asociaci\u00f3n Mar\u00eda Madre de la Divina Concepci\u00f3n<\/strong><\/a><\/p>\n<h5 style=\"text-align: center;\">Minas Gerais, Brasil<\/h5>\n<p><\/div><\/div><\/div><div style=\"--awb-backgroundcolor:rgba(255,255,255,0);\" class=\"fusion-column content-box-column content-box-column content-box-column-2 col-lg-3 col-md-3 col-sm-3 fusion-content-box-hover \"><div class=\"col content-box-wrapper content-wrapper link-area-link-icon icon-hover-animation-fade\" data-animationOffset=\"top-into-view\"><div class=\"fusion-clearfix\"><\/div><div class=\"content-container\"><\/p>\n<p style=\"text-align: center;\"><a href=\"https:\/\/www.mensajerosdivinos.org\/es\/la-orden-gracia-misericordia\"><img decoding=\"async\" class=\"alignnone size-thumbnail wp-image-121881\" src=\"https:\/\/www.fraterinternacional.org\/wp-content\/uploads\/2021\/06\/logo-OGM01-150x150.png\" alt=\"Ordem Gra\u00e7a Miseric\u00f3rdia\" width=\"150\" height=\"150\" \/><\/a><\/p>\n<p style=\"text-align: center;\"><strong><a href=\"https:\/\/www.mensajerosdivinos.org\/es\/la-orden-gracia-misericordia\" target=\"_blank\" rel=\"noopener\">Orden Gracia Misericordia<\/a><\/strong><\/p>\n<h5 style=\"text-align: center;\">Minas Gerais, Brasil<\/h5>\n<p><\/div><\/div><\/div><div style=\"--awb-backgroundcolor:rgba(255,255,255,0);\" class=\"fusion-column content-box-column content-box-column content-box-column-3 col-lg-3 col-md-3 col-sm-3 fusion-content-box-hover \"><div class=\"col content-box-wrapper content-wrapper link-area-link-icon icon-hover-animation-fade\" data-animationOffset=\"top-into-view\"><div class=\"fusion-clearfix\"><\/div><div class=\"content-container\"><\/p>\n<p style=\"text-align: center;\"><a href=\"https:\/\/www.mensajerosdivinos.org\/es\/la-orden-gracia-misericordia\" target=\"_blank\" rel=\"noopener\"><img decoding=\"async\" class=\"alignnone wp-image-121881 size-thumbnail\" src=\"https:\/\/www.fraterinternacional.org\/wp-content\/uploads\/2021\/06\/logo-OGM01-150x150.png\" alt=\"Orden Gracia Misericordia\" width=\"150\" height=\"150\" \/><\/a><\/p>\n<p style=\"text-align: center;\"><strong><a href=\"https:\/\/www.mensajerosdivinos.org\/es\/la-orden-gracia-misericordia\" target=\"_blank\" rel=\"noopener\">Orden Gracia Misericordia<\/a><\/strong><\/p>\n<h5 style=\"text-align: center;\">F\u00e1tima, Portugal<\/h5>\n<p><\/div><\/div><\/div><div style=\"--awb-backgroundcolor:rgba(255,255,255,0);\" class=\"fusion-column content-box-column content-box-column content-box-column-4 col-lg-3 col-md-3 col-sm-3 fusion-content-box-hover content-box-column-last content-box-column-last-in-row\"><div class=\"col content-box-wrapper content-wrapper link-area-link-icon icon-hover-animation-fade\" data-animationOffset=\"top-into-view\"><div class=\"fusion-clearfix\"><\/div><div class=\"content-container\"><\/p>\n<p style=\"text-align: center;\"><a href=\"https:\/\/www.mensajerosdivinos.org\/en\/grace-mercy-order\"><img decoding=\"async\" class=\"alignnone size-thumbnail wp-image-121881\" src=\"https:\/\/www.fraterinternacional.org\/wp-content\/uploads\/2021\/06\/logo-OGM01-150x150.png\" alt=\"Ordem Gra\u00e7a Miseric\u00f3rdia\" width=\"150\" height=\"150\" \/><\/a><\/p>\n<p style=\"text-align: center;\"><strong><a href=\"https:\/\/www.mensajerosdivinos.org\/en\/grace-mercy-order\" target=\"_blank\" rel=\"noopener\">Grace Mercy Order Community <\/a><\/strong><\/p>\n<h5 style=\"text-align: center;\">Calif\u00f3rnia, USA<\/h5>\n<p><\/div><\/div><\/div><div class=\"fusion-clearfix\"><\/div><\/div>\n<h3 style=\"text-align: center;\">CENTROS MARIANOS<\/h3>\n<p>Los Centros Marianos, integrados a las <a href=\"https:\/\/www.fraterinternacional.org\/es\/comunidades-luz\/\">Comunidades-Luz<\/a>, son santuarios ecum\u00e9nicos que atraen a peregrinos de diferentes regiones de Brasil y otros pa\u00edses para expresar toda su devoci\u00f3n a Mar\u00eda Sant\u00edsima. Liturgias y vigilias permanentes son la t\u00f3nica del trabajo que, sumado a las actividades pr\u00e1cticas positivas, constituyen un hilo conductor al Plan Celestial, que inspira esta obra.<\/p>\n<p><a href=\"https:\/\/www.mensajerosdivinos.org\/es\/centros-marianos-de-oracion\" target=\"_blank\" rel=\"noopener noreferrer\"><strong>Para conocer los Centros Marianos haga clic aqu\u00ed<\/strong><\/a><\/p>\n<div class=\"fusion-aligncenter\"><a class=\"fusion-button button-flat fusion-button-default-size button-default fusion-button-default button-1 fusion-button-default-span fusion-button-default-type\" target=\"_blank\" rel=\"noopener noreferrer\" href=\"https:\/\/www.fraterinternacional.org\/es\/preguntas-frecuentes-ogm\/\"><span class=\"fusion-button-text\">Preguntas Frecuentes<\/span><\/a><\/div>\n","protected":false},"excerpt":{"rendered":"<p>La b\u00fasqueda de la evoluci\u00f3n espiritual, la experiencia ecum\u00e9nica de los principios del Amor Universal, el caminar hacia una vida [&hellip;]<\/p>\n","protected":false},"author":4,"featured_media":0,"parent":0,"menu_order":0,"comment_status":"closed","ping_status":"closed","template":"","meta":{"footnotes":""},"class_list":["post-122096","page","type-page","status-publish","hentry"],"yoast_head":"<!-- This site is optimized with the Yoast SEO Premium plugin v21.0 (Yoast SEO v21.0) - https:\/\/yoast.com\/wordpress\/plugins\/seo\/ -->\n<title>Asociaciones religiosas - Fraternidade - Federa\u00e7\u00e3o Humanit\u00e1ria Internacional<\/title>\n<meta name=\"robots\" content=\"index, follow, max-snippet:-1, max-image-preview:large, max-video-preview:-1\" \/>\n<link rel=\"canonical\" href=\"https:\/\/www.fraterinternacional.org\/es\/asociaciones-religiosas\/\" \/>\n<meta property=\"og:locale\" content=\"es_ES\" \/>\n<meta property=\"og:type\" content=\"article\" \/>\n<meta property=\"og:title\" content=\"Asociaciones religiosas\" \/>\n<meta property=\"og:description\" content=\"La b\u00fasqueda de la evoluci\u00f3n espiritual, la experiencia ecum\u00e9nica de los principios del Amor Universal, el caminar hacia una vida [&hellip;]\" \/>\n<meta property=\"og:url\" content=\"https:\/\/www.fraterinternacional.org\/es\/asociaciones-religiosas\/\" \/>\n<meta property=\"og:site_name\" content=\"Fraternidade - Federa\u00e7\u00e3o Humanit\u00e1ria Internacional\" \/>\n<meta property=\"article:publisher\" content=\"https:\/\/www.facebook.com\/fraternidadehumanitaria\" \/>\n<meta property=\"article:modified_time\" content=\"2021-06-24T13:59:22+00:00\" \/>\n<meta property=\"og:image\" content=\"https:\/\/www.fraterinternacional.org\/wp-content\/uploads\/2021\/06\/logo-AM01-150x150.png\" \/>\n<meta name=\"twitter:card\" content=\"summary_large_image\" \/>\n<meta name=\"twitter:site\" content=\"@fraternidadeFHI\" \/>\n<meta name=\"twitter:label1\" content=\"Tiempo de lectura\" \/>\n\t<meta name=\"twitter:data1\" content=\"3 minutos\" \/>\n<script type=\"application\/ld+json\" class=\"yoast-schema-graph\">{\"@context\":\"https:\/\/schema.org\",\"@graph\":[{\"@type\":\"WebPage\",\"@id\":\"https:\/\/www.fraterinternacional.org\/es\/asociaciones-religiosas\/\",\"url\":\"https:\/\/www.fraterinternacional.org\/es\/asociaciones-religiosas\/\",\"name\":\"Asociaciones religiosas - Fraternidade - Federa\u00e7\u00e3o Humanit\u00e1ria Internacional\",\"isPartOf\":{\"@id\":\"https:\/\/www.fraterinternacional.org\/es\/#website\"},\"datePublished\":\"2021-06-07T20:26:23+00:00\",\"dateModified\":\"2021-06-24T13:59:22+00:00\",\"breadcrumb\":{\"@id\":\"https:\/\/www.fraterinternacional.org\/es\/asociaciones-religiosas\/#breadcrumb\"},\"inLanguage\":\"es\",\"potentialAction\":[{\"@type\":\"ReadAction\",\"target\":[\"https:\/\/www.fraterinternacional.org\/es\/asociaciones-religiosas\/\"]}]},{\"@type\":\"BreadcrumbList\",\"@id\":\"https:\/\/www.fraterinternacional.org\/es\/asociaciones-religiosas\/#breadcrumb\",\"itemListElement\":[{\"@type\":\"ListItem\",\"position\":1,\"name\":\"In\u00edcio\",\"item\":\"https:\/\/www.fraterinternacional.org\/es\/\"},{\"@type\":\"ListItem\",\"position\":2,\"name\":\"Asociaciones religiosas\"}]},{\"@type\":\"WebSite\",\"@id\":\"https:\/\/www.fraterinternacional.org\/es\/#website\",\"url\":\"https:\/\/www.fraterinternacional.org\/es\/\",\"name\":\"Fraternidade - Federa\u00e7\u00e3o Humanit\u00e1ria Internacional\",\"description\":\"Fraternidade - Federa\u00e7\u00e3o Humanit\u00e1ria Internacional\",\"potentialAction\":[{\"@type\":\"SearchAction\",\"target\":{\"@type\":\"EntryPoint\",\"urlTemplate\":\"https:\/\/www.fraterinternacional.org\/es\/?s={search_term_string}\"},\"query-input\":\"required name=search_term_string\"}],\"inLanguage\":\"es\"}]}<\/script>\n<!-- \/ Yoast SEO Premium plugin. -->","yoast_head_json":{"title":"Asociaciones religiosas - Fraternidade - Federa\u00e7\u00e3o Humanit\u00e1ria Internacional","robots":{"index":"index","follow":"follow","max-snippet":"max-snippet:-1","max-image-preview":"max-image-preview:large","max-video-preview":"max-video-preview:-1"},"canonical":"https:\/\/www.fraterinternacional.org\/es\/asociaciones-religiosas\/","og_locale":"es_ES","og_type":"article","og_title":"Asociaciones religiosas","og_description":"La b\u00fasqueda de la evoluci\u00f3n espiritual, la experiencia ecum\u00e9nica de los principios del Amor Universal, el caminar hacia una vida [&hellip;]","og_url":"https:\/\/www.fraterinternacional.org\/es\/asociaciones-religiosas\/","og_site_name":"Fraternidade - Federa\u00e7\u00e3o Humanit\u00e1ria Internacional","article_publisher":"https:\/\/www.facebook.com\/fraternidadehumanitaria","article_modified_time":"2021-06-24T13:59:22+00:00","og_image":[{"url":"https:\/\/www.fraterinternacional.org\/wp-content\/uploads\/2021\/06\/logo-AM01-150x150.png"}],"twitter_card":"summary_large_image","twitter_site":"@fraternidadeFHI","twitter_misc":{"Tiempo de lectura":"3 minutos"},"schema":{"@context":"https:\/\/schema.org","@graph":[{"@type":"WebPage","@id":"https:\/\/www.fraterinternacional.org\/es\/asociaciones-religiosas\/","url":"https:\/\/www.fraterinternacional.org\/es\/asociaciones-religiosas\/","name":"Asociaciones religiosas - Fraternidade - Federa\u00e7\u00e3o Humanit\u00e1ria Internacional","isPartOf":{"@id":"https:\/\/www.fraterinternacional.org\/es\/#website"},"datePublished":"2021-06-07T20:26:23+00:00","dateModified":"2021-06-24T13:59:22+00:00","breadcrumb":{"@id":"https:\/\/www.fraterinternacional.org\/es\/asociaciones-religiosas\/#breadcrumb"},"inLanguage":"es","potentialAction":[{"@type":"ReadAction","target":["https:\/\/www.fraterinternacional.org\/es\/asociaciones-religiosas\/"]}]},{"@type":"BreadcrumbList","@id":"https:\/\/www.fraterinternacional.org\/es\/asociaciones-religiosas\/#breadcrumb","itemListElement":[{"@type":"ListItem","position":1,"name":"In\u00edcio","item":"https:\/\/www.fraterinternacional.org\/es\/"},{"@type":"ListItem","position":2,"name":"Asociaciones religiosas"}]},{"@type":"WebSite","@id":"https:\/\/www.fraterinternacional.org\/es\/#website","url":"https:\/\/www.fraterinternacional.org\/es\/","name":"Fraternidade - Federa\u00e7\u00e3o Humanit\u00e1ria Internacional","description":"Fraternidade - Federa\u00e7\u00e3o Humanit\u00e1ria Internacional","potentialAction":[{"@type":"SearchAction","target":{"@type":"EntryPoint","urlTemplate":"https:\/\/www.fraterinternacional.org\/es\/?s={search_term_string}"},"query-input":"required name=search_term_string"}],"inLanguage":"es"}]}},"_links":{"self":[{"href":"https:\/\/www.fraterinternacional.org\/es\/wp-json\/wp\/v2\/pages\/122096"}],"collection":[{"href":"https:\/\/www.fraterinternacional.org\/es\/wp-json\/wp\/v2\/pages"}],"about":[{"href":"https:\/\/www.fraterinternacional.org\/es\/wp-json\/wp\/v2\/types\/page"}],"author":[{"embeddable":true,"href":"https:\/\/www.fraterinternacional.org\/es\/wp-json\/wp\/v2\/users\/4"}],"replies":[{"embeddable":true,"href":"https:\/\/www.fraterinternacional.org\/es\/wp-json\/wp\/v2\/comments?post=122096"}],"version-history":[{"count":0,"href":"https:\/\/www.fraterinternacional.org\/es\/wp-json\/wp\/v2\/pages\/122096\/revisions"}],"wp:attachment":[{"href":"https:\/\/www.fraterinternacional.org\/es\/wp-json\/wp\/v2\/media?parent=122096"}],"curies":[{"name":"wp","href":"https:\/\/api.w.org\/{rel}","templated":true}]}}