{"id":122069,"date":"2021-06-07T17:12:06","date_gmt":"2021-06-07T20:12:06","guid":{"rendered":"https:\/\/www.fraterinternacional.org\/?page_id=122069"},"modified":"2022-10-08T06:04:22","modified_gmt":"2022-10-08T09:04:22","slug":"nucleos-luz","status":"publish","type":"page","link":"https:\/\/www.fraterinternacional.org\/es\/nucleos-luz\/","title":{"rendered":"N\u00facleos-Luz"},"content":{"rendered":"<div class=\"fusion-fullwidth fullwidth-box fusion-builder-row-1 fusion-flex-container nonhundred-percent-fullwidth non-hundred-percent-height-scrolling\" style=\"--awb-border-radius-top-left:0px;--awb-border-radius-top-right:0px;--awb-border-radius-bottom-right:0px;--awb-border-radius-bottom-left:0px;--awb-flex-wrap:wrap;\" ><div class=\"fusion-builder-row fusion-row fusion-flex-align-items-flex-start fusion-flex-content-wrap\" style=\"max-width:1248px;margin-left: calc(-4% \/ 2 );margin-right: calc(-4% \/ 2 );\"><div class=\"fusion-layout-column fusion_builder_column fusion-builder-column-0 fusion_builder_column_1_1 1_1 fusion-flex-column\" style=\"--awb-bg-size:cover;--awb-width-large:100%;--awb-margin-top-large:0px;--awb-spacing-right-large:1.92%;--awb-margin-bottom-large:0px;--awb-spacing-left-large:1.92%;--awb-width-medium:100%;--awb-spacing-right-medium:1.92%;--awb-spacing-left-medium:1.92%;--awb-width-small:100%;--awb-spacing-right-small:1.92%;--awb-spacing-left-small:1.92%;\"><div class=\"fusion-column-wrapper fusion-flex-justify-content-flex-start fusion-content-layout-column\"><div class=\"fusion-text fusion-text-1\"><p>Existen cuatro N\u00facleos-Luz, asociaciones civiles que son extensiones de las <a href=\"https:\/\/www.fraterinternacional.org\/es\/comunidades-luz\/\">Comunidades-Luz<\/a>. Est\u00e1n vinculados a las Comunidades-Luz y tambi\u00e9n a la <strong>Fraternidad-Humanitaria (FFHI)<\/strong>, abriendo oportunidades a todos los que deseen ampliar la consciencia y colaborar con la expansi\u00f3n del bien y de la armon\u00eda entre los seres.<\/p>\n<p>Es posible encontrar en los N\u00facleos-Luz un portal para profundizar la b\u00fasqueda espiritual y perfeccionar la convivencia fraterna grupal. Se ofrecen varias actividades para apoyar esta b\u00fasqueda, como canto coral, plantaciones\/semillas, grupos de estudio, procedimientos terap\u00e9uticos, preparaci\u00f3n de alimentos y oraciones entre otras.<br \/>\nSiguiendo la misma filosof\u00eda del trabajo espiritual que se lleva a cabo en las Comunidades-Luz, todas las tareas en los diferentes centros son realizadas por voluntarios y sostenidas por donaciones espont\u00e1neas.<\/p>\n<\/div><div class=\"fusion-content-boxes content-boxes columns row fusion-columns-4 fusion-columns-total-4 fusion-content-boxes-1 content-boxes-icon-with-title content-left\" style=\"--awb-hover-accent-color:#9e7f2b;--awb-circle-hover-accent-color:#9e7f2b;\" data-animationOffset=\"top-into-view\"><div style=\"--awb-backgroundcolor:rgba(255,255,255,0);\" class=\"fusion-column content-box-column content-box-column content-box-column-1 col-lg-3 col-md-3 col-sm-3 fusion-content-box-hover content-box-column-first-in-row\"><div class=\"col content-box-wrapper content-wrapper link-area-link-icon icon-hover-animation-fade\" data-animationOffset=\"top-into-view\"><div class=\"fusion-clearfix\"><\/div><div class=\"content-container\">\n<p style=\"text-align: center;\"><strong><a href=\"https:\/\/www.fraterinternacional.org\/es\/afiliadas\/nucleo-luz-sao-paulo\/\"><img decoding=\"async\" class=\"alignnone size-thumbnail wp-image-125425\" src=\"https:\/\/www.fraterinternacional.org\/wp-content\/uploads\/2022\/10\/logo-figueira-nova-150x150.png\" alt=\"\" width=\"150\" height=\"150\" \/><\/a><\/strong><\/p>\n<p style=\"text-align: center;\" data-fontsize=\"28\" data-lineheight=\"38.08px\"><a href=\"https:\/\/www.fraterinternacional.org\/es\/afiliadas\/nucleo-luz-sao-paulo\/\" target=\"_blank\" rel=\"noopener\"><strong>N\u00facleo-Luz de Figueira en S\u00e3o Paulo<\/strong><\/a><\/p>\n<h5 style=\"text-align: center;\">S\u00e3o Paulo, Brasil<\/h5>\n<\/div><\/div><\/div><div style=\"--awb-backgroundcolor:rgba(255,255,255,0);\" class=\"fusion-column content-box-column content-box-column content-box-column-2 col-lg-3 col-md-3 col-sm-3 fusion-content-box-hover \"><div class=\"col content-box-wrapper content-wrapper link-area-link-icon icon-hover-animation-fade\" data-animationOffset=\"top-into-view\"><div class=\"fusion-clearfix\"><\/div><div class=\"content-container\">\n<p style=\"text-align: center;\"><a href=\"https:\/\/www.fraterinternacional.org\/es\/afiliadas\/nucleo-luz-sao-carlos\/\"><img decoding=\"async\" class=\"alignnone size-thumbnail wp-image-125425\" src=\"https:\/\/www.fraterinternacional.org\/wp-content\/uploads\/2022\/10\/logo-figueira-nova-150x150.png\" alt=\"\" width=\"150\" height=\"150\" \/><\/a><\/p>\n<p style=\"text-align: center;\" data-fontsize=\"28\" data-lineheight=\"38.08px\"><a href=\"https:\/\/www.fraterinternacional.org\/es\/afiliadas\/nucleo-luz-sao-carlos\/\" target=\"_blank\" rel=\"noopener\"><strong>N\u00facleo-Luz de Figueira en S\u00e3o Carlos<\/strong><\/a><\/p>\n<h5 style=\"text-align: center;\">S\u00e3o Paulo, Brasil<\/h5>\n<\/div><\/div><\/div><div style=\"--awb-backgroundcolor:rgba(255,255,255,0);\" class=\"fusion-column content-box-column content-box-column content-box-column-3 col-lg-3 col-md-3 col-sm-3 fusion-content-box-hover \"><div class=\"col content-box-wrapper content-wrapper link-area-link-icon icon-hover-animation-fade\" data-animationOffset=\"top-into-view\"><div class=\"fusion-clearfix\"><\/div><div class=\"content-container\">\n<p style=\"text-align: center;\"><a href=\"https:\/\/www.fraterinternacional.org\/es\/afiliadas\/nucleo-luz-belo-horizonte\/\"><img decoding=\"async\" class=\"alignnone size-thumbnail wp-image-125425\" src=\"https:\/\/www.fraterinternacional.org\/wp-content\/uploads\/2022\/10\/logo-figueira-nova-150x150.png\" alt=\"\" width=\"150\" height=\"150\" \/><\/a><\/p>\n<p style=\"text-align: center;\" data-fontsize=\"28\" data-lineheight=\"38.08px\"><a href=\"https:\/\/www.fraterinternacional.org\/es\/afiliadas\/nucleo-luz-belo-horizonte\/\" target=\"_blank\" rel=\"noopener\"><strong>N\u00facleo-Luz de Figueira en Belo Horizonte<\/strong><\/a><\/p>\n<h5 style=\"text-align: center;\">Minas Gerais, Brasil<\/h5>\n<\/div><\/div><\/div><div style=\"--awb-backgroundcolor:rgba(255,255,255,0);\" class=\"fusion-column content-box-column content-box-column content-box-column-4 col-lg-3 col-md-3 col-sm-3 fusion-content-box-hover content-box-column-last content-box-column-last-in-row\"><div class=\"col content-box-wrapper content-wrapper link-area-link-icon icon-hover-animation-fade\" data-animationOffset=\"top-into-view\"><div class=\"fusion-clearfix\"><\/div><div class=\"content-container\">\n<p style=\"text-align: center;\"><a href=\"https:\/\/www.fraterinternacional.org\/es\/afiliadas\/nucleo-luz-roraima\/\"><img decoding=\"async\" class=\"alignnone size-thumbnail wp-image-125425\" src=\"https:\/\/www.fraterinternacional.org\/wp-content\/uploads\/2022\/10\/logo-figueira-nova-150x150.png\" alt=\"\" width=\"150\" height=\"150\" \/><\/a><\/p>\n<p class=\"entry-title fusion-post-title fusion-responsive-typography-calculated\" style=\"text-align: center;\" data-fontsize=\"28\" data-lineheight=\"38.08px\"><a href=\"https:\/\/www.fraterinternacional.org\/es\/afiliadas\/nucleo-luz-roraima\/\" target=\"_blank\" rel=\"noopener\"><strong>N\u00facleo-Luz de Figueira en Boa Vista<\/strong><\/a><\/p>\n<h5 class=\"fusion-portfolio-meta\" style=\"text-align: center;\">Roraima, Brasil<\/h5>\n<\/div><\/div><\/div><div class=\"fusion-clearfix\"><\/div><\/div><\/div><\/div><\/div><\/div>\n","protected":false},"excerpt":{"rendered":"","protected":false},"author":4,"featured_media":0,"parent":0,"menu_order":0,"comment_status":"closed","ping_status":"closed","template":"","meta":{"footnotes":""},"class_list":["post-122069","page","type-page","status-publish","hentry"],"yoast_head":"<!-- This site is optimized with the Yoast SEO Premium plugin v21.0 (Yoast SEO v21.0) - https:\/\/yoast.com\/wordpress\/plugins\/seo\/ -->\n<title>N\u00facleos-Luz - Fraternidade - Federa\u00e7\u00e3o Humanit\u00e1ria Internacional<\/title>\n<meta name=\"robots\" content=\"index, follow, max-snippet:-1, max-image-preview:large, max-video-preview:-1\" \/>\n<link rel=\"canonical\" href=\"https:\/\/www.fraterinternacional.org\/es\/nucleos-luz\/\" \/>\n<meta property=\"og:locale\" content=\"es_ES\" \/>\n<meta property=\"og:type\" content=\"article\" \/>\n<meta property=\"og:title\" content=\"N\u00facleos-Luz\" \/>\n<meta property=\"og:url\" content=\"https:\/\/www.fraterinternacional.org\/es\/nucleos-luz\/\" \/>\n<meta property=\"og:site_name\" content=\"Fraternidade - Federa\u00e7\u00e3o Humanit\u00e1ria Internacional\" \/>\n<meta property=\"article:publisher\" content=\"https:\/\/www.facebook.com\/fraternidadehumanitaria\" \/>\n<meta property=\"article:modified_time\" content=\"2022-10-08T09:04:22+00:00\" \/>\n<meta property=\"og:image\" content=\"https:\/\/www.fraterinternacional.org\/wp-content\/uploads\/2022\/10\/logo-figueira-nova-150x150.png\" \/>\n<meta name=\"twitter:card\" content=\"summary_large_image\" \/>\n<meta name=\"twitter:site\" content=\"@fraternidadeFHI\" \/>\n<meta name=\"twitter:label1\" content=\"Tiempo de lectura\" \/>\n\t<meta name=\"twitter:data1\" content=\"3 minutos\" \/>\n<script type=\"application\/ld+json\" class=\"yoast-schema-graph\">{\"@context\":\"https:\/\/schema.org\",\"@graph\":[{\"@type\":\"WebPage\",\"@id\":\"https:\/\/www.fraterinternacional.org\/es\/nucleos-luz\/\",\"url\":\"https:\/\/www.fraterinternacional.org\/es\/nucleos-luz\/\",\"name\":\"N\u00facleos-Luz - Fraternidade - Federa\u00e7\u00e3o Humanit\u00e1ria Internacional\",\"isPartOf\":{\"@id\":\"https:\/\/www.fraterinternacional.org\/es\/#website\"},\"datePublished\":\"2021-06-07T20:12:06+00:00\",\"dateModified\":\"2022-10-08T09:04:22+00:00\",\"breadcrumb\":{\"@id\":\"https:\/\/www.fraterinternacional.org\/es\/nucleos-luz\/#breadcrumb\"},\"inLanguage\":\"es\",\"potentialAction\":[{\"@type\":\"ReadAction\",\"target\":[\"https:\/\/www.fraterinternacional.org\/es\/nucleos-luz\/\"]}]},{\"@type\":\"BreadcrumbList\",\"@id\":\"https:\/\/www.fraterinternacional.org\/es\/nucleos-luz\/#breadcrumb\",\"itemListElement\":[{\"@type\":\"ListItem\",\"position\":1,\"name\":\"In\u00edcio\",\"item\":\"https:\/\/www.fraterinternacional.org\/es\/\"},{\"@type\":\"ListItem\",\"position\":2,\"name\":\"N\u00facleos-Luz\"}]},{\"@type\":\"WebSite\",\"@id\":\"https:\/\/www.fraterinternacional.org\/es\/#website\",\"url\":\"https:\/\/www.fraterinternacional.org\/es\/\",\"name\":\"Fraternidade - Federa\u00e7\u00e3o Humanit\u00e1ria Internacional\",\"description\":\"Fraternidade - Federa\u00e7\u00e3o Humanit\u00e1ria Internacional\",\"potentialAction\":[{\"@type\":\"SearchAction\",\"target\":{\"@type\":\"EntryPoint\",\"urlTemplate\":\"https:\/\/www.fraterinternacional.org\/es\/?s={search_term_string}\"},\"query-input\":\"required name=search_term_string\"}],\"inLanguage\":\"es\"}]}<\/script>\n<!-- \/ Yoast SEO Premium plugin. -->","yoast_head_json":{"title":"N\u00facleos-Luz - Fraternidade - Federa\u00e7\u00e3o Humanit\u00e1ria Internacional","robots":{"index":"index","follow":"follow","max-snippet":"max-snippet:-1","max-image-preview":"max-image-preview:large","max-video-preview":"max-video-preview:-1"},"canonical":"https:\/\/www.fraterinternacional.org\/es\/nucleos-luz\/","og_locale":"es_ES","og_type":"article","og_title":"N\u00facleos-Luz","og_url":"https:\/\/www.fraterinternacional.org\/es\/nucleos-luz\/","og_site_name":"Fraternidade - Federa\u00e7\u00e3o Humanit\u00e1ria Internacional","article_publisher":"https:\/\/www.facebook.com\/fraternidadehumanitaria","article_modified_time":"2022-10-08T09:04:22+00:00","og_image":[{"url":"https:\/\/www.fraterinternacional.org\/wp-content\/uploads\/2022\/10\/logo-figueira-nova-150x150.png"}],"twitter_card":"summary_large_image","twitter_site":"@fraternidadeFHI","twitter_misc":{"Tiempo de lectura":"3 minutos"},"schema":{"@context":"https:\/\/schema.org","@graph":[{"@type":"WebPage","@id":"https:\/\/www.fraterinternacional.org\/es\/nucleos-luz\/","url":"https:\/\/www.fraterinternacional.org\/es\/nucleos-luz\/","name":"N\u00facleos-Luz - Fraternidade - Federa\u00e7\u00e3o Humanit\u00e1ria Internacional","isPartOf":{"@id":"https:\/\/www.fraterinternacional.org\/es\/#website"},"datePublished":"2021-06-07T20:12:06+00:00","dateModified":"2022-10-08T09:04:22+00:00","breadcrumb":{"@id":"https:\/\/www.fraterinternacional.org\/es\/nucleos-luz\/#breadcrumb"},"inLanguage":"es","potentialAction":[{"@type":"ReadAction","target":["https:\/\/www.fraterinternacional.org\/es\/nucleos-luz\/"]}]},{"@type":"BreadcrumbList","@id":"https:\/\/www.fraterinternacional.org\/es\/nucleos-luz\/#breadcrumb","itemListElement":[{"@type":"ListItem","position":1,"name":"In\u00edcio","item":"https:\/\/www.fraterinternacional.org\/es\/"},{"@type":"ListItem","position":2,"name":"N\u00facleos-Luz"}]},{"@type":"WebSite","@id":"https:\/\/www.fraterinternacional.org\/es\/#website","url":"https:\/\/www.fraterinternacional.org\/es\/","name":"Fraternidade - Federa\u00e7\u00e3o Humanit\u00e1ria Internacional","description":"Fraternidade - Federa\u00e7\u00e3o Humanit\u00e1ria Internacional","potentialAction":[{"@type":"SearchAction","target":{"@type":"EntryPoint","urlTemplate":"https:\/\/www.fraterinternacional.org\/es\/?s={search_term_string}"},"query-input":"required name=search_term_string"}],"inLanguage":"es"}]}},"_links":{"self":[{"href":"https:\/\/www.fraterinternacional.org\/es\/wp-json\/wp\/v2\/pages\/122069"}],"collection":[{"href":"https:\/\/www.fraterinternacional.org\/es\/wp-json\/wp\/v2\/pages"}],"about":[{"href":"https:\/\/www.fraterinternacional.org\/es\/wp-json\/wp\/v2\/types\/page"}],"author":[{"embeddable":true,"href":"https:\/\/www.fraterinternacional.org\/es\/wp-json\/wp\/v2\/users\/4"}],"replies":[{"embeddable":true,"href":"https:\/\/www.fraterinternacional.org\/es\/wp-json\/wp\/v2\/comments?post=122069"}],"version-history":[{"count":0,"href":"https:\/\/www.fraterinternacional.org\/es\/wp-json\/wp\/v2\/pages\/122069\/revisions"}],"wp:attachment":[{"href":"https:\/\/www.fraterinternacional.org\/es\/wp-json\/wp\/v2\/media?parent=122069"}],"curies":[{"name":"wp","href":"https:\/\/api.w.org\/{rel}","templated":true}]}}