{"id":122002,"date":"2021-06-07T11:19:14","date_gmt":"2021-06-07T14:19:14","guid":{"rendered":"https:\/\/www.fraterinternacional.org\/?page_id=122002"},"modified":"2025-04-06T17:06:14","modified_gmt":"2025-04-06T20:06:14","slug":"instructores-1","status":"publish","type":"page","link":"https:\/\/www.fraterinternacional.org\/es\/instructores-1\/","title":{"rendered":"Instructores"},"content":{"rendered":"<div class=\"fusion-fullwidth fullwidth-box fusion-builder-row-1 nonhundred-percent-fullwidth non-hundred-percent-height-scrolling\" style=\"--awb-border-radius-top-left:0px;--awb-border-radius-top-right:0px;--awb-border-radius-bottom-right:0px;--awb-border-radius-bottom-left:0px;--awb-flex-wrap:wrap;\" ><div class=\"fusion-builder-row fusion-row\"><div class=\"fusion-layout-column fusion_builder_column fusion-builder-column-0 fusion_builder_column_1_1 1_1 fusion-one-full fusion-column-first fusion-column-last\" style=\"--awb-bg-size:cover;\"><div class=\"fusion-column-wrapper fusion-column-has-shadow fusion-flex-column-wrapper-legacy\"><div class=\"fusion-text fusion-text-1\"><p>Son<span style=\"font-weight: 400;\"> los mentores de las <\/span><span style=\"font-weight: 400;\">Comunidades-Luz<\/span><span style=\"font-weight: 400;\"> y principales representantes de la Ense\u00f1anza que gu\u00eda todo el servicio conducido en el \u00e1mbito de la <strong>Fraternidad \u2013 Humanitaria (FFHI)<\/strong> y sus afiliadas.<\/span><\/p>\n<\/div><div class=\"fusion-clearfix\"><\/div><\/div><\/div><div class=\"fusion-layout-column fusion_builder_column fusion-builder-column-1 fusion_builder_column_1_3 1_3 fusion-one-third fusion-column-first fusion-animated\" style=\"--awb-bg-size:cover;--awb-margin-bottom:0px;width:30.6666%; margin-right: 4%;\" data-animationType=\"slideInLeft\" data-animationDuration=\"0.3\" data-animationOffset=\"top-into-view\"><div class=\"fusion-column-wrapper fusion-column-has-shadow fusion-flex-column-wrapper-legacy\"><div class=\"fusion-text fusion-text-2\"><p><a href=\"https:\/\/www.trigueirinho.org.br\/\"><img decoding=\"async\" class=\"size-full wp-image-121735 aligncenter\" src=\"https:\/\/www.fraterinternacional.org\/wp-content\/uploads\/2021\/06\/foto-trigueirinho01.jpg\" alt=\"Jos\u00e9 Trigueirinho Netto\" width=\"315\" height=\"315\" srcset=\"https:\/\/www.fraterinternacional.org\/wp-content\/uploads\/2021\/06\/foto-trigueirinho01-150x150.jpg 150w, https:\/\/www.fraterinternacional.org\/wp-content\/uploads\/2021\/06\/foto-trigueirinho01-200x200.jpg 200w, https:\/\/www.fraterinternacional.org\/wp-content\/uploads\/2021\/06\/foto-trigueirinho01-300x300.jpg 300w, https:\/\/www.fraterinternacional.org\/wp-content\/uploads\/2021\/06\/foto-trigueirinho01.jpg 315w\" sizes=\"(max-width: 315px) 100vw, 315px\" \/><\/a><\/p>\n<\/div><div class=\"fusion-clearfix\"><\/div><\/div><\/div><div class=\"fusion-layout-column fusion_builder_column fusion-builder-column-2 fusion_builder_column_2_3 2_3 fusion-two-third fusion-column-last fusion-animated\" style=\"--awb-bg-size:cover;--awb-margin-bottom:0px;width:65.3333%;\" data-animationType=\"slideInRight\" data-animationDuration=\"0.4\" data-animationOffset=\"top-into-view\"><div class=\"fusion-column-wrapper fusion-column-has-shadow fusion-flex-column-wrapper-legacy\"><div class=\"fusion-text fusion-text-3\"><p><a href=\"https:\/\/www.trigueirinho.org.br\/\" target=\"_blank\" rel=\"noopener noreferrer\"><strong>Jos\u00e9 Trigueirinho Netto<\/strong><\/a> (1931-2018), fil\u00f3sofo-espiritualista, vivi\u00f3 con coherencia y fue testimonio, a trav\u00e9s de su propia vida, de las ense\u00f1anzas que transmiti\u00f3 por medio de sus 84 libros, publicados en varios idiomas, y en m\u00e1s de tres mil discursos gravados, conocidos como charlas, que representan el intercambio de conocimientos y de vivencias sobre la trascendencia y la elevaci\u00f3n del ser humano, en contacto con el alma y con n\u00facleos a\u00fan m\u00e1s profundos del ser, el servicio impersonal y la relaci\u00f3n con las Jerarqu\u00edas Espirituales.<\/p>\n<p>Todas estas ense\u00f1anzas est\u00e1n disponibles en diferentes formatos en <a href=\"https:\/\/www.irdin.org.br\/site\/\" target=\"_blank\" rel=\"noopener\">Irdin Editora<\/a>, en el <a href=\"https:\/\/www.youtube.com\/trigueirinhooficial\" target=\"_blank\" rel=\"noopener\">canal de Youtube<\/a> y en la <a href=\"https:\/\/www.trigueirinho.org.br\/\" target=\"_blank\" rel=\"noopener\">p\u00e1gina oficial de Trigueirinho<\/a>, y tambi\u00e9n en <a href=\"https:\/\/open.spotify.com\/show\/4JvkMXcOWqLYieQPK3gaaR?si=QOBuiSeWQhu17ha7vzk0Ow&amp;nd=1\" target=\"_blank\" rel=\"noopener\">Spotify.<\/a><\/p>\n<p><span style=\"font-weight: 400;\">Es uno de los miembros fundadores de la <strong>Fraternidad \u2013 Humanitaria (FFHI)<\/strong>, cofundador de la <\/span><a href=\"https:\/\/www.mensajerosdivinos.org\/es\/la-orden-gracia-misericordia\" target=\"_blank\" rel=\"noopener\"><span style=\"font-weight: 400;\">Orden Gracia Misericordia<\/span><\/a><span style=\"font-weight: 400;\"> y tambi\u00e9n idealizador y fundador de la <\/span><a href=\"https:\/\/www.comunidadefigueira.org.br\/\" target=\"_blank\" rel=\"noopener\"><span style=\"font-weight: 400;\">Comunidad-Luz Figueira.<\/span><\/a><\/p>\n<\/div><div class=\"fusion-clearfix\"><\/div><\/div><\/div><div class=\"fusion-layout-column fusion_builder_column fusion-builder-column-3 fusion_builder_column_1_1 1_1 fusion-one-full fusion-column-first fusion-column-last fusion-animated\" style=\"--awb-bg-size:cover;--awb-margin-bottom:0px;\" data-animationType=\"slideInRight\" data-animationDuration=\"0.4\" data-animationOffset=\"top-into-view\"><div class=\"fusion-column-wrapper fusion-column-has-shadow fusion-flex-column-wrapper-legacy\"><div class=\"fusion-sep-clear\"><\/div><div class=\"fusion-separator fusion-full-width-sep\" style=\"margin-left: auto;margin-right: auto;margin-top:40px;margin-bottom:40px;width:100%;\"><\/div><div class=\"fusion-sep-clear\"><\/div><div class=\"fusion-clearfix\"><\/div><\/div><\/div><div class=\"fusion-layout-column fusion_builder_column fusion-builder-column-4 fusion_builder_column_1_3 1_3 fusion-one-third fusion-column-first fusion-animated\" style=\"--awb-bg-size:cover;--awb-margin-bottom:0px;width:30.6666%; margin-right: 4%;\" data-animationType=\"slideInLeft\" data-animationDuration=\"0.5\" data-animationOffset=\"top-into-view\"><div class=\"fusion-column-wrapper fusion-column-has-shadow fusion-flex-column-wrapper-legacy\"><div class=\"fusion-text fusion-text-4\"><p><img decoding=\"async\" class=\"size-full wp-image-125466 aligncenter\" src=\"https:\/\/www.fraterinternacional.org\/wp-content\/uploads\/2022\/10\/instrutor-Frei-Luciano-02.png\" alt=\"Frei Luciano\" width=\"315\" height=\"315\" srcset=\"https:\/\/www.fraterinternacional.org\/wp-content\/uploads\/2022\/10\/instrutor-Frei-Luciano-02-150x150.png 150w, https:\/\/www.fraterinternacional.org\/wp-content\/uploads\/2022\/10\/instrutor-Frei-Luciano-02-200x200.png 200w, https:\/\/www.fraterinternacional.org\/wp-content\/uploads\/2022\/10\/instrutor-Frei-Luciano-02-300x300.png 300w, https:\/\/www.fraterinternacional.org\/wp-content\/uploads\/2022\/10\/instrutor-Frei-Luciano-02.png 315w\" sizes=\"(max-width: 315px) 100vw, 315px\" \/><\/p>\n<\/div><div class=\"fusion-clearfix\"><\/div><\/div><\/div><div class=\"fusion-layout-column fusion_builder_column fusion-builder-column-5 fusion_builder_column_2_3 2_3 fusion-two-third fusion-column-last fusion-animated\" style=\"--awb-bg-size:cover;--awb-margin-bottom:0px;width:65.3333%;\" data-animationType=\"slideInRight\" data-animationDuration=\"0.6\" data-animationOffset=\"top-into-view\"><div class=\"fusion-column-wrapper fusion-column-has-shadow fusion-flex-column-wrapper-legacy\"><div class=\"fusion-text fusion-text-5\"><p>Fray Luciano, monje de la <a href=\"https:\/\/www.mensajerosdivinos.org\/es\/la-orden-gracia-misericordia\" target=\"_blank\" rel=\"noopener\">Orden Gracia Misericordia<\/a> y administrador general de la <strong>Fraternidad -Humanitaria (FFHI)<\/strong>, y tambi\u00e9n uno de sus miembros fundadores, junto con Jos\u00e9 Trigueirinho Netto y la Madre Mar\u00eda Shimani de Montserrat<\/p>\n<p>Es autor de los libros <a href=\"https:\/\/www.irdin.org.br\/site\/produtos\/palabras-al-corazon\/?hilite=palabras+al+coraz%C3%B3n\" target=\"_blank\" rel=\"noopener\">Palabras al Coraz\u00f3n<\/a> y <a href=\"https:\/\/www.irdin.org.br\/site\/produtos\/silencio-o-amado-silencio\/\" target=\"_blank\" rel=\"noopener\">Silencio, Oh Amado Silencio<\/a>, publicados por Irdin Editora, y de centenas de charlas con instrucciones sobre el despertar y la expansi\u00f3n de la consciencia humana.<\/p>\n<p>Est\u00e1 en contacto con la vida mon\u00e1stica hace m\u00e1s de 30 a\u00f1os y se dedica integralmente para que el \u201cproceso evolutivo sea llevado al d\u00eda a d\u00eda, ilumin\u00e1ndolo y transform\u00e1ndolo en servicio al planeta y a la humanidad\u201d.<\/p>\n<p><span style=\"font-weight: 400;\">Fray Luciano es responsable de las misiones nacionales e internacionales, realizadas por la <a href=\"https:\/\/www.missoeshumanitarias.org\/es\/\" target=\"_blank\" rel=\"noopener\">Fraternidad \u2013 Misiones Humanitarias Internacionales (FMHI)<\/a> que prestan asistencia en situaciones de emergencias ambientales y humanitarias en Brasil y en otras regiones del planeta.<\/span><\/p>\n<\/div><div class=\"fusion-clearfix\"><\/div><\/div><\/div><\/div><\/div>\n","protected":false},"excerpt":{"rendered":"","protected":false},"author":4,"featured_media":0,"parent":0,"menu_order":0,"comment_status":"closed","ping_status":"closed","template":"","meta":{"footnotes":""},"class_list":["post-122002","page","type-page","status-publish","hentry"],"yoast_head":"<!-- This site is optimized with the Yoast SEO Premium plugin v21.0 (Yoast SEO v21.0) - https:\/\/yoast.com\/wordpress\/plugins\/seo\/ -->\n<title>Instructores - Fraternidade - Federa\u00e7\u00e3o Humanit\u00e1ria Internacional<\/title>\n<meta name=\"robots\" content=\"index, follow, max-snippet:-1, max-image-preview:large, max-video-preview:-1\" \/>\n<link rel=\"canonical\" href=\"https:\/\/www.fraterinternacional.org\/es\/instructores-1\/\" \/>\n<meta property=\"og:locale\" content=\"es_ES\" \/>\n<meta property=\"og:type\" content=\"article\" \/>\n<meta property=\"og:title\" content=\"Instructores\" \/>\n<meta property=\"og:url\" content=\"https:\/\/www.fraterinternacional.org\/es\/instructores-1\/\" \/>\n<meta property=\"og:site_name\" content=\"Fraternidade - Federa\u00e7\u00e3o Humanit\u00e1ria Internacional\" \/>\n<meta property=\"article:publisher\" content=\"https:\/\/www.facebook.com\/fraternidadehumanitaria\" \/>\n<meta property=\"article:modified_time\" content=\"2025-04-06T20:06:14+00:00\" \/>\n<meta property=\"og:image\" content=\"https:\/\/www.fraterinternacional.org\/wp-content\/uploads\/2021\/06\/foto-trigueirinho01.jpg\" \/>\n<meta name=\"twitter:card\" content=\"summary_large_image\" \/>\n<meta name=\"twitter:site\" content=\"@fraternidadeFHI\" \/>\n<meta name=\"twitter:label1\" content=\"Tiempo de lectura\" \/>\n\t<meta name=\"twitter:data1\" content=\"10 minutos\" \/>\n<script type=\"application\/ld+json\" class=\"yoast-schema-graph\">{\"@context\":\"https:\/\/schema.org\",\"@graph\":[{\"@type\":\"WebPage\",\"@id\":\"https:\/\/www.fraterinternacional.org\/es\/instructores-1\/\",\"url\":\"https:\/\/www.fraterinternacional.org\/es\/instructores-1\/\",\"name\":\"Instructores - Fraternidade - Federa\u00e7\u00e3o Humanit\u00e1ria Internacional\",\"isPartOf\":{\"@id\":\"https:\/\/www.fraterinternacional.org\/es\/#website\"},\"datePublished\":\"2021-06-07T14:19:14+00:00\",\"dateModified\":\"2025-04-06T20:06:14+00:00\",\"breadcrumb\":{\"@id\":\"https:\/\/www.fraterinternacional.org\/es\/instructores-1\/#breadcrumb\"},\"inLanguage\":\"es\",\"potentialAction\":[{\"@type\":\"ReadAction\",\"target\":[\"https:\/\/www.fraterinternacional.org\/es\/instructores-1\/\"]}]},{\"@type\":\"BreadcrumbList\",\"@id\":\"https:\/\/www.fraterinternacional.org\/es\/instructores-1\/#breadcrumb\",\"itemListElement\":[{\"@type\":\"ListItem\",\"position\":1,\"name\":\"In\u00edcio\",\"item\":\"https:\/\/www.fraterinternacional.org\/es\/\"},{\"@type\":\"ListItem\",\"position\":2,\"name\":\"Instructores\"}]},{\"@type\":\"WebSite\",\"@id\":\"https:\/\/www.fraterinternacional.org\/es\/#website\",\"url\":\"https:\/\/www.fraterinternacional.org\/es\/\",\"name\":\"Fraternidade - Federa\u00e7\u00e3o Humanit\u00e1ria Internacional\",\"description\":\"Fraternidade - Federa\u00e7\u00e3o Humanit\u00e1ria Internacional\",\"potentialAction\":[{\"@type\":\"SearchAction\",\"target\":{\"@type\":\"EntryPoint\",\"urlTemplate\":\"https:\/\/www.fraterinternacional.org\/es\/?s={search_term_string}\"},\"query-input\":\"required name=search_term_string\"}],\"inLanguage\":\"es\"}]}<\/script>\n<!-- \/ Yoast SEO Premium plugin. -->","yoast_head_json":{"title":"Instructores - Fraternidade - Federa\u00e7\u00e3o Humanit\u00e1ria Internacional","robots":{"index":"index","follow":"follow","max-snippet":"max-snippet:-1","max-image-preview":"max-image-preview:large","max-video-preview":"max-video-preview:-1"},"canonical":"https:\/\/www.fraterinternacional.org\/es\/instructores-1\/","og_locale":"es_ES","og_type":"article","og_title":"Instructores","og_url":"https:\/\/www.fraterinternacional.org\/es\/instructores-1\/","og_site_name":"Fraternidade - Federa\u00e7\u00e3o Humanit\u00e1ria Internacional","article_publisher":"https:\/\/www.facebook.com\/fraternidadehumanitaria","article_modified_time":"2025-04-06T20:06:14+00:00","og_image":[{"url":"https:\/\/www.fraterinternacional.org\/wp-content\/uploads\/2021\/06\/foto-trigueirinho01.jpg"}],"twitter_card":"summary_large_image","twitter_site":"@fraternidadeFHI","twitter_misc":{"Tiempo de lectura":"10 minutos"},"schema":{"@context":"https:\/\/schema.org","@graph":[{"@type":"WebPage","@id":"https:\/\/www.fraterinternacional.org\/es\/instructores-1\/","url":"https:\/\/www.fraterinternacional.org\/es\/instructores-1\/","name":"Instructores - Fraternidade - Federa\u00e7\u00e3o Humanit\u00e1ria Internacional","isPartOf":{"@id":"https:\/\/www.fraterinternacional.org\/es\/#website"},"datePublished":"2021-06-07T14:19:14+00:00","dateModified":"2025-04-06T20:06:14+00:00","breadcrumb":{"@id":"https:\/\/www.fraterinternacional.org\/es\/instructores-1\/#breadcrumb"},"inLanguage":"es","potentialAction":[{"@type":"ReadAction","target":["https:\/\/www.fraterinternacional.org\/es\/instructores-1\/"]}]},{"@type":"BreadcrumbList","@id":"https:\/\/www.fraterinternacional.org\/es\/instructores-1\/#breadcrumb","itemListElement":[{"@type":"ListItem","position":1,"name":"In\u00edcio","item":"https:\/\/www.fraterinternacional.org\/es\/"},{"@type":"ListItem","position":2,"name":"Instructores"}]},{"@type":"WebSite","@id":"https:\/\/www.fraterinternacional.org\/es\/#website","url":"https:\/\/www.fraterinternacional.org\/es\/","name":"Fraternidade - Federa\u00e7\u00e3o Humanit\u00e1ria Internacional","description":"Fraternidade - Federa\u00e7\u00e3o Humanit\u00e1ria Internacional","potentialAction":[{"@type":"SearchAction","target":{"@type":"EntryPoint","urlTemplate":"https:\/\/www.fraterinternacional.org\/es\/?s={search_term_string}"},"query-input":"required name=search_term_string"}],"inLanguage":"es"}]}},"_links":{"self":[{"href":"https:\/\/www.fraterinternacional.org\/es\/wp-json\/wp\/v2\/pages\/122002"}],"collection":[{"href":"https:\/\/www.fraterinternacional.org\/es\/wp-json\/wp\/v2\/pages"}],"about":[{"href":"https:\/\/www.fraterinternacional.org\/es\/wp-json\/wp\/v2\/types\/page"}],"author":[{"embeddable":true,"href":"https:\/\/www.fraterinternacional.org\/es\/wp-json\/wp\/v2\/users\/4"}],"replies":[{"embeddable":true,"href":"https:\/\/www.fraterinternacional.org\/es\/wp-json\/wp\/v2\/comments?post=122002"}],"version-history":[{"count":1,"href":"https:\/\/www.fraterinternacional.org\/es\/wp-json\/wp\/v2\/pages\/122002\/revisions"}],"predecessor-version":[{"id":127293,"href":"https:\/\/www.fraterinternacional.org\/es\/wp-json\/wp\/v2\/pages\/122002\/revisions\/127293"}],"wp:attachment":[{"href":"https:\/\/www.fraterinternacional.org\/es\/wp-json\/wp\/v2\/media?parent=122002"}],"curies":[{"name":"wp","href":"https:\/\/api.w.org\/{rel}","templated":true}]}}