{"id":116830,"date":"2020-07-28T12:38:21","date_gmt":"2020-07-28T15:38:21","guid":{"rendered":"https:\/\/www.fraterinternacional.org\/?page_id=116830"},"modified":"2022-10-27T18:20:37","modified_gmt":"2022-10-27T21:20:37","slug":"sea-voluntario","status":"publish","type":"page","link":"https:\/\/www.fraterinternacional.org\/es\/sea-voluntario\/","title":{"rendered":"Sea voluntario"},"content":{"rendered":"<div class=\"fusion-fullwidth fullwidth-box fusion-builder-row-1 fusion-flex-container nonhundred-percent-fullwidth non-hundred-percent-height-scrolling\" style=\"--awb-border-radius-top-left:0px;--awb-border-radius-top-right:0px;--awb-border-radius-bottom-right:0px;--awb-border-radius-bottom-left:0px;--awb-flex-wrap:wrap;\" ><div class=\"fusion-builder-row fusion-row fusion-flex-align-items-flex-start fusion-flex-content-wrap\" style=\"max-width:1248px;margin-left: calc(-4% \/ 2 );margin-right: calc(-4% \/ 2 );\"><div class=\"fusion-layout-column fusion_builder_column fusion-builder-column-0 fusion_builder_column_1_1 1_1 fusion-flex-column\" style=\"--awb-bg-size:cover;--awb-width-large:100%;--awb-margin-top-large:0px;--awb-spacing-right-large:1.92%;--awb-margin-bottom-large:0px;--awb-spacing-left-large:1.92%;--awb-width-medium:100%;--awb-spacing-right-medium:1.92%;--awb-spacing-left-medium:1.92%;--awb-width-small:100%;--awb-spacing-right-small:1.92%;--awb-spacing-left-small:1.92%;\"><div class=\"fusion-column-wrapper fusion-flex-justify-content-flex-start fusion-content-layout-column\"><div class=\"fusion-text fusion-text-1\"><p style=\"text-align: justify;\">La Fraternidad \u2013 Humanitaria (FFHI) y sus afiliadas se sostienen por una red de colaboradores compuesta en su totalidad por voluntarios. Este compromiso de donaci\u00f3n de s\u00ed mismo permite que\u00a0 muchas vidas se transformen.<\/p>\n<p style=\"text-align: justify;\">\u00a1Quisiera saber m\u00e1s sobre nuestro Proceso de Aproximaci\u00f3n al trabajo voluntario? Lea hasta el final y complete nuestro formulario.<\/p>\n<p>\u00bfQuiere conocer un poco m\u00e1s? Ingrese al v\u00ednculo de <a href=\"https:\/\/www.fraterinternacional.org\/es\/preguntas-frecuentes\/\">\u00abPreguntas Frecuentes (FAQ).\u00bb<\/a><\/p>\n<p style=\"text-align: justify;\">Si usted tiene inter\u00e9s en conocer el proceso de desarrollo e inclusi\u00f3n de voluntarios en la din\u00e1mica del servicio en la Fraternidad \u2013 Humanitaria (FFHI), siga los siguientes pasos:<\/p>\n<ol>\n<li style=\"text-align: justify;\">Complete el formulario.<\/li>\n<li style=\"text-align: justify;\">Inserte sus datos de la\u00a0 forma m\u00e1s clara posible.<\/li>\n<li style=\"text-align: justify;\">Est\u00e9 atento a sus correos electr\u00f3nicos (vea en los spams), pues el Sector de Recursos Humanos entrar\u00e1 en contacto.<\/li>\n<li style=\"text-align: justify;\">Si en el plazo de treinta d\u00edas no recibimos respuesta, entenderemos que no existe m\u00e1s inter\u00e9s por el momento.<\/li>\n<li style=\"text-align: justify;\">A partir del primer contacto, iniciaremos intercambio de mensajes por correo electr\u00f3nico para conocernos mutuamente.<\/li>\n<li style=\"text-align: justify;\">En el momento oportuno y conforme a su disponibilidad, agendaremos una primera conversaci\u00f3n en l\u00ednea.<\/li>\n<li style=\"text-align: justify;\">Este proceso no implica v\u00ednculo alguno con la\u00a0 Fraternidad \u2013 Humanitaria (FFHI) hasta que se haya definido su campo de actuaci\u00f3n.<\/li>\n<\/ol>\n<\/div><div style=\"text-align:center;\"><a class=\"fusion-button button-flat button-xlarge button-default fusion-button-default button-1 fusion-button-default-span fusion-button-default-type\" style=\"--button_margin-top:30px;--button_margin-bottom:50px;\" target=\"_blank\" rel=\"noopener noreferrer\" href=\"https:\/\/bit.ly\/3dSaCx4\"><span class=\"fusion-button-text\">Complete el formulario <\/span><\/a><\/div><div class=\"awb-gallery-wrapper awb-gallery-wrapper-1 button-span-no\"><div style=\"margin:-1px;--awb-bordersize:0px;\" class=\"fusion-gallery fusion-gallery-container fusion-grid-4 fusion-columns-total-7 fusion-gallery-layout-masonry fusion-gallery-1\"><div class=\"fusion-grid-column fusion-gallery-column fusion-gallery-column-4 hover-type-none fusion-grid-sizer\"><\/div><div style=\"padding:1px;\" class=\"fusion-grid-column fusion-gallery-column fusion-gallery-column-4 hover-type-none fusion-element-grid\"><div class=\"fusion-gallery-image\"><a href=\"https:\/\/www.fraterinternacional.org\/wp-content\/uploads\/2021\/06\/fotos-voluntarios-FFHI-01.jpg\" rel=\"noreferrer\" data-rel=\"iLightbox[gallery_image_1]\" class=\"fusion-lightbox\" target=\"_self\"><div style=\"background-image:url(https:\/\/www.fraterinternacional.org\/wp-content\/uploads\/2021\/06\/fotos-voluntarios-FFHI-01.jpg);padding-top:calc((100% + 2px) * 0.8 - 1px);background-position:;\" class=\"fusion-masonry-element-container\"><img decoding=\"async\" src=\"https:\/\/www.fraterinternacional.org\/wp-content\/uploads\/2021\/06\/fotos-voluntarios-FFHI-01.jpg\" width=\"1000\" height=\"701\" alt=\"Seja volunt\u00e1rio da Fraternidade \u2013 Humanit\u00e1ria (FFHI)\" title=\"fotos-voluntarios-FFHI-01\" aria-label=\"fotos-voluntarios-FFHI-01\" class=\"img-responsive wp-image-122051\" srcset=\"https:\/\/www.fraterinternacional.org\/wp-content\/uploads\/2021\/06\/fotos-voluntarios-FFHI-01-200x140.jpg 200w, https:\/\/www.fraterinternacional.org\/wp-content\/uploads\/2021\/06\/fotos-voluntarios-FFHI-01-400x280.jpg 400w, https:\/\/www.fraterinternacional.org\/wp-content\/uploads\/2021\/06\/fotos-voluntarios-FFHI-01-600x421.jpg 600w, https:\/\/www.fraterinternacional.org\/wp-content\/uploads\/2021\/06\/fotos-voluntarios-FFHI-01-800x561.jpg 800w, https:\/\/www.fraterinternacional.org\/wp-content\/uploads\/2021\/06\/fotos-voluntarios-FFHI-01.jpg 1000w\" sizes=\"(min-width: 2200px) 100vw, (min-width: 915px) 299px, (min-width: 824px) 399px, (min-width: 732px) 599px, (min-width: 640px) 732px, \" \/><\/div><\/a><\/div><\/div><div style=\"padding:1px;\" class=\"fusion-grid-column fusion-gallery-column fusion-gallery-column-4 hover-type-none fusion-element-grid\"><div class=\"fusion-gallery-image\"><a href=\"https:\/\/www.fraterinternacional.org\/wp-content\/uploads\/2021\/06\/fotos-voluntarios-FFHI02.jpg\" rel=\"noreferrer\" data-rel=\"iLightbox[gallery_image_1]\" class=\"fusion-lightbox\" target=\"_self\"><div style=\"background-image:url(https:\/\/www.fraterinternacional.org\/wp-content\/uploads\/2021\/06\/fotos-voluntarios-FFHI02.jpg);padding-top:calc((100% + 2px) * 0.8 - 1px);background-position:;\" class=\"fusion-masonry-element-container\"><img decoding=\"async\" src=\"https:\/\/www.fraterinternacional.org\/wp-content\/uploads\/2021\/06\/fotos-voluntarios-FFHI02.jpg\" width=\"1000\" height=\"667\" alt=\"Seja volunt\u00e1rio da Fraternidade \u2013 Humanit\u00e1ria (FFHI)\" title=\"fotos-voluntarios-FFHI02\" aria-label=\"fotos-voluntarios-FFHI02\" class=\"img-responsive wp-image-122054\" srcset=\"https:\/\/www.fraterinternacional.org\/wp-content\/uploads\/2021\/06\/fotos-voluntarios-FFHI02-200x133.jpg 200w, https:\/\/www.fraterinternacional.org\/wp-content\/uploads\/2021\/06\/fotos-voluntarios-FFHI02-400x267.jpg 400w, https:\/\/www.fraterinternacional.org\/wp-content\/uploads\/2021\/06\/fotos-voluntarios-FFHI02-600x400.jpg 600w, https:\/\/www.fraterinternacional.org\/wp-content\/uploads\/2021\/06\/fotos-voluntarios-FFHI02-800x534.jpg 800w, https:\/\/www.fraterinternacional.org\/wp-content\/uploads\/2021\/06\/fotos-voluntarios-FFHI02.jpg 1000w\" sizes=\"(min-width: 2200px) 100vw, (min-width: 915px) 299px, (min-width: 824px) 399px, (min-width: 732px) 599px, (min-width: 640px) 732px, \" \/><\/div><\/a><\/div><\/div><div style=\"padding:1px;\" class=\"fusion-grid-column fusion-gallery-column fusion-gallery-column-4 hover-type-none fusion-element-landscape\"><div class=\"fusion-gallery-image\"><a href=\"https:\/\/www.fraterinternacional.org\/wp-content\/uploads\/2021\/06\/fotos-voluntarios-FFHI03.jpg\" rel=\"noreferrer\" data-rel=\"iLightbox[gallery_image_1]\" class=\"fusion-lightbox\" target=\"_self\"><div style=\"background-image:url(https:\/\/www.fraterinternacional.org\/wp-content\/uploads\/2021\/06\/fotos-voluntarios-FFHI03.jpg);padding-top:calc((100% + 2px) * 0.4 - 1px);background-position:;\" class=\"fusion-masonry-element-container\"><img decoding=\"async\" src=\"https:\/\/www.fraterinternacional.org\/wp-content\/uploads\/2021\/06\/fotos-voluntarios-FFHI03.jpg\" width=\"1000\" height=\"563\" alt=\"Seja volunt\u00e1rio da FFHI\" title=\"fotos-voluntarios-FFHI03\" aria-label=\"fotos-voluntarios-FFHI03\" class=\"img-responsive wp-image-122033\" srcset=\"https:\/\/www.fraterinternacional.org\/wp-content\/uploads\/2021\/06\/fotos-voluntarios-FFHI03-200x113.jpg 200w, https:\/\/www.fraterinternacional.org\/wp-content\/uploads\/2021\/06\/fotos-voluntarios-FFHI03-400x225.jpg 400w, https:\/\/www.fraterinternacional.org\/wp-content\/uploads\/2021\/06\/fotos-voluntarios-FFHI03-600x338.jpg 600w, https:\/\/www.fraterinternacional.org\/wp-content\/uploads\/2021\/06\/fotos-voluntarios-FFHI03-800x450.jpg 800w, https:\/\/www.fraterinternacional.org\/wp-content\/uploads\/2021\/06\/fotos-voluntarios-FFHI03.jpg 1000w\" sizes=\"(min-width: 2200px) 100vw, (min-width: 732px) 600px, (min-width: 640px) 732px, \" \/><\/div><\/a><\/div><\/div><div style=\"padding:1px;\" class=\"fusion-grid-column fusion-gallery-column fusion-gallery-column-4 hover-type-none fusion-element-grid\"><div class=\"fusion-gallery-image\"><a href=\"https:\/\/www.fraterinternacional.org\/wp-content\/uploads\/2021\/06\/fotos-voluntarios-FFHI07.jpg\" rel=\"noreferrer\" data-rel=\"iLightbox[gallery_image_1]\" class=\"fusion-lightbox\" target=\"_self\"><div style=\"background-image:url(https:\/\/www.fraterinternacional.org\/wp-content\/uploads\/2021\/06\/fotos-voluntarios-FFHI07.jpg);padding-top:calc((100% + 2px) * 0.8 - 1px);background-position:;\" class=\"fusion-masonry-element-container\"><img decoding=\"async\" src=\"https:\/\/www.fraterinternacional.org\/wp-content\/uploads\/2021\/06\/fotos-voluntarios-FFHI07.jpg\" width=\"1000\" height=\"750\" alt=\"Seja volunt\u00e1rio da Fraternidade \u2013 Humanit\u00e1ria (FFHI)\" title=\"fotos-voluntarios-FFHI07\" aria-label=\"fotos-voluntarios-FFHI07\" class=\"img-responsive wp-image-122045\" srcset=\"https:\/\/www.fraterinternacional.org\/wp-content\/uploads\/2021\/06\/fotos-voluntarios-FFHI07-200x150.jpg 200w, https:\/\/www.fraterinternacional.org\/wp-content\/uploads\/2021\/06\/fotos-voluntarios-FFHI07-400x300.jpg 400w, https:\/\/www.fraterinternacional.org\/wp-content\/uploads\/2021\/06\/fotos-voluntarios-FFHI07-600x450.jpg 600w, https:\/\/www.fraterinternacional.org\/wp-content\/uploads\/2021\/06\/fotos-voluntarios-FFHI07-800x600.jpg 800w, https:\/\/www.fraterinternacional.org\/wp-content\/uploads\/2021\/06\/fotos-voluntarios-FFHI07.jpg 1000w\" sizes=\"(min-width: 2200px) 100vw, (min-width: 915px) 299px, (min-width: 824px) 399px, (min-width: 732px) 599px, (min-width: 640px) 732px, \" \/><\/div><\/a><\/div><\/div><div style=\"padding:1px;\" class=\"fusion-grid-column fusion-gallery-column fusion-gallery-column-4 hover-type-none fusion-element-grid\"><div class=\"fusion-gallery-image\"><a href=\"https:\/\/www.fraterinternacional.org\/wp-content\/uploads\/2021\/06\/fotos-voluntarios-FFHI06.jpg\" rel=\"noreferrer\" data-rel=\"iLightbox[gallery_image_1]\" class=\"fusion-lightbox\" target=\"_self\"><div style=\"background-image:url(https:\/\/www.fraterinternacional.org\/wp-content\/uploads\/2021\/06\/fotos-voluntarios-FFHI06.jpg);padding-top:calc((100% + 2px) * 0.8 - 1px);background-position:;\" class=\"fusion-masonry-element-container\"><img decoding=\"async\" src=\"https:\/\/www.fraterinternacional.org\/wp-content\/uploads\/2021\/06\/fotos-voluntarios-FFHI06.jpg\" width=\"1000\" height=\"667\" alt=\"Seja volunt\u00e1rio da Fraternidade \u2013 Humanit\u00e1ria (FFHI)\" title=\"fotos-voluntarios-FFHI06\" aria-label=\"fotos-voluntarios-FFHI06\" class=\"img-responsive wp-image-122042\" srcset=\"https:\/\/www.fraterinternacional.org\/wp-content\/uploads\/2021\/06\/fotos-voluntarios-FFHI06-200x133.jpg 200w, https:\/\/www.fraterinternacional.org\/wp-content\/uploads\/2021\/06\/fotos-voluntarios-FFHI06-400x267.jpg 400w, https:\/\/www.fraterinternacional.org\/wp-content\/uploads\/2021\/06\/fotos-voluntarios-FFHI06-600x400.jpg 600w, https:\/\/www.fraterinternacional.org\/wp-content\/uploads\/2021\/06\/fotos-voluntarios-FFHI06-800x534.jpg 800w, https:\/\/www.fraterinternacional.org\/wp-content\/uploads\/2021\/06\/fotos-voluntarios-FFHI06.jpg 1000w\" sizes=\"(min-width: 2200px) 100vw, (min-width: 915px) 299px, (min-width: 824px) 399px, (min-width: 732px) 599px, (min-width: 640px) 732px, \" \/><\/div><\/a><\/div><\/div><div style=\"padding:1px;\" class=\"fusion-grid-column fusion-gallery-column fusion-gallery-column-4 hover-type-none fusion-element-grid\"><div class=\"fusion-gallery-image\"><a href=\"https:\/\/www.fraterinternacional.org\/wp-content\/uploads\/2021\/06\/fotos-voluntarios-FFHI05.jpg\" rel=\"noreferrer\" data-rel=\"iLightbox[gallery_image_1]\" class=\"fusion-lightbox\" target=\"_self\"><div style=\"background-image:url(https:\/\/www.fraterinternacional.org\/wp-content\/uploads\/2021\/06\/fotos-voluntarios-FFHI05.jpg);padding-top:calc((100% + 2px) * 0.8 - 1px);background-position:;\" class=\"fusion-masonry-element-container\"><img decoding=\"async\" src=\"https:\/\/www.fraterinternacional.org\/wp-content\/uploads\/2021\/06\/fotos-voluntarios-FFHI05.jpg\" width=\"1000\" height=\"667\" alt=\"Seja volunt\u00e1rio da Fraternidade \u2013 Humanit\u00e1ria (FFHI)\" title=\"fotos-voluntarios-FFHI05\" aria-label=\"fotos-voluntarios-FFHI05\" class=\"img-responsive wp-image-122039\" srcset=\"https:\/\/www.fraterinternacional.org\/wp-content\/uploads\/2021\/06\/fotos-voluntarios-FFHI05-200x133.jpg 200w, https:\/\/www.fraterinternacional.org\/wp-content\/uploads\/2021\/06\/fotos-voluntarios-FFHI05-400x267.jpg 400w, https:\/\/www.fraterinternacional.org\/wp-content\/uploads\/2021\/06\/fotos-voluntarios-FFHI05-600x400.jpg 600w, https:\/\/www.fraterinternacional.org\/wp-content\/uploads\/2021\/06\/fotos-voluntarios-FFHI05-800x534.jpg 800w, https:\/\/www.fraterinternacional.org\/wp-content\/uploads\/2021\/06\/fotos-voluntarios-FFHI05.jpg 1000w\" sizes=\"(min-width: 2200px) 100vw, (min-width: 915px) 299px, (min-width: 824px) 399px, (min-width: 732px) 599px, (min-width: 640px) 732px, \" \/><\/div><\/a><\/div><\/div><div style=\"padding:1px;\" class=\"fusion-grid-column fusion-gallery-column fusion-gallery-column-4 hover-type-none fusion-element-grid\"><div class=\"fusion-gallery-image\"><a href=\"https:\/\/www.fraterinternacional.org\/wp-content\/uploads\/2021\/06\/fotos-voluntarios-FFHI04.jpg\" rel=\"noreferrer\" data-rel=\"iLightbox[gallery_image_1]\" class=\"fusion-lightbox\" target=\"_self\"><div style=\"background-image:url(https:\/\/www.fraterinternacional.org\/wp-content\/uploads\/2021\/06\/fotos-voluntarios-FFHI04.jpg);padding-top:calc((100% + 2px) * 0.8 - 1px);background-position:;\" class=\"fusion-masonry-element-container\"><img decoding=\"async\" src=\"https:\/\/www.fraterinternacional.org\/wp-content\/uploads\/2021\/06\/fotos-voluntarios-FFHI04.jpg\" width=\"1000\" height=\"667\" alt=\"Seja volunt\u00e1rio da Fraternidade \u2013 Humanit\u00e1ria (FFHI)\" title=\"fotos-voluntarios-FFHI04\" aria-label=\"fotos-voluntarios-FFHI04\" class=\"img-responsive wp-image-122036\" srcset=\"https:\/\/www.fraterinternacional.org\/wp-content\/uploads\/2021\/06\/fotos-voluntarios-FFHI04-200x133.jpg 200w, https:\/\/www.fraterinternacional.org\/wp-content\/uploads\/2021\/06\/fotos-voluntarios-FFHI04-400x267.jpg 400w, https:\/\/www.fraterinternacional.org\/wp-content\/uploads\/2021\/06\/fotos-voluntarios-FFHI04-600x400.jpg 600w, https:\/\/www.fraterinternacional.org\/wp-content\/uploads\/2021\/06\/fotos-voluntarios-FFHI04-800x534.jpg 800w, https:\/\/www.fraterinternacional.org\/wp-content\/uploads\/2021\/06\/fotos-voluntarios-FFHI04.jpg 1000w\" sizes=\"(min-width: 2200px) 100vw, (min-width: 915px) 299px, (min-width: 824px) 399px, (min-width: 732px) 599px, (min-width: 640px) 732px, \" \/><\/div><\/a><\/div><\/div><\/div><\/div><\/div><\/div><\/div><\/div>\n","protected":false},"excerpt":{"rendered":"","protected":false},"author":4,"featured_media":125405,"parent":0,"menu_order":0,"comment_status":"closed","ping_status":"closed","template":"","meta":{"footnotes":""},"class_list":["post-116830","page","type-page","status-publish","has-post-thumbnail","hentry"],"yoast_head":"<!-- This site is optimized with the Yoast SEO Premium plugin v21.0 (Yoast SEO v21.0) - https:\/\/yoast.com\/wordpress\/plugins\/seo\/ -->\n<title>Sea voluntario - Fraternidade - Federa\u00e7\u00e3o Humanit\u00e1ria Internacional<\/title>\n<meta name=\"description\" content=\"\u00a1Quisiera saber m\u00e1s sobre nuestro Proceso de Aproximaci\u00f3n al trabajo voluntario? Lea hasta el final y complete nuestro formulario.\" \/>\n<meta name=\"robots\" content=\"index, follow, max-snippet:-1, max-image-preview:large, max-video-preview:-1\" \/>\n<link rel=\"canonical\" href=\"https:\/\/www.fraterinternacional.org\/es\/sea-voluntario\/\" \/>\n<meta property=\"og:locale\" content=\"es_ES\" \/>\n<meta property=\"og:type\" content=\"article\" \/>\n<meta property=\"og:title\" content=\"Sea voluntario\" \/>\n<meta property=\"og:description\" content=\"\u00a1Quisiera saber m\u00e1s sobre nuestro Proceso de Aproximaci\u00f3n al trabajo voluntario? Lea hasta el final y complete nuestro formulario.\" \/>\n<meta property=\"og:url\" content=\"https:\/\/www.fraterinternacional.org\/es\/sea-voluntario\/\" \/>\n<meta property=\"og:site_name\" content=\"Fraternidade - Federa\u00e7\u00e3o Humanit\u00e1ria Internacional\" \/>\n<meta property=\"article:publisher\" content=\"https:\/\/www.facebook.com\/fraternidadehumanitaria\" \/>\n<meta property=\"article:modified_time\" content=\"2022-10-27T21:20:37+00:00\" \/>\n<meta property=\"og:image\" content=\"https:\/\/www.fraterinternacional.org\/wp-content\/uploads\/2022\/10\/Dia_Meio_Ambiente_Comunidade_LUz_FFHI_6.jpg\" \/>\n\t<meta property=\"og:image:width\" content=\"1280\" \/>\n\t<meta property=\"og:image:height\" content=\"960\" \/>\n\t<meta property=\"og:image:type\" content=\"image\/jpeg\" \/>\n<meta name=\"twitter:card\" content=\"summary_large_image\" \/>\n<meta name=\"twitter:site\" content=\"@fraternidadeFHI\" \/>\n<meta name=\"twitter:label1\" content=\"Tiempo de lectura\" \/>\n\t<meta name=\"twitter:data1\" content=\"3 minutos\" \/>\n<script type=\"application\/ld+json\" class=\"yoast-schema-graph\">{\"@context\":\"https:\/\/schema.org\",\"@graph\":[{\"@type\":\"WebPage\",\"@id\":\"https:\/\/www.fraterinternacional.org\/es\/sea-voluntario\/\",\"url\":\"https:\/\/www.fraterinternacional.org\/es\/sea-voluntario\/\",\"name\":\"Sea voluntario - Fraternidade - Federa\u00e7\u00e3o Humanit\u00e1ria Internacional\",\"isPartOf\":{\"@id\":\"https:\/\/www.fraterinternacional.org\/es\/#website\"},\"datePublished\":\"2020-07-28T15:38:21+00:00\",\"dateModified\":\"2022-10-27T21:20:37+00:00\",\"description\":\"\u00a1Quisiera saber m\u00e1s sobre nuestro Proceso de Aproximaci\u00f3n al trabajo voluntario? Lea hasta el final y complete nuestro formulario.\",\"breadcrumb\":{\"@id\":\"https:\/\/www.fraterinternacional.org\/es\/sea-voluntario\/#breadcrumb\"},\"inLanguage\":\"es\",\"potentialAction\":[{\"@type\":\"ReadAction\",\"target\":[\"https:\/\/www.fraterinternacional.org\/es\/sea-voluntario\/\"]}]},{\"@type\":\"BreadcrumbList\",\"@id\":\"https:\/\/www.fraterinternacional.org\/es\/sea-voluntario\/#breadcrumb\",\"itemListElement\":[{\"@type\":\"ListItem\",\"position\":1,\"name\":\"In\u00edcio\",\"item\":\"https:\/\/www.fraterinternacional.org\/es\/\"},{\"@type\":\"ListItem\",\"position\":2,\"name\":\"Sea voluntario\"}]},{\"@type\":\"WebSite\",\"@id\":\"https:\/\/www.fraterinternacional.org\/es\/#website\",\"url\":\"https:\/\/www.fraterinternacional.org\/es\/\",\"name\":\"Fraternidade - Federa\u00e7\u00e3o Humanit\u00e1ria Internacional\",\"description\":\"Fraternidade - Federa\u00e7\u00e3o Humanit\u00e1ria Internacional\",\"potentialAction\":[{\"@type\":\"SearchAction\",\"target\":{\"@type\":\"EntryPoint\",\"urlTemplate\":\"https:\/\/www.fraterinternacional.org\/es\/?s={search_term_string}\"},\"query-input\":\"required name=search_term_string\"}],\"inLanguage\":\"es\"}]}<\/script>\n<!-- \/ Yoast SEO Premium plugin. -->","yoast_head_json":{"title":"Sea voluntario - Fraternidade - Federa\u00e7\u00e3o Humanit\u00e1ria Internacional","description":"\u00a1Quisiera saber m\u00e1s sobre nuestro Proceso de Aproximaci\u00f3n al trabajo voluntario? Lea hasta el final y complete nuestro formulario.","robots":{"index":"index","follow":"follow","max-snippet":"max-snippet:-1","max-image-preview":"max-image-preview:large","max-video-preview":"max-video-preview:-1"},"canonical":"https:\/\/www.fraterinternacional.org\/es\/sea-voluntario\/","og_locale":"es_ES","og_type":"article","og_title":"Sea voluntario","og_description":"\u00a1Quisiera saber m\u00e1s sobre nuestro Proceso de Aproximaci\u00f3n al trabajo voluntario? Lea hasta el final y complete nuestro formulario.","og_url":"https:\/\/www.fraterinternacional.org\/es\/sea-voluntario\/","og_site_name":"Fraternidade - Federa\u00e7\u00e3o Humanit\u00e1ria Internacional","article_publisher":"https:\/\/www.facebook.com\/fraternidadehumanitaria","article_modified_time":"2022-10-27T21:20:37+00:00","og_image":[{"width":1280,"height":960,"url":"https:\/\/www.fraterinternacional.org\/wp-content\/uploads\/2022\/10\/Dia_Meio_Ambiente_Comunidade_LUz_FFHI_6.jpg","type":"image\/jpeg"}],"twitter_card":"summary_large_image","twitter_site":"@fraternidadeFHI","twitter_misc":{"Tiempo de lectura":"3 minutos"},"schema":{"@context":"https:\/\/schema.org","@graph":[{"@type":"WebPage","@id":"https:\/\/www.fraterinternacional.org\/es\/sea-voluntario\/","url":"https:\/\/www.fraterinternacional.org\/es\/sea-voluntario\/","name":"Sea voluntario - Fraternidade - Federa\u00e7\u00e3o Humanit\u00e1ria Internacional","isPartOf":{"@id":"https:\/\/www.fraterinternacional.org\/es\/#website"},"datePublished":"2020-07-28T15:38:21+00:00","dateModified":"2022-10-27T21:20:37+00:00","description":"\u00a1Quisiera saber m\u00e1s sobre nuestro Proceso de Aproximaci\u00f3n al trabajo voluntario? Lea hasta el final y complete nuestro formulario.","breadcrumb":{"@id":"https:\/\/www.fraterinternacional.org\/es\/sea-voluntario\/#breadcrumb"},"inLanguage":"es","potentialAction":[{"@type":"ReadAction","target":["https:\/\/www.fraterinternacional.org\/es\/sea-voluntario\/"]}]},{"@type":"BreadcrumbList","@id":"https:\/\/www.fraterinternacional.org\/es\/sea-voluntario\/#breadcrumb","itemListElement":[{"@type":"ListItem","position":1,"name":"In\u00edcio","item":"https:\/\/www.fraterinternacional.org\/es\/"},{"@type":"ListItem","position":2,"name":"Sea voluntario"}]},{"@type":"WebSite","@id":"https:\/\/www.fraterinternacional.org\/es\/#website","url":"https:\/\/www.fraterinternacional.org\/es\/","name":"Fraternidade - Federa\u00e7\u00e3o Humanit\u00e1ria Internacional","description":"Fraternidade - Federa\u00e7\u00e3o Humanit\u00e1ria Internacional","potentialAction":[{"@type":"SearchAction","target":{"@type":"EntryPoint","urlTemplate":"https:\/\/www.fraterinternacional.org\/es\/?s={search_term_string}"},"query-input":"required name=search_term_string"}],"inLanguage":"es"}]}},"_links":{"self":[{"href":"https:\/\/www.fraterinternacional.org\/es\/wp-json\/wp\/v2\/pages\/116830"}],"collection":[{"href":"https:\/\/www.fraterinternacional.org\/es\/wp-json\/wp\/v2\/pages"}],"about":[{"href":"https:\/\/www.fraterinternacional.org\/es\/wp-json\/wp\/v2\/types\/page"}],"author":[{"embeddable":true,"href":"https:\/\/www.fraterinternacional.org\/es\/wp-json\/wp\/v2\/users\/4"}],"replies":[{"embeddable":true,"href":"https:\/\/www.fraterinternacional.org\/es\/wp-json\/wp\/v2\/comments?post=116830"}],"version-history":[{"count":0,"href":"https:\/\/www.fraterinternacional.org\/es\/wp-json\/wp\/v2\/pages\/116830\/revisions"}],"wp:featuredmedia":[{"embeddable":true,"href":"https:\/\/www.fraterinternacional.org\/es\/wp-json\/wp\/v2\/media\/125405"}],"wp:attachment":[{"href":"https:\/\/www.fraterinternacional.org\/es\/wp-json\/wp\/v2\/media?parent=116830"}],"curies":[{"name":"wp","href":"https:\/\/api.w.org\/{rel}","templated":true}]}}