{"id":105443,"date":"2019-07-04T22:13:38","date_gmt":"2019-07-05T01:13:38","guid":{"rendered":"https:\/\/www.fraterinternacional.org\/?page_id=105443"},"modified":"2025-03-14T07:53:58","modified_gmt":"2025-03-14T10:53:58","slug":"nucleo-luz-sao-paulo","status":"publish","type":"page","link":"https:\/\/www.fraterinternacional.org\/es\/afiliadas\/nucleo-luz-sao-paulo\/","title":{"rendered":"N\u00facleo-Luz S\u00e3o Paulo"},"content":{"rendered":"<p><div class=\"fusion-fullwidth fullwidth-box fusion-builder-row-1 fusion-flex-container fusion-parallax-none hundred-percent-fullwidth non-hundred-percent-height-scrolling\" style=\"--awb-border-radius-top-left:0px;--awb-border-radius-top-right:0px;--awb-border-radius-bottom-right:0px;--awb-border-radius-bottom-left:0px;--awb-padding-top:300px;--awb-padding-bottom:300px;--awb-margin-bottom:-50px;--awb-background-image:url(&quot;https:\/\/www.fraterinternacional.org\/wp-content\/uploads\/2021\/06\/banner-nl-SP01.jpg&quot;);--awb-background-size:cover;--awb-flex-wrap:wrap;\" ><div class=\"fusion-builder-row fusion-row fusion-flex-align-items-flex-start fusion-flex-content-wrap\" style=\"width:104% !important;max-width:104% !important;margin-left: calc(-4% \/ 2 );margin-right: calc(-4% \/ 2 );\"><div class=\"fusion-layout-column fusion_builder_column fusion-builder-column-0 fusion_builder_column_1_1 1_1 fusion-flex-column\" style=\"--awb-bg-size:cover;--awb-width-large:100%;--awb-margin-top-large:0px;--awb-spacing-right-large:1.92%;--awb-margin-bottom-large:20px;--awb-spacing-left-large:1.92%;--awb-width-medium:100%;--awb-order-medium:0;--awb-spacing-right-medium:1.92%;--awb-spacing-left-medium:1.92%;--awb-width-small:100%;--awb-order-small:0;--awb-spacing-right-small:1.92%;--awb-spacing-left-small:1.92%;\"><div class=\"fusion-column-wrapper fusion-column-has-shadow fusion-flex-justify-content-flex-start fusion-content-layout-column\"><\/div><\/div><\/div><\/div><div class=\"fusion-fullwidth fullwidth-box fusion-builder-row-2 fusion-flex-container nonhundred-percent-fullwidth non-hundred-percent-height-scrolling\" style=\"--awb-border-radius-top-left:0px;--awb-border-radius-top-right:0px;--awb-border-radius-bottom-right:0px;--awb-border-radius-bottom-left:0px;--awb-padding-right:0px;--awb-padding-left:0px;--awb-flex-wrap:wrap;\" ><div class=\"fusion-builder-row fusion-row fusion-flex-align-items-center fusion-flex-content-wrap\" style=\"max-width:1248px;margin-left: calc(-4% \/ 2 );margin-right: calc(-4% \/ 2 );\"><div class=\"fusion-layout-column fusion_builder_column fusion-builder-column-1 fusion_builder_column_1_3 1_3 fusion-flex-column\" style=\"--awb-bg-size:cover;--awb-width-large:33.333333333333%;--awb-margin-top-large:0px;--awb-spacing-right-large:5.76%;--awb-margin-bottom-large:20px;--awb-spacing-left-large:5.76%;--awb-width-medium:100%;--awb-order-medium:0;--awb-spacing-right-medium:1.92%;--awb-spacing-left-medium:1.92%;--awb-width-small:100%;--awb-order-small:0;--awb-spacing-right-small:1.92%;--awb-spacing-left-small:1.92%;\"><div class=\"fusion-column-wrapper fusion-column-has-shadow fusion-flex-justify-content-flex-start fusion-content-layout-column\"><div class=\"fusion-image-element \" style=\"--awb-caption-title-font-family:var(--h2_typography-font-family);--awb-caption-title-font-weight:var(--h2_typography-font-weight);--awb-caption-title-font-style:var(--h2_typography-font-style);--awb-caption-title-size:var(--h2_typography-font-size);--awb-caption-title-transform:var(--h2_typography-text-transform);--awb-caption-title-line-height:var(--h2_typography-line-height);--awb-caption-title-letter-spacing:var(--h2_typography-letter-spacing);\"><span class=\" fusion-imageframe imageframe-none imageframe-1 hover-type-none\"><img decoding=\"async\" width=\"480\" height=\"384\" title=\"logo-figueira-nova\" src=\"https:\/\/www.fraterinternacional.org\/wp-content\/uploads\/2022\/10\/logo-figueira-nova.png\" alt class=\"img-responsive wp-image-125425\" srcset=\"https:\/\/www.fraterinternacional.org\/wp-content\/uploads\/2022\/10\/logo-figueira-nova-200x160.png 200w, https:\/\/www.fraterinternacional.org\/wp-content\/uploads\/2022\/10\/logo-figueira-nova-400x320.png 400w, https:\/\/www.fraterinternacional.org\/wp-content\/uploads\/2022\/10\/logo-figueira-nova.png 480w\" sizes=\"(max-width: 1024px) 100vw, (max-width: 640px) 100vw, 400px\" \/><\/span><\/div><\/div><\/div><div class=\"fusion-layout-column fusion_builder_column fusion-builder-column-2 fusion_builder_column_2_3 2_3 fusion-flex-column\" style=\"--awb-padding-top:30px;--awb-padding-right:10px;--awb-padding-bottom:10px;--awb-padding-left:50px;--awb-bg-color:#c4718d;--awb-bg-color-hover:#c4718d;--awb-bg-size:cover;--awb-width-large:66.666666666667%;--awb-margin-top-large:0px;--awb-spacing-right-large:0;--awb-margin-bottom-large:20px;--awb-spacing-left-large:-100px;--awb-width-medium:100%;--awb-order-medium:0;--awb-spacing-right-medium:1.92%;--awb-spacing-left-medium:1.92%;--awb-width-small:100%;--awb-order-small:0;--awb-spacing-right-small:1.92%;--awb-spacing-left-small:1.92%;\" data-motion-effects=\"[{&quot;type&quot;:&quot;&quot;,&quot;scroll_type&quot;:&quot;transition&quot;,&quot;scroll_direction&quot;:&quot;up&quot;,&quot;transition_speed&quot;:&quot;1&quot;,&quot;fade_type&quot;:&quot;in&quot;,&quot;scale_type&quot;:&quot;up&quot;,&quot;initial_scale&quot;:&quot;1&quot;,&quot;max_scale&quot;:&quot;1.5&quot;,&quot;min_scale&quot;:&quot;0.5&quot;,&quot;initial_rotate&quot;:&quot;0&quot;,&quot;end_rotate&quot;:&quot;30&quot;,&quot;initial_blur&quot;:&quot;0&quot;,&quot;end_blur&quot;:&quot;3&quot;,&quot;start_element&quot;:&quot;top&quot;,&quot;start_viewport&quot;:&quot;bottom&quot;,&quot;end_element&quot;:&quot;bottom&quot;,&quot;end_viewport&quot;:&quot;top&quot;,&quot;mouse_effect&quot;:&quot;track&quot;,&quot;mouse_effect_direction&quot;:&quot;opposite&quot;,&quot;mouse_effect_speed&quot;:&quot;2&quot;,&quot;infinite_animation&quot;:&quot;float&quot;,&quot;infinite_animation_speed&quot;:&quot;2&quot;}]\" data-scroll-devices=\"small-visibility,medium-visibility,large-visibility\"><div class=\"fusion-column-wrapper fusion-column-has-shadow fusion-flex-justify-content-flex-start fusion-content-layout-column\"><div class=\"fusion-title title fusion-title-1 fusion-sep-none fusion-title-text fusion-title-size-two\" style=\"--awb-text-color:#ffffff;--awb-margin-bottom:-10px;\"><h2 class=\"fusion-title-heading title-heading-left fusion-responsive-typography-calculated\" style=\"margin:0;--fontSize:38;line-height:1.35;\">N\u00facleo-Luz Sagrada Casa de Mar\u00eda Madre Paulista<\/h2><\/div><div class=\"fusion-title title fusion-title-2 fusion-sep-none fusion-title-text fusion-title-size-five\" style=\"--awb-text-color:#ffffff;\"><h5 class=\"fusion-title-heading title-heading-left fusion-responsive-typography-calculated\" style=\"margin:0;--fontSize:16;--minFontSize:16;line-height:1.5;\">S\u00e3o Paulo, SP, Brasil<\/h5><\/div><\/div><\/div><\/div><\/div><div class=\"fusion-fullwidth fullwidth-box fusion-builder-row-3 fusion-flex-container nonhundred-percent-fullwidth non-hundred-percent-height-scrolling\" style=\"--awb-border-radius-top-left:0px;--awb-border-radius-top-right:0px;--awb-border-radius-bottom-right:0px;--awb-border-radius-bottom-left:0px;--awb-flex-wrap:wrap;\" ><div class=\"fusion-builder-row fusion-row fusion-flex-align-items-flex-start fusion-flex-content-wrap\" style=\"max-width:1248px;margin-left: calc(-4% \/ 2 );margin-right: calc(-4% \/ 2 );\"><div class=\"fusion-layout-column fusion_builder_column fusion-builder-column-3 fusion_builder_column_1_1 1_1 fusion-flex-column\" style=\"--awb-bg-size:cover;--awb-width-large:100%;--awb-margin-top-large:0px;--awb-spacing-right-large:1.92%;--awb-margin-bottom-large:20px;--awb-spacing-left-large:1.92%;--awb-width-medium:100%;--awb-order-medium:0;--awb-spacing-right-medium:1.92%;--awb-spacing-left-medium:1.92%;--awb-width-small:100%;--awb-order-small:0;--awb-spacing-right-small:1.92%;--awb-spacing-left-small:1.92%;\"><div class=\"fusion-column-wrapper fusion-column-has-shadow fusion-flex-justify-content-flex-start fusion-content-layout-column\"><div class=\"fusion-text fusion-text-1\"><p>El Sector Reinos del N\u00facleo-Luz de San Pablo se dedica a preservar una peque\u00f1a reserva de bosque nativo donde se ubica la propiedad y a cultivar un \u00e1rea de aproximadamente 500m2 de agrofloresta, frutales, huerta y jardines. El \u00e1rea se ofrece al voluntariado en las actividades de cultivo, preservaci\u00f3n de semillas, mantenimiento y cuidado de \u00e1reas al aire libre como una preciosa oportunidad para colocar al alma en un estado de apertura, cura y gratitud hacia los Reinos de la Naturaleza: Humano, Vegetal, Mineral y Animal.<\/p>\n<p>Algunas de estas actividades se desarrollan en la regi\u00f3n aleda\u00f1a, donde el Sector Servicios opera semanalmente realizando talleres con ni\u00f1os de la comunidad de Carapicu\u00edba. Los voluntarios desarrollan este trabajo y son quienes gu\u00edan a los ni\u00f1os en diversas actividades educativas y l\u00fadicas, como telar, tejido, costura, dibujo, teatro y juegos cooperativos. El Sector Servicios tambi\u00e9n organiza la peregrinaci\u00f3n de familias de la comunidad de Carapicu\u00edba al Centro Mariano de Figueira, colabora como apoyo a la Pastoral da Crian\u00e7a (Pastoral de la Ni\u00f1ez) y une a los colaboradores j\u00f3venes del N\u00facleo-Luz en diversas acciones.<\/p>\n<p>En el Sector de Instrucci\u00f3n y Difusi\u00f3n de la Ense\u00f1anza del N\u00facleo-Luz de San Pablo, el objetivo es el desarrollo y expansi\u00f3n de la consciencia a trav\u00e9s de un vasto material que incluye toda la Obra de la Fraternidad &#8211; Humanitaria (FFHI). Para ello, el sector organiza reuniones para estudios grupales, adem\u00e1s de poner a disposici\u00f3n y distribuir libros, estudios grabados e informaci\u00f3n relevante a las diversas ramificaciones del trabajo.<\/p>\n<p>En el N\u00facleo-Luz se encuentra tambi\u00e9n el <strong>Monasterio de la Divina Trinidad<\/strong>, vinculado a la Orden Gracia Misericordia. El contacto con la liturgia mon\u00e1stica se da en encuentros diarios de oraci\u00f3n y Adoraci\u00f3n al Sant\u00edsimo Sacramento, que representan momentos de profunda conexi\u00f3n espiritual y aproximaci\u00f3n a la energ\u00eda de la vida consagrada.<\/p>\n<p><strong>\u00c1reas de Acci\u00f3n<\/strong>: <span style=\"font-weight: 400;\">Servicio Altruista, Vivencia Grupal, Educaci\u00f3n, Arte y Cultura, Cuidado de la Naturaleza y Actividades ecum\u00e9nicas y espirituales<\/span><\/p>\n<p><strong>Contacto<\/strong>: nucleosp@comunidadefigueira.org.br<\/p>\n<h3>Colabore con nuestras actividades<\/h3>\n<p style=\"text-align: left;\"><i class=\"fas fa-university\"><\/i><strong>\u00a0Dep\u00f3sito, transferencia o PIX<\/strong><\/p>\n<p style=\"text-align: left;\"><strong>Raz\u00f3n Social<\/strong>: Associa\u00e7\u00e3o N\u00facleo-Luz de Figueira em S\u00e3o Paulo &#8211; Sagrada Casa de Maria, M\u00e3e Paulista<br \/>\n<strong>CNPJ<\/strong>: 27.173.592\/0001-08<\/p>\n<p style=\"text-align: left;\">BANCO ITA\u00da<br \/>\n<strong>Ag<\/strong>: 0167<br \/>\n<strong>C\/C<\/strong>: 24.089-4<\/p>\n<\/div><div class=\"fusion-image-carousel fusion-image-carousel-fixed fusion-image-carousel-1 lightbox-enabled fusion-carousel-border\"><div class=\"awb-carousel awb-swiper awb-swiper-carousel\" data-autoplay=\"yes\" data-columns=\"6\" data-itemmargin=\"3\" data-itemwidth=\"180\" data-touchscroll=\"no\" data-imagesize=\"fixed\" style=\"--awb-columns:6;--awb-column-spacing:3px;\"><div class=\"swiper-wrapper awb-image-carousel-wrapper fusion-flex-align-items-center\"><div class=\"swiper-slide\"><div class=\"fusion-carousel-item-wrapper\"><div class=\"fusion-image-wrapper hover-type-liftup\"><a data-rel=\"iLightbox[image_carousel_1]\" data-title=\"NLSP_9\" aria-label=\"NLSP_9\" href=\"https:\/\/www.fraterinternacional.org\/wp-content\/uploads\/2019\/06\/NLSP_9.png\" target=\"_self\"><img decoding=\"async\" width=\"320\" height=\"202\" src=\"https:\/\/www.fraterinternacional.org\/wp-content\/uploads\/2019\/06\/NLSP_9-320x202.png\" class=\"attachment-blog-medium size-blog-medium\" alt=\"\" \/><\/a><\/div><\/div><\/div><div class=\"swiper-slide\"><div class=\"fusion-carousel-item-wrapper\"><div class=\"fusion-image-wrapper hover-type-liftup\"><a data-rel=\"iLightbox[image_carousel_1]\" data-title=\"NLSP_7\" aria-label=\"NLSP_7\" href=\"https:\/\/www.fraterinternacional.org\/wp-content\/uploads\/2019\/06\/NLSP_7.png\" target=\"_self\"><img decoding=\"async\" width=\"320\" height=\"202\" src=\"https:\/\/www.fraterinternacional.org\/wp-content\/uploads\/2019\/06\/NLSP_7-320x202.png\" class=\"attachment-blog-medium size-blog-medium\" alt=\"\" \/><\/a><\/div><\/div><\/div><div class=\"swiper-slide\"><div class=\"fusion-carousel-item-wrapper\"><div class=\"fusion-image-wrapper hover-type-liftup\"><a data-rel=\"iLightbox[image_carousel_1]\" data-title=\"NLSP_5\" aria-label=\"NLSP_5\" href=\"https:\/\/www.fraterinternacional.org\/wp-content\/uploads\/2019\/06\/NLSP_5.png\" target=\"_self\"><img decoding=\"async\" width=\"320\" height=\"202\" src=\"https:\/\/www.fraterinternacional.org\/wp-content\/uploads\/2019\/06\/NLSP_5-320x202.png\" class=\"attachment-blog-medium size-blog-medium\" alt=\"\" \/><\/a><\/div><\/div><\/div><div class=\"swiper-slide\"><div class=\"fusion-carousel-item-wrapper\"><div class=\"fusion-image-wrapper hover-type-liftup\"><a data-rel=\"iLightbox[image_carousel_1]\" data-title=\"NLSP_4\" aria-label=\"NLSP_4\" href=\"https:\/\/www.fraterinternacional.org\/wp-content\/uploads\/2019\/06\/NLSP_4.png\" target=\"_self\"><img decoding=\"async\" width=\"320\" height=\"202\" src=\"https:\/\/www.fraterinternacional.org\/wp-content\/uploads\/2019\/06\/NLSP_4-320x202.png\" class=\"attachment-blog-medium size-blog-medium\" alt=\"\" \/><\/a><\/div><\/div><\/div><div class=\"swiper-slide\"><div class=\"fusion-carousel-item-wrapper\"><div class=\"fusion-image-wrapper hover-type-liftup\"><a data-rel=\"iLightbox[image_carousel_1]\" data-title=\"NLSP_1\" aria-label=\"NLSP_1\" href=\"https:\/\/www.fraterinternacional.org\/wp-content\/uploads\/2019\/06\/NLSP_1.png\" target=\"_self\"><img decoding=\"async\" width=\"320\" height=\"202\" src=\"https:\/\/www.fraterinternacional.org\/wp-content\/uploads\/2019\/06\/NLSP_1-320x202.png\" class=\"attachment-blog-medium size-blog-medium\" alt=\"\" \/><\/a><\/div><\/div><\/div><div class=\"swiper-slide\"><div class=\"fusion-carousel-item-wrapper\"><div class=\"fusion-image-wrapper hover-type-liftup\"><a data-rel=\"iLightbox[image_carousel_1]\" data-title=\"NLSP_15\" aria-label=\"NLSP_15\" href=\"https:\/\/www.fraterinternacional.org\/wp-content\/uploads\/2019\/06\/NLSP_15.png\" target=\"_self\"><img decoding=\"async\" width=\"320\" height=\"202\" src=\"https:\/\/www.fraterinternacional.org\/wp-content\/uploads\/2019\/06\/NLSP_15-320x202.png\" class=\"attachment-blog-medium size-blog-medium\" alt=\"\" \/><\/a><\/div><\/div><\/div><div class=\"swiper-slide\"><div class=\"fusion-carousel-item-wrapper\"><div class=\"fusion-image-wrapper hover-type-liftup\"><a data-rel=\"iLightbox[image_carousel_1]\" data-title=\"NLSP_14_paisagem\" aria-label=\"NLSP_14_paisagem\" href=\"https:\/\/www.fraterinternacional.org\/wp-content\/uploads\/2019\/06\/NLSP_14_paisagem.png\" target=\"_self\"><img decoding=\"async\" width=\"320\" height=\"202\" src=\"https:\/\/www.fraterinternacional.org\/wp-content\/uploads\/2019\/06\/NLSP_14_paisagem-320x202.png\" class=\"attachment-blog-medium size-blog-medium\" alt=\"\" \/><\/a><\/div><\/div><\/div><\/div><div class=\"awb-swiper-button awb-swiper-button-prev\"><i class=\"awb-icon-angle-left\" aria-hidden=\"true\"><\/i><\/div><div class=\"awb-swiper-button awb-swiper-button-next\"><i class=\"awb-icon-angle-right\" aria-hidden=\"true\"><\/i><\/div><\/div><\/div><div class=\"fusion-text fusion-text-2\"><p><a href=\"https:\/\/www.fraterinternacional.org\/es\/afiliadas\/\"><span style=\"color: #000000;\"><i class=\"fas fa-undo\"><\/i> volver a Afiliadas<\/span><\/a><\/p>\n<p><a href=\"https:\/\/www.fraterinternacional.org\/es\/\"><img decoding=\"async\" class=\"size-full wp-image-122167 aligncenter\" src=\"https:\/\/www.fraterinternacional.org\/wp-content\/uploads\/2021\/06\/logo-filiada-blk-ES03.png\" alt=\"Fraternidad \u2013 Humanitaria (FFHI)\" width=\"350\" height=\"123\" srcset=\"https:\/\/www.fraterinternacional.org\/wp-content\/uploads\/2021\/06\/logo-filiada-blk-ES03-200x70.png 200w, https:\/\/www.fraterinternacional.org\/wp-content\/uploads\/2021\/06\/logo-filiada-blk-ES03-300x105.png 300w, https:\/\/www.fraterinternacional.org\/wp-content\/uploads\/2021\/06\/logo-filiada-blk-ES03.png 350w\" sizes=\"(max-width: 350px) 100vw, 350px\" \/><\/a><\/p>\n<\/div><\/div><\/div><\/div><\/div><\/p>\n","protected":false},"excerpt":{"rendered":"","protected":false},"author":4,"featured_media":0,"parent":102380,"menu_order":0,"comment_status":"closed","ping_status":"closed","template":"100-width.php","meta":{"footnotes":""},"class_list":["post-105443","page","type-page","status-publish","hentry"],"yoast_head":"<!-- This site is optimized with the Yoast SEO Premium plugin v21.0 (Yoast SEO v21.0) - https:\/\/yoast.com\/wordpress\/plugins\/seo\/ -->\n<title>N\u00facleo-Luz S\u00e3o Paulo - Fraternidade - Federa\u00e7\u00e3o Humanit\u00e1ria Internacional<\/title>\n<meta name=\"robots\" content=\"index, follow, max-snippet:-1, max-image-preview:large, max-video-preview:-1\" \/>\n<link rel=\"canonical\" href=\"https:\/\/www.fraterinternacional.org\/es\/afiliadas\/nucleo-luz-sao-paulo\/\" \/>\n<meta property=\"og:locale\" content=\"es_ES\" \/>\n<meta property=\"og:type\" content=\"article\" \/>\n<meta property=\"og:title\" content=\"N\u00facleo-Luz S\u00e3o Paulo\" \/>\n<meta property=\"og:url\" content=\"https:\/\/www.fraterinternacional.org\/es\/afiliadas\/nucleo-luz-sao-paulo\/\" \/>\n<meta property=\"og:site_name\" content=\"Fraternidade - Federa\u00e7\u00e3o Humanit\u00e1ria Internacional\" \/>\n<meta property=\"article:publisher\" content=\"https:\/\/www.facebook.com\/fraternidadehumanitaria\" \/>\n<meta property=\"article:modified_time\" content=\"2025-03-14T10:53:58+00:00\" \/>\n<meta property=\"og:image\" content=\"https:\/\/www.fraterinternacional.org\/wp-content\/uploads\/2021\/06\/logo-filiada-blk-ES03.png\" \/>\n<meta name=\"twitter:card\" content=\"summary_large_image\" \/>\n<meta name=\"twitter:site\" content=\"@fraternidadeFHI\" \/>\n<meta name=\"twitter:label1\" content=\"Tiempo de lectura\" \/>\n\t<meta name=\"twitter:data1\" content=\"9 minutos\" \/>\n<script type=\"application\/ld+json\" class=\"yoast-schema-graph\">{\"@context\":\"https:\/\/schema.org\",\"@graph\":[{\"@type\":\"WebPage\",\"@id\":\"https:\/\/www.fraterinternacional.org\/es\/afiliadas\/nucleo-luz-sao-paulo\/\",\"url\":\"https:\/\/www.fraterinternacional.org\/es\/afiliadas\/nucleo-luz-sao-paulo\/\",\"name\":\"N\u00facleo-Luz S\u00e3o Paulo - Fraternidade - Federa\u00e7\u00e3o Humanit\u00e1ria Internacional\",\"isPartOf\":{\"@id\":\"https:\/\/www.fraterinternacional.org\/es\/#website\"},\"datePublished\":\"2019-07-05T01:13:38+00:00\",\"dateModified\":\"2025-03-14T10:53:58+00:00\",\"breadcrumb\":{\"@id\":\"https:\/\/www.fraterinternacional.org\/es\/afiliadas\/nucleo-luz-sao-paulo\/#breadcrumb\"},\"inLanguage\":\"es\",\"potentialAction\":[{\"@type\":\"ReadAction\",\"target\":[\"https:\/\/www.fraterinternacional.org\/es\/afiliadas\/nucleo-luz-sao-paulo\/\"]}]},{\"@type\":\"BreadcrumbList\",\"@id\":\"https:\/\/www.fraterinternacional.org\/es\/afiliadas\/nucleo-luz-sao-paulo\/#breadcrumb\",\"itemListElement\":[{\"@type\":\"ListItem\",\"position\":1,\"name\":\"In\u00edcio\",\"item\":\"https:\/\/www.fraterinternacional.org\/es\/\"},{\"@type\":\"ListItem\",\"position\":2,\"name\":\"Afiliadas\",\"item\":\"https:\/\/www.fraterinternacional.org\/es\/afiliadas\/\"},{\"@type\":\"ListItem\",\"position\":3,\"name\":\"N\u00facleo-Luz S\u00e3o Paulo\"}]},{\"@type\":\"WebSite\",\"@id\":\"https:\/\/www.fraterinternacional.org\/es\/#website\",\"url\":\"https:\/\/www.fraterinternacional.org\/es\/\",\"name\":\"Fraternidade - Federa\u00e7\u00e3o Humanit\u00e1ria Internacional\",\"description\":\"Fraternidade - Federa\u00e7\u00e3o Humanit\u00e1ria Internacional\",\"potentialAction\":[{\"@type\":\"SearchAction\",\"target\":{\"@type\":\"EntryPoint\",\"urlTemplate\":\"https:\/\/www.fraterinternacional.org\/es\/?s={search_term_string}\"},\"query-input\":\"required name=search_term_string\"}],\"inLanguage\":\"es\"}]}<\/script>\n<!-- \/ Yoast SEO Premium plugin. -->","yoast_head_json":{"title":"N\u00facleo-Luz S\u00e3o Paulo - Fraternidade - Federa\u00e7\u00e3o Humanit\u00e1ria Internacional","robots":{"index":"index","follow":"follow","max-snippet":"max-snippet:-1","max-image-preview":"max-image-preview:large","max-video-preview":"max-video-preview:-1"},"canonical":"https:\/\/www.fraterinternacional.org\/es\/afiliadas\/nucleo-luz-sao-paulo\/","og_locale":"es_ES","og_type":"article","og_title":"N\u00facleo-Luz S\u00e3o Paulo","og_url":"https:\/\/www.fraterinternacional.org\/es\/afiliadas\/nucleo-luz-sao-paulo\/","og_site_name":"Fraternidade - Federa\u00e7\u00e3o Humanit\u00e1ria Internacional","article_publisher":"https:\/\/www.facebook.com\/fraternidadehumanitaria","article_modified_time":"2025-03-14T10:53:58+00:00","og_image":[{"url":"https:\/\/www.fraterinternacional.org\/wp-content\/uploads\/2021\/06\/logo-filiada-blk-ES03.png"}],"twitter_card":"summary_large_image","twitter_site":"@fraternidadeFHI","twitter_misc":{"Tiempo de lectura":"9 minutos"},"schema":{"@context":"https:\/\/schema.org","@graph":[{"@type":"WebPage","@id":"https:\/\/www.fraterinternacional.org\/es\/afiliadas\/nucleo-luz-sao-paulo\/","url":"https:\/\/www.fraterinternacional.org\/es\/afiliadas\/nucleo-luz-sao-paulo\/","name":"N\u00facleo-Luz S\u00e3o Paulo - Fraternidade - Federa\u00e7\u00e3o Humanit\u00e1ria Internacional","isPartOf":{"@id":"https:\/\/www.fraterinternacional.org\/es\/#website"},"datePublished":"2019-07-05T01:13:38+00:00","dateModified":"2025-03-14T10:53:58+00:00","breadcrumb":{"@id":"https:\/\/www.fraterinternacional.org\/es\/afiliadas\/nucleo-luz-sao-paulo\/#breadcrumb"},"inLanguage":"es","potentialAction":[{"@type":"ReadAction","target":["https:\/\/www.fraterinternacional.org\/es\/afiliadas\/nucleo-luz-sao-paulo\/"]}]},{"@type":"BreadcrumbList","@id":"https:\/\/www.fraterinternacional.org\/es\/afiliadas\/nucleo-luz-sao-paulo\/#breadcrumb","itemListElement":[{"@type":"ListItem","position":1,"name":"In\u00edcio","item":"https:\/\/www.fraterinternacional.org\/es\/"},{"@type":"ListItem","position":2,"name":"Afiliadas","item":"https:\/\/www.fraterinternacional.org\/es\/afiliadas\/"},{"@type":"ListItem","position":3,"name":"N\u00facleo-Luz S\u00e3o Paulo"}]},{"@type":"WebSite","@id":"https:\/\/www.fraterinternacional.org\/es\/#website","url":"https:\/\/www.fraterinternacional.org\/es\/","name":"Fraternidade - Federa\u00e7\u00e3o Humanit\u00e1ria Internacional","description":"Fraternidade - Federa\u00e7\u00e3o Humanit\u00e1ria Internacional","potentialAction":[{"@type":"SearchAction","target":{"@type":"EntryPoint","urlTemplate":"https:\/\/www.fraterinternacional.org\/es\/?s={search_term_string}"},"query-input":"required name=search_term_string"}],"inLanguage":"es"}]}},"_links":{"self":[{"href":"https:\/\/www.fraterinternacional.org\/es\/wp-json\/wp\/v2\/pages\/105443"}],"collection":[{"href":"https:\/\/www.fraterinternacional.org\/es\/wp-json\/wp\/v2\/pages"}],"about":[{"href":"https:\/\/www.fraterinternacional.org\/es\/wp-json\/wp\/v2\/types\/page"}],"author":[{"embeddable":true,"href":"https:\/\/www.fraterinternacional.org\/es\/wp-json\/wp\/v2\/users\/4"}],"replies":[{"embeddable":true,"href":"https:\/\/www.fraterinternacional.org\/es\/wp-json\/wp\/v2\/comments?post=105443"}],"version-history":[{"count":1,"href":"https:\/\/www.fraterinternacional.org\/es\/wp-json\/wp\/v2\/pages\/105443\/revisions"}],"predecessor-version":[{"id":127281,"href":"https:\/\/www.fraterinternacional.org\/es\/wp-json\/wp\/v2\/pages\/105443\/revisions\/127281"}],"up":[{"embeddable":true,"href":"https:\/\/www.fraterinternacional.org\/es\/wp-json\/wp\/v2\/pages\/102380"}],"wp:attachment":[{"href":"https:\/\/www.fraterinternacional.org\/es\/wp-json\/wp\/v2\/media?parent=105443"}],"curies":[{"name":"wp","href":"https:\/\/api.w.org\/{rel}","templated":true}]}}