{"id":6393,"date":"2015-09-02T19:54:48","date_gmt":"2015-09-02T19:54:48","guid":{"rendered":"http:\/\/www.fraterinternacional.org\/en\/rede-luz\/"},"modified":"2022-10-08T06:08:58","modified_gmt":"2022-10-08T09:08:58","slug":"light-network","status":"publish","type":"page","link":"https:\/\/www.fraterinternacional.org\/en\/light-network\/","title":{"rendered":"Light-Network"},"content":{"rendered":"<p><div class=\"fusion-fullwidth fullwidth-box fusion-builder-row-1 nonhundred-percent-fullwidth non-hundred-percent-height-scrolling fusion-equal-height-columns\" style=\"--awb-border-radius-top-left:0px;--awb-border-radius-top-right:0px;--awb-border-radius-bottom-right:0px;--awb-border-radius-bottom-left:0px;--awb-padding-bottom:3%;--awb-flex-wrap:wrap;\" ><div class=\"fusion-builder-row fusion-row\"><div class=\"fusion-layout-column fusion_builder_column fusion-builder-column-0 fusion_builder_column_1_1 1_1 fusion-one-full fusion-column-first fusion-column-last fusion-column-no-min-height\" style=\"--awb-bg-size:cover;--awb-margin-bottom:40px;\"><div class=\"fusion-column-wrapper fusion-column-has-shadow fusion-flex-column-wrapper-legacy\"><div class=\"fusion-image-element fusion-image-align-center in-legacy-container\" style=\"text-align:center;--awb-max-width:200px;--awb-caption-title-font-family:var(--h2_typography-font-family);--awb-caption-title-font-weight:var(--h2_typography-font-weight);--awb-caption-title-font-style:var(--h2_typography-font-style);--awb-caption-title-size:var(--h2_typography-font-size);--awb-caption-title-transform:var(--h2_typography-text-transform);--awb-caption-title-line-height:var(--h2_typography-line-height);--awb-caption-title-letter-spacing:var(--h2_typography-letter-spacing);\"><div class=\"imageframe-align-center\"><span class=\" fusion-imageframe imageframe-none imageframe-1 hover-type-none\"><img decoding=\"async\" width=\"500\" height=\"400\" alt=\"Rede-Luz Planet\u00e1ria\" title=\"logo-redeluz01\" src=\"https:\/\/www.fraterinternacional.org\/wp-content\/uploads\/2021\/06\/logo-redeluz01.png\" class=\"img-responsive wp-image-121724\" srcset=\"https:\/\/www.fraterinternacional.org\/wp-content\/uploads\/2021\/06\/logo-redeluz01-200x160.png 200w, https:\/\/www.fraterinternacional.org\/wp-content\/uploads\/2021\/06\/logo-redeluz01-400x320.png 400w, https:\/\/www.fraterinternacional.org\/wp-content\/uploads\/2021\/06\/logo-redeluz01.png 500w\" sizes=\"(max-width: 800px) 100vw, 500px\" \/><\/span><\/div><\/div><div class=\"fusion-clearfix\"><\/div><\/div><\/div><div class=\"fusion-layout-column fusion_builder_column fusion-builder-column-1 fusion_builder_column_1_1 1_1 fusion-one-full fusion-column-first fusion-column-last fusion-column-no-min-height\" style=\"--awb-bg-size:cover;--awb-margin-bottom:0px;\"><div class=\"fusion-column-wrapper fusion-flex-column-wrapper-legacy\"><div class=\"fusion-text fusion-text-1\"><p>The Light-Network is made up of a group of service-oriented people that seek to untiringly work for the common, social and spiritual good among beings.<\/p>\n<p>It is an affiliate of the Fraternity \u2013 International Humanitarian Federation (FIHF), whose work is based upon prayer, study and selfless service to the planet, humanity, and nature.<\/p>\n<p>A collaborator of the Light-Network offers themself for building a spirit of solidarity and peace, and thus radiates light to the world, relief for those that suffer and a permanent giving of the self in service.<\/p>\n<h3>Activities of the Light-Network<\/h3>\n<ul>\n<li><strong>Service<\/strong>: Active in nursing homes, daycare centers, shelters, orphanages, hospitals, prisons and works with the kingdoms of nature.<\/li>\n<li><strong>Dissemination of teachings<\/strong>: Dissemination of the material of Irdin Editora and the Associa\u00e7\u00e3o Maria (Mary Association).<\/li>\n<li><strong>Support for the Marian Centers<\/strong>: Rhythms of service and dissemination.<\/li>\n<li><strong>Support in organizing events in cities where the groups are active:<\/strong> Organizing prayer meetings, organizing events held by the service associations.<\/li>\n<li><strong>Prayer<\/strong>: Virtual broadcasting at various times; Virtual prayer meetings.<\/li>\n<li><strong>Studies<\/strong>: Meetings for attending lectures; Study of the teachings through books, audio recorded conferences and spiritual messages.<\/li>\n<\/ul>\n<p>To find out more about the Light-Network: fill in the form or send an email to: <a href=\"mailto:secretaria.redeluz@redeluzplanetaria.org\">secretaria.redeluz@redeluzplanetaria.org\u00a0<\/a>and we will contact you.<\/p>\n<\/div><div class=\"fusion-button-wrapper\"><a class=\"fusion-button button-flat button-large button-default fusion-button-default button-1 fusion-button-default-span fusion-button-default-type\" target=\"_blank\" rel=\"noopener noreferrer\" href=\"https:\/\/bit.ly\/2SxHzaP\"><span class=\"fusion-button-text\">Light-Network Contact Form<\/span><\/a><\/div><div class=\"fusion-clearfix\"><\/div><\/div><\/div><\/div><\/div><div class=\"fusion-fullwidth fullwidth-box fusion-builder-row-2 fusion-parallax-fixed nonhundred-percent-fullwidth non-hundred-percent-height-scrolling\" style=\"--awb-border-radius-top-left:0px;--awb-border-radius-top-right:0px;--awb-border-radius-bottom-right:0px;--awb-border-radius-bottom-left:0px;--awb-padding-top:180px;--awb-padding-bottom:120px;--awb-background-image:url(&quot;https:\/\/www.fraterinternacional.org\/wp-content\/uploads\/2021\/06\/bk-rede-luz02.jpg&quot;);--awb-background-size:cover;--awb-flex-wrap:wrap;background-attachment:fixed;\" ><div class=\"fusion-builder-row fusion-row\"><div class=\"fusion-layout-column fusion_builder_column fusion-builder-column-2 fusion_builder_column_1_1 1_1 fusion-one-full fusion-column-first fusion-column-last\" style=\"--awb-padding-right:5%;--awb-padding-left:5%;--awb-bg-size:cover;\"><div class=\"fusion-column-wrapper fusion-column-has-shadow fusion-flex-column-wrapper-legacy\"><div class=\"fusion-text fusion-text-2\"><h2 style=\"text-align: center;\"><span style=\"color: #ffffff;\">There are 259 groups that make up the Light-Network in 26 countries, brought together by selfless service in Humanitarian Missions, by the path of prayer and by philosophic knowledge.<\/span><\/h2>\n<\/div><div class=\"fusion-clearfix\"><\/div><\/div><\/div><\/div><\/div><div class=\"fusion-fullwidth fullwidth-box fusion-builder-row-3 hundred-percent-fullwidth non-hundred-percent-height-scrolling\" style=\"--awb-border-radius-top-left:0px;--awb-border-radius-top-right:0px;--awb-border-radius-bottom-right:0px;--awb-border-radius-bottom-left:0px;--awb-padding-top:4%;--awb-flex-wrap:wrap;\" ><div class=\"fusion-builder-row fusion-row\"><div class=\"fusion-layout-column fusion_builder_column fusion-builder-column-3 fusion_builder_column_1_1 1_1 fusion-one-full fusion-column-first fusion-column-last\" style=\"--awb-bg-size:cover;\"><div class=\"fusion-column-wrapper fusion-column-has-shadow fusion-flex-column-wrapper-legacy\"><div class=\"fusion-title title fusion-title-1 fusion-sep-none fusion-title-center fusion-title-text fusion-title-size-one\"><h1 class=\"fusion-title-heading title-heading-center fusion-responsive-typography-calculated\" style=\"margin:0;--fontSize:38;line-height:1.41;\">GROUPS\u00a0LIGHT-NETWORK<\/h1><\/div><div class=\"fusion-text fusion-text-3\"><div id=\"mapplic-id122443\" data-mapdata=\"{&quot;mapwidth&quot;:&quot;1000&quot;,&quot;mapheight&quot;:&quot;500&quot;,&quot;height&quot;:&quot;700&quot;,&quot;action&quot;:&quot;tooltip&quot;,&quot;fillcolor&quot;:&quot;#343f4b&quot;,&quot;moretext&quot;:&quot;saiba mais&quot;,&quot;maxscale&quot;:&quot;6&quot;,&quot;zoommargin&quot;:&quot;200&quot;,&quot;customcss&quot;:&quot;.mapplic-pin.pin-lg {background-color:rgb(255 193 7 \\\/ 0%)!important; background-size:70px; width:65px; height: 65px; transform: scale(2.2)!important; margin:0px;}&quot;,&quot;fullscreen&quot;:true,&quot;hovertip&quot;:true,&quot;hovertipdesc&quot;:false,&quot;smartip&quot;:false,&quot;deeplinking&quot;:true,&quot;linknewtab&quot;:true,&quot;minimap&quot;:false,&quot;animations&quot;:false,&quot;zoom&quot;:true,&quot;zoombuttons&quot;:true,&quot;clearbutton&quot;:true,&quot;zoomoutclose&quot;:true,&quot;closezoomout&quot;:true,&quot;mousewheel&quot;:false,&quot;mapfill&quot;:true,&quot;sidebar&quot;:false,&quot;search&quot;:true,&quot;searchdescription&quot;:false,&quot;alphabetic&quot;:true,&quot;thumbholder&quot;:false,&quot;sidebartoggle&quot;:false,&quot;filtersopened&quot;:false,&quot;highlight&quot;:false,&quot;topLat&quot;:&quot;&quot;,&quot;leftLng&quot;:&quot;&quot;,&quot;bottomLat&quot;:&quot;&quot;,&quot;rightLng&quot;:&quot;&quot;,&quot;levels&quot;:[{&quot;id&quot;:&quot;RL&quot;,&quot;title&quot;:&quot;Rede-Luz&quot;,&quot;map&quot;:&quot;\\\/\\\/www.fraterinternacional.org\\\/\\\/wp-content\\\/plugins\\\/mapplic\\\/maps\\\/world.svg&quot;,&quot;minimap&quot;:&quot;&quot;}],&quot;styles&quot;:[],&quot;categories&quot;:[{&quot;title&quot;:&quot;REDE-LUZ&quot;,&quot;id&quot;:&quot;redeluz&quot;,&quot;about&quot;:&quot;&quot;,&quot;icon&quot;:&quot;&quot;,&quot;color&quot;:&quot;#ffc107&quot;}],&quot;locations&quot;:[{&quot;id&quot;:&quot;0amc&quot;,&quot;title&quot;:&quot;Light-Network of Central America&quot;,&quot;description&quot;:&quot;&lt;p&gt;&lt;strong&gt;Costa Rica, Guatemala, Nicaragua, Dominican Republic&lt;\\\/strong&gt;&lt;\\\/p&gt;&lt;p&gt;4 groups&lt;\\\/p&gt;&quot;,&quot;pin&quot;:&quot;pin-lg pin-label&quot;,&quot;category&quot;:[&quot;redeluz&quot;],&quot;action&quot;:&quot;default&quot;,&quot;x&quot;:&quot;0.3202&quot;,&quot;y&quot;:&quot;0.6494&quot;,&quot;fill&quot;:&quot;#ffc107&quot;,&quot;label&quot;:&quot;https:\\\/\\\/www.fraterinternacional.org\\\/wp-content\\\/uploads\\\/2021\\\/06\\\/logo-redeluz01.png&quot;,&quot;color&quot;:&quot;#ffc107&quot;,&quot;level&quot;:&quot;RL&quot;},{&quot;id&quot;:&quot;0ar&quot;,&quot;title&quot;:&quot;Light-Network of Argentina&quot;,&quot;description&quot;:&quot;&lt;p&gt;&lt;span style=\\&quot;font-weight: 400;\\&quot;&gt;49 groups&lt;\\\/span&gt;&lt;\\\/p&gt;&quot;,&quot;pin&quot;:&quot;pin-lg pin-label&quot;,&quot;category&quot;:&quot;redeluz&quot;,&quot;action&quot;:&quot;default&quot;,&quot;x&quot;:&quot;0.3574&quot;,&quot;y&quot;:&quot;0.8247&quot;,&quot;fill&quot;:&quot;#ffc107&quot;,&quot;label&quot;:&quot;https:\\\/\\\/www.fraterinternacional.org\\\/wp-content\\\/uploads\\\/2021\\\/06\\\/logo-redeluz01.png&quot;,&quot;color&quot;:&quot;#ffc107&quot;,&quot;level&quot;:&quot;RL&quot;},{&quot;id&quot;:&quot;0bl&quot;,&quot;title&quot;:&quot;Light-Network of Bolivia&quot;,&quot;description&quot;:&quot;&lt;p&gt;1 &lt;span style=\\&quot;font-weight: 400;\\&quot;&gt;group&lt;\\\/span&gt;&lt;\\\/p&gt;&quot;,&quot;pin&quot;:&quot;pin-lg pin-label&quot;,&quot;fill&quot;:&quot;#ffc107&quot;,&quot;category&quot;:&quot;redeluz&quot;,&quot;action&quot;:&quot;default&quot;,&quot;x&quot;:&quot;0.3543&quot;,&quot;y&quot;:&quot;0.7510&quot;,&quot;label&quot;:&quot;https:\\\/\\\/www.fraterinternacional.org\\\/wp-content\\\/uploads\\\/2021\\\/06\\\/logo-redeluz01.png&quot;,&quot;color&quot;:&quot;#ffc107&quot;,&quot;level&quot;:&quot;RL&quot;},{&quot;id&quot;:&quot;0cl&quot;,&quot;title&quot;:&quot;Light-Network of Chile&quot;,&quot;description&quot;:&quot;&lt;p&gt;1 &lt;span style=\\&quot;font-weight: 400;\\&quot;&gt;group&lt;\\\/span&gt;&lt;\\\/p&gt;&quot;,&quot;pin&quot;:&quot;pin-lg pin-label&quot;,&quot;fill&quot;:&quot;#ffc107&quot;,&quot;category&quot;:&quot;redeluz&quot;,&quot;action&quot;:&quot;default&quot;,&quot;x&quot;:&quot;0.3424&quot;,&quot;y&quot;:&quot;0.8445&quot;,&quot;label&quot;:&quot;https:\\\/\\\/www.fraterinternacional.org\\\/wp-content\\\/uploads\\\/2021\\\/06\\\/logo-redeluz01.png&quot;,&quot;color&quot;:&quot;#ffc107&quot;,&quot;level&quot;:&quot;RL&quot;},{&quot;id&quot;:&quot;0co&quot;,&quot;title&quot;:&quot;Light-Network of Colombia&quot;,&quot;description&quot;:&quot;&lt;p&gt;8 &lt;span style=\\&quot;font-weight: 400;\\&quot;&gt;groups&lt;\\\/span&gt;&lt;\\\/p&gt;&quot;,&quot;pin&quot;:&quot;pin-lg pin-label&quot;,&quot;fill&quot;:&quot;#ffc107&quot;,&quot;category&quot;:&quot;redeluz&quot;,&quot;action&quot;:&quot;default&quot;,&quot;x&quot;:&quot;0.3404&quot;,&quot;y&quot;:&quot;0.6724&quot;,&quot;label&quot;:&quot;https:\\\/\\\/www.fraterinternacional.org\\\/wp-content\\\/uploads\\\/2021\\\/06\\\/logo-redeluz01.png&quot;,&quot;color&quot;:&quot;#ffc107&quot;,&quot;level&quot;:&quot;RL&quot;},{&quot;id&quot;:&quot;0ec&quot;,&quot;title&quot;:&quot;Light-Network of Ecuador&quot;,&quot;description&quot;:&quot;&lt;p&gt;1 &lt;span style=\\&quot;font-weight: 400;\\&quot;&gt;group&lt;\\\/span&gt;&lt;\\\/p&gt;&quot;,&quot;pin&quot;:&quot;pin-lg pin-label&quot;,&quot;fill&quot;:&quot;#ffc107&quot;,&quot;category&quot;:&quot;redeluz&quot;,&quot;action&quot;:&quot;default&quot;,&quot;x&quot;:&quot;0.3249&quot;,&quot;y&quot;:&quot;0.6899&quot;,&quot;label&quot;:&quot;https:\\\/\\\/www.fraterinternacional.org\\\/wp-content\\\/uploads\\\/2021\\\/06\\\/logo-redeluz01.png&quot;,&quot;color&quot;:&quot;#ffc107&quot;,&quot;level&quot;:&quot;RL&quot;},{&quot;id&quot;:&quot;0us&quot;,&quot;title&quot;:&quot;Light-Network of the United States&quot;,&quot;description&quot;:&quot;&lt;p&gt;1 group&lt;\\\/p&gt;&quot;,&quot;pin&quot;:&quot;pin-lg pin-label&quot;,&quot;fill&quot;:&quot;#ffc107&quot;,&quot;action&quot;:&quot;default&quot;,&quot;x&quot;:&quot;0.2797&quot;,&quot;y&quot;:&quot;0.5043&quot;,&quot;label&quot;:&quot;https:\\\/\\\/www.fraterinternacional.org\\\/wp-content\\\/uploads\\\/2021\\\/06\\\/logo-redeluz01.png&quot;,&quot;color&quot;:&quot;#ffc107&quot;,&quot;level&quot;:&quot;RL&quot;},{&quot;id&quot;:&quot;0eu&quot;,&quot;title&quot;:&quot;Light-Network of Europe&quot;,&quot;description&quot;:&quot;&lt;p&gt;&lt;strong&gt;Austria, Germany, Spain, France, Holland, Portugal, United Kingdom&lt;\\\/strong&gt;&lt;\\\/p&gt;&lt;p&gt;16 group&lt;\\\/p&gt;&quot;,&quot;pin&quot;:&quot;pin-lg pin-label&quot;,&quot;fill&quot;:&quot;#ffc107&quot;,&quot;category&quot;:&quot;redeluz&quot;,&quot;action&quot;:&quot;default&quot;,&quot;x&quot;:&quot;0.4891&quot;,&quot;y&quot;:&quot;0.4980&quot;,&quot;label&quot;:&quot;https:\\\/\\\/www.fraterinternacional.org\\\/wp-content\\\/uploads\\\/2021\\\/06\\\/logo-redeluz01.png&quot;,&quot;color&quot;:&quot;#ffc107&quot;,&quot;level&quot;:&quot;RL&quot;},{&quot;id&quot;:&quot;0mx&quot;,&quot;title&quot;:&quot;Light-Network of Mexico&quot;,&quot;description&quot;:&quot;&lt;p&gt;2 groups&lt;\\\/p&gt;&quot;,&quot;pin&quot;:&quot;pin-lg pin-label&quot;,&quot;fill&quot;:&quot;#ffc107&quot;,&quot;category&quot;:&quot;redeluz&quot;,&quot;action&quot;:&quot;default&quot;,&quot;x&quot;:&quot;0.2785&quot;,&quot;y&quot;:&quot;0.5947&quot;,&quot;label&quot;:&quot;https:\\\/\\\/www.fraterinternacional.org\\\/wp-content\\\/uploads\\\/2021\\\/06\\\/logo-redeluz01.png&quot;,&quot;color&quot;:&quot;#ffc107&quot;,&quot;level&quot;:&quot;RL&quot;},{&quot;id&quot;:&quot;0py&quot;,&quot;title&quot;:&quot;Light-Network of Paraguay&quot;,&quot;description&quot;:&quot;&lt;p&gt;3 groups&lt;\\\/p&gt;&quot;,&quot;pin&quot;:&quot;pin-lg pin-label&quot;,&quot;fill&quot;:&quot;#ffc107&quot;,&quot;category&quot;:&quot;redeluz&quot;,&quot;action&quot;:&quot;default&quot;,&quot;x&quot;:&quot;0.3697&quot;,&quot;y&quot;:&quot;0.7851&quot;,&quot;label&quot;:&quot;https:\\\/\\\/www.fraterinternacional.org\\\/wp-content\\\/uploads\\\/2021\\\/06\\\/logo-redeluz01.png&quot;,&quot;color&quot;:&quot;#ffc107&quot;,&quot;level&quot;:&quot;RL&quot;},{&quot;id&quot;:&quot;0ur&quot;,&quot;title&quot;:&quot;Light-Network of Uruguay&quot;,&quot;description&quot;:&quot;&lt;p&gt;16 groups&lt;\\\/p&gt;&quot;,&quot;pin&quot;:&quot;pin-lg pin-label&quot;,&quot;fill&quot;:&quot;#ffc107&quot;,&quot;category&quot;:&quot;redeluz&quot;,&quot;action&quot;:&quot;default&quot;,&quot;x&quot;:&quot;0.3761&quot;,&quot;y&quot;:&quot;0.8311&quot;,&quot;label&quot;:&quot;https:\\\/\\\/www.fraterinternacional.org\\\/wp-content\\\/uploads\\\/2021\\\/06\\\/logo-redeluz01.png&quot;,&quot;color&quot;:&quot;#ffc107&quot;,&quot;level&quot;:&quot;RL&quot;},{&quot;id&quot;:&quot;0ve&quot;,&quot;title&quot;:&quot;Light-Network of Venezuela&quot;,&quot;description&quot;:&quot;&lt;p&gt;3 groups&lt;\\\/p&gt;&quot;,&quot;pin&quot;:&quot;pin-lg pin-label&quot;,&quot;fill&quot;:&quot;#ffc107&quot;,&quot;category&quot;:&quot;redeluz&quot;,&quot;action&quot;:&quot;default&quot;,&quot;x&quot;:&quot;0.3543&quot;,&quot;y&quot;:&quot;0.6487&quot;,&quot;label&quot;:&quot;https:\\\/\\\/www.fraterinternacional.org\\\/wp-content\\\/uploads\\\/2021\\\/06\\\/logo-redeluz01.png&quot;,&quot;color&quot;:&quot;#ffc107&quot;,&quot;level&quot;:&quot;RL&quot;},{&quot;title&quot;:&quot;Light-Network of Brazil&quot;,&quot;id&quot;:&quot;01br&quot;,&quot;description&quot;:&quot;&lt;p&gt;&lt;strong&gt;Light-Network of Brazil \\u2013 West Central&lt;\\\/strong&gt; \\u2013 5 groups&lt;\\\/p&gt;&lt;p&gt;&lt;strong&gt;Light-Network of Brazil \\u2013 Holy Spirit&lt;\\\/strong&gt; \\u2013 1 group&lt;\\\/p&gt;&lt;p&gt;&lt;strong&gt;Light-Network of Brazil \\u2013 Minas Gerais&lt;\\\/strong&gt; \\u2013 44 groups&lt;\\\/p&gt;&lt;p&gt;&lt;strong&gt;Light-Network of Brazil \\u2013 North and Northeast&lt;\\\/strong&gt; \\u2013 15 groups&lt;\\\/p&gt;&lt;p&gt;&lt;strong&gt;Light-Network of Brazil \\u2013 Rio de Janeiro&lt;\\\/strong&gt; \\u2013 12 groups&lt;\\\/p&gt;&lt;p&gt;&lt;strong&gt;Light-Network of Brazil \\u2013 S\\u00e3o Paulo&lt;\\\/strong&gt; \\u2013 20 groups&lt;\\\/p&gt;&lt;p&gt;&lt;strong&gt;Light-Network of Brazil \\u2013 S\\u00e3o Carlos&lt;\\\/strong&gt; \\u2013 17 groups&lt;\\\/p&gt;&lt;p&gt;&lt;strong&gt;Light-Network of Brazil \\u2013 South&lt;\\\/strong&gt; \\u2013 20 groups&lt;\\\/p&gt;&quot;,&quot;pin&quot;:&quot;pin-lg pin-label&quot;,&quot;label&quot;:&quot;https:\\\/\\\/www.fraterinternacional.org\\\/wp-content\\\/uploads\\\/2021\\\/06\\\/logo-redeluz01.png&quot;,&quot;action&quot;:&quot;default&quot;,&quot;x&quot;:&quot;0.3872&quot;,&quot;y&quot;:&quot;0.7280&quot;,&quot;level&quot;:&quot;RL&quot;,&quot;color&quot;:&quot;#343f4b&quot;},{&quot;title&quot;:&quot;Light-Network of Peru&quot;,&quot;id&quot;:&quot;rdpe&quot;,&quot;description&quot;:&quot;&lt;p&gt;1 group&lt;\\\/p&gt;&quot;,&quot;pin&quot;:&quot;pin-lg pin-label&quot;,&quot;label&quot;:&quot;https:\\\/\\\/www.fraterinternacional.org\\\/wp-content\\\/uploads\\\/2021\\\/06\\\/logo-redeluz01.png&quot;,&quot;action&quot;:&quot;default&quot;,&quot;x&quot;:&quot;0.3329&quot;,&quot;y&quot;:&quot;0.7295&quot;,&quot;level&quot;:&quot;RL&quot;,&quot;color&quot;:&quot;#343f4b&quot;},{&quot;title&quot;:&quot;Light-Network of Canada&quot;,&quot;id&quot;:&quot;rdc&quot;,&quot;description&quot;:&quot;&lt;p style=\\&quot;margin: 0cm 0cm 15.0pt 0cm;\\&quot;&gt;&lt;span style=\\&quot;font-size: 13.0pt;\\&quot;&gt;1 group&lt;\\\/span&gt;&lt;\\\/p&gt;&quot;,&quot;pin&quot;:&quot;pin-lg pin-label&quot;,&quot;fill&quot;:&quot;#ffc107&quot;,&quot;category&quot;:&quot;redeluz&quot;,&quot;action&quot;:&quot;default&quot;,&quot;x&quot;:&quot;0.2587&quot;,&quot;y&quot;:&quot;0.4036&quot;,&quot;level&quot;:&quot;RL&quot;,&quot;color&quot;:&quot;#ffc107&quot;,&quot;label&quot;:&quot;https:\\\/\\\/www.fraterinternacional.org\\\/wp-content\\\/uploads\\\/2021\\\/06\\\/logo-redeluz01.png&quot;}]}\"><\/div>\n<\/div><div class=\"fusion-clearfix\"><\/div><\/div><\/div><\/div><\/div><\/p>\n","protected":false},"excerpt":{"rendered":"","protected":false},"author":4,"featured_media":92224,"parent":0,"menu_order":68,"comment_status":"closed","ping_status":"closed","template":"100-width.php","meta":{"footnotes":""},"class_list":["post-6393","page","type-page","status-publish","has-post-thumbnail","hentry"],"yoast_head":"<!-- This site is optimized with the Yoast SEO Premium plugin v21.0 (Yoast SEO v21.0) - https:\/\/yoast.com\/wordpress\/plugins\/seo\/ -->\n<title>Light-Network - Fraternidade - Federa\u00e7\u00e3o Humanit\u00e1ria Internacional<\/title>\n<meta name=\"description\" content=\"Our hearts invite us to be servers and to bring to our everyday lives, the permanent exercise of prayer, of study and of selfless service.\" \/>\n<meta name=\"robots\" content=\"index, follow, max-snippet:-1, max-image-preview:large, max-video-preview:-1\" \/>\n<link rel=\"canonical\" href=\"https:\/\/www.fraterinternacional.org\/en\/light-network\/\" \/>\n<meta property=\"og:locale\" content=\"en_US\" \/>\n<meta property=\"og:type\" content=\"article\" \/>\n<meta property=\"og:title\" content=\"Light-Network\" \/>\n<meta property=\"og:description\" content=\"Our hearts invite us to be servers and to bring to our everyday lives, the permanent exercise of prayer, of study and of selfless service.\" \/>\n<meta property=\"og:url\" content=\"https:\/\/www.fraterinternacional.org\/en\/light-network\/\" \/>\n<meta property=\"og:site_name\" content=\"Fraternidade - Federa\u00e7\u00e3o Humanit\u00e1ria Internacional\" \/>\n<meta property=\"article:publisher\" content=\"https:\/\/www.facebook.com\/fraternidadehumanitaria\" \/>\n<meta property=\"article:modified_time\" content=\"2022-10-08T09:08:58+00:00\" \/>\n<meta property=\"og:image\" content=\"https:\/\/www.fraterinternacional.org\/wp-content\/uploads\/2018\/11\/logo_rede_luz_planetaria_en_azul.jpg\" \/>\n\t<meta property=\"og:image:width\" content=\"690\" \/>\n\t<meta property=\"og:image:height\" content=\"388\" \/>\n\t<meta property=\"og:image:type\" content=\"image\/jpeg\" \/>\n<meta name=\"twitter:card\" content=\"summary_large_image\" \/>\n<meta name=\"twitter:site\" content=\"@fraternidadeFHI\" \/>\n<meta name=\"twitter:label1\" content=\"Est. reading time\" \/>\n\t<meta name=\"twitter:data1\" content=\"6 minutes\" \/>\n<script type=\"application\/ld+json\" class=\"yoast-schema-graph\">{\"@context\":\"https:\/\/schema.org\",\"@graph\":[{\"@type\":\"WebPage\",\"@id\":\"https:\/\/www.fraterinternacional.org\/en\/light-network\/\",\"url\":\"https:\/\/www.fraterinternacional.org\/en\/light-network\/\",\"name\":\"Light-Network - Fraternidade - Federa\u00e7\u00e3o Humanit\u00e1ria Internacional\",\"isPartOf\":{\"@id\":\"https:\/\/www.fraterinternacional.org\/es\/#website\"},\"datePublished\":\"2015-09-02T19:54:48+00:00\",\"dateModified\":\"2022-10-08T09:08:58+00:00\",\"description\":\"Our hearts invite us to be servers and to bring to our everyday lives, the permanent exercise of prayer, of study and of selfless service.\",\"breadcrumb\":{\"@id\":\"https:\/\/www.fraterinternacional.org\/en\/light-network\/#breadcrumb\"},\"inLanguage\":\"en-US\",\"potentialAction\":[{\"@type\":\"ReadAction\",\"target\":[\"https:\/\/www.fraterinternacional.org\/en\/light-network\/\"]}]},{\"@type\":\"BreadcrumbList\",\"@id\":\"https:\/\/www.fraterinternacional.org\/en\/light-network\/#breadcrumb\",\"itemListElement\":[{\"@type\":\"ListItem\",\"position\":1,\"name\":\"In\u00edcio\",\"item\":\"https:\/\/www.fraterinternacional.org\/en\/\"},{\"@type\":\"ListItem\",\"position\":2,\"name\":\"Light-Network\"}]},{\"@type\":\"WebSite\",\"@id\":\"https:\/\/www.fraterinternacional.org\/es\/#website\",\"url\":\"https:\/\/www.fraterinternacional.org\/es\/\",\"name\":\"Fraternidade - Federa\u00e7\u00e3o Humanit\u00e1ria Internacional\",\"description\":\"Fraternidade - Federa\u00e7\u00e3o Humanit\u00e1ria Internacional\",\"potentialAction\":[{\"@type\":\"SearchAction\",\"target\":{\"@type\":\"EntryPoint\",\"urlTemplate\":\"https:\/\/www.fraterinternacional.org\/es\/?s={search_term_string}\"},\"query-input\":\"required name=search_term_string\"}],\"inLanguage\":\"en-US\"}]}<\/script>\n<!-- \/ Yoast SEO Premium plugin. -->","yoast_head_json":{"title":"Light-Network - Fraternidade - Federa\u00e7\u00e3o Humanit\u00e1ria Internacional","description":"Our hearts invite us to be servers and to bring to our everyday lives, the permanent exercise of prayer, of study and of selfless service.","robots":{"index":"index","follow":"follow","max-snippet":"max-snippet:-1","max-image-preview":"max-image-preview:large","max-video-preview":"max-video-preview:-1"},"canonical":"https:\/\/www.fraterinternacional.org\/en\/light-network\/","og_locale":"en_US","og_type":"article","og_title":"Light-Network","og_description":"Our hearts invite us to be servers and to bring to our everyday lives, the permanent exercise of prayer, of study and of selfless service.","og_url":"https:\/\/www.fraterinternacional.org\/en\/light-network\/","og_site_name":"Fraternidade - Federa\u00e7\u00e3o Humanit\u00e1ria Internacional","article_publisher":"https:\/\/www.facebook.com\/fraternidadehumanitaria","article_modified_time":"2022-10-08T09:08:58+00:00","og_image":[{"width":690,"height":388,"url":"https:\/\/www.fraterinternacional.org\/wp-content\/uploads\/2018\/11\/logo_rede_luz_planetaria_en_azul.jpg","type":"image\/jpeg"}],"twitter_card":"summary_large_image","twitter_site":"@fraternidadeFHI","twitter_misc":{"Est. reading time":"6 minutes"},"schema":{"@context":"https:\/\/schema.org","@graph":[{"@type":"WebPage","@id":"https:\/\/www.fraterinternacional.org\/en\/light-network\/","url":"https:\/\/www.fraterinternacional.org\/en\/light-network\/","name":"Light-Network - Fraternidade - Federa\u00e7\u00e3o Humanit\u00e1ria Internacional","isPartOf":{"@id":"https:\/\/www.fraterinternacional.org\/es\/#website"},"datePublished":"2015-09-02T19:54:48+00:00","dateModified":"2022-10-08T09:08:58+00:00","description":"Our hearts invite us to be servers and to bring to our everyday lives, the permanent exercise of prayer, of study and of selfless service.","breadcrumb":{"@id":"https:\/\/www.fraterinternacional.org\/en\/light-network\/#breadcrumb"},"inLanguage":"en-US","potentialAction":[{"@type":"ReadAction","target":["https:\/\/www.fraterinternacional.org\/en\/light-network\/"]}]},{"@type":"BreadcrumbList","@id":"https:\/\/www.fraterinternacional.org\/en\/light-network\/#breadcrumb","itemListElement":[{"@type":"ListItem","position":1,"name":"In\u00edcio","item":"https:\/\/www.fraterinternacional.org\/en\/"},{"@type":"ListItem","position":2,"name":"Light-Network"}]},{"@type":"WebSite","@id":"https:\/\/www.fraterinternacional.org\/es\/#website","url":"https:\/\/www.fraterinternacional.org\/es\/","name":"Fraternidade - Federa\u00e7\u00e3o Humanit\u00e1ria Internacional","description":"Fraternidade - Federa\u00e7\u00e3o Humanit\u00e1ria Internacional","potentialAction":[{"@type":"SearchAction","target":{"@type":"EntryPoint","urlTemplate":"https:\/\/www.fraterinternacional.org\/es\/?s={search_term_string}"},"query-input":"required name=search_term_string"}],"inLanguage":"en-US"}]}},"_links":{"self":[{"href":"https:\/\/www.fraterinternacional.org\/en\/wp-json\/wp\/v2\/pages\/6393"}],"collection":[{"href":"https:\/\/www.fraterinternacional.org\/en\/wp-json\/wp\/v2\/pages"}],"about":[{"href":"https:\/\/www.fraterinternacional.org\/en\/wp-json\/wp\/v2\/types\/page"}],"author":[{"embeddable":true,"href":"https:\/\/www.fraterinternacional.org\/en\/wp-json\/wp\/v2\/users\/4"}],"replies":[{"embeddable":true,"href":"https:\/\/www.fraterinternacional.org\/en\/wp-json\/wp\/v2\/comments?post=6393"}],"version-history":[{"count":0,"href":"https:\/\/www.fraterinternacional.org\/en\/wp-json\/wp\/v2\/pages\/6393\/revisions"}],"wp:featuredmedia":[{"embeddable":true,"href":"https:\/\/www.fraterinternacional.org\/en\/wp-json\/wp\/v2\/media\/92224"}],"wp:attachment":[{"href":"https:\/\/www.fraterinternacional.org\/en\/wp-json\/wp\/v2\/media?parent=6393"}],"curies":[{"name":"wp","href":"https:\/\/api.w.org\/{rel}","templated":true}]}}