{"id":122623,"date":"2021-06-11T10:03:01","date_gmt":"2021-06-11T13:03:01","guid":{"rendered":"https:\/\/www.fraterinternacional.org\/?page_id=122623"},"modified":"2024-02-03T08:52:23","modified_gmt":"2024-02-03T11:52:23","slug":"fraternity-international-humanitarian-missions-fihm-association-in-portugal","status":"publish","type":"page","link":"https:\/\/www.fraterinternacional.org\/en\/affiliates\/fraternity-international-humanitarian-missions-fihm-association-in-portugal\/","title":{"rendered":"Fraternity \u2013 International Humanitarian Missions (FIHM) Association in Portugal"},"content":{"rendered":"<p>soon<\/p>\n","protected":false},"excerpt":{"rendered":"<p>soon<\/p>\n","protected":false},"author":4,"featured_media":0,"parent":102375,"menu_order":0,"comment_status":"closed","ping_status":"closed","template":"","meta":{"footnotes":""},"class_list":["post-122623","page","type-page","status-publish","hentry"],"yoast_head":"<!-- This site is optimized with the Yoast SEO Premium plugin v21.0 (Yoast SEO v21.0) - https:\/\/yoast.com\/wordpress\/plugins\/seo\/ -->\n<title>Fraternity \u2013 International Humanitarian Missions (FIHM) Association in Portugal - Fraternidade - Federa\u00e7\u00e3o Humanit\u00e1ria Internacional<\/title>\n<meta name=\"robots\" content=\"index, follow, max-snippet:-1, max-image-preview:large, max-video-preview:-1\" \/>\n<link rel=\"canonical\" href=\"https:\/\/www.fraterinternacional.org\/en\/affiliates\/fraternity-international-humanitarian-missions-fihm-association-in-portugal\/\" \/>\n<meta property=\"og:locale\" content=\"en_US\" \/>\n<meta property=\"og:type\" content=\"article\" \/>\n<meta property=\"og:title\" content=\"Fraternity \u2013 International Humanitarian Missions (FIHM) Association in Portugal\" \/>\n<meta property=\"og:description\" content=\"soon\" \/>\n<meta property=\"og:url\" content=\"https:\/\/www.fraterinternacional.org\/en\/affiliates\/fraternity-international-humanitarian-missions-fihm-association-in-portugal\/\" \/>\n<meta property=\"og:site_name\" content=\"Fraternidade - Federa\u00e7\u00e3o Humanit\u00e1ria Internacional\" \/>\n<meta property=\"article:publisher\" content=\"https:\/\/www.facebook.com\/fraternidadehumanitaria\" \/>\n<meta property=\"article:modified_time\" content=\"2024-02-03T11:52:23+00:00\" \/>\n<meta name=\"twitter:card\" content=\"summary_large_image\" \/>\n<meta name=\"twitter:site\" content=\"@fraternidadeFHI\" \/>\n<script type=\"application\/ld+json\" class=\"yoast-schema-graph\">{\"@context\":\"https:\/\/schema.org\",\"@graph\":[{\"@type\":\"WebPage\",\"@id\":\"https:\/\/www.fraterinternacional.org\/en\/affiliates\/fraternity-international-humanitarian-missions-fihm-association-in-portugal\/\",\"url\":\"https:\/\/www.fraterinternacional.org\/en\/affiliates\/fraternity-international-humanitarian-missions-fihm-association-in-portugal\/\",\"name\":\"Fraternity \u2013 International Humanitarian Missions (FIHM) Association in Portugal - Fraternidade - Federa\u00e7\u00e3o Humanit\u00e1ria Internacional\",\"isPartOf\":{\"@id\":\"https:\/\/www.fraterinternacional.org\/es\/#website\"},\"datePublished\":\"2021-06-11T13:03:01+00:00\",\"dateModified\":\"2024-02-03T11:52:23+00:00\",\"breadcrumb\":{\"@id\":\"https:\/\/www.fraterinternacional.org\/en\/affiliates\/fraternity-international-humanitarian-missions-fihm-association-in-portugal\/#breadcrumb\"},\"inLanguage\":\"en-US\",\"potentialAction\":[{\"@type\":\"ReadAction\",\"target\":[\"https:\/\/www.fraterinternacional.org\/en\/affiliates\/fraternity-international-humanitarian-missions-fihm-association-in-portugal\/\"]}]},{\"@type\":\"BreadcrumbList\",\"@id\":\"https:\/\/www.fraterinternacional.org\/en\/affiliates\/fraternity-international-humanitarian-missions-fihm-association-in-portugal\/#breadcrumb\",\"itemListElement\":[{\"@type\":\"ListItem\",\"position\":1,\"name\":\"In\u00edcio\",\"item\":\"https:\/\/www.fraterinternacional.org\/en\/\"},{\"@type\":\"ListItem\",\"position\":2,\"name\":\"Affiliates\",\"item\":\"https:\/\/www.fraterinternacional.org\/en\/affiliates\/\"},{\"@type\":\"ListItem\",\"position\":3,\"name\":\"Fraternity \u2013 International Humanitarian Missions (FIHM) Association in Portugal\"}]},{\"@type\":\"WebSite\",\"@id\":\"https:\/\/www.fraterinternacional.org\/es\/#website\",\"url\":\"https:\/\/www.fraterinternacional.org\/es\/\",\"name\":\"Fraternidade - Federa\u00e7\u00e3o Humanit\u00e1ria Internacional\",\"description\":\"Fraternidade - Federa\u00e7\u00e3o Humanit\u00e1ria Internacional\",\"potentialAction\":[{\"@type\":\"SearchAction\",\"target\":{\"@type\":\"EntryPoint\",\"urlTemplate\":\"https:\/\/www.fraterinternacional.org\/es\/?s={search_term_string}\"},\"query-input\":\"required name=search_term_string\"}],\"inLanguage\":\"en-US\"}]}<\/script>\n<!-- \/ Yoast SEO Premium plugin. -->","yoast_head_json":{"title":"Fraternity \u2013 International Humanitarian Missions (FIHM) Association in Portugal - Fraternidade - Federa\u00e7\u00e3o Humanit\u00e1ria Internacional","robots":{"index":"index","follow":"follow","max-snippet":"max-snippet:-1","max-image-preview":"max-image-preview:large","max-video-preview":"max-video-preview:-1"},"canonical":"https:\/\/www.fraterinternacional.org\/en\/affiliates\/fraternity-international-humanitarian-missions-fihm-association-in-portugal\/","og_locale":"en_US","og_type":"article","og_title":"Fraternity \u2013 International Humanitarian Missions (FIHM) Association in Portugal","og_description":"soon","og_url":"https:\/\/www.fraterinternacional.org\/en\/affiliates\/fraternity-international-humanitarian-missions-fihm-association-in-portugal\/","og_site_name":"Fraternidade - Federa\u00e7\u00e3o Humanit\u00e1ria Internacional","article_publisher":"https:\/\/www.facebook.com\/fraternidadehumanitaria","article_modified_time":"2024-02-03T11:52:23+00:00","twitter_card":"summary_large_image","twitter_site":"@fraternidadeFHI","schema":{"@context":"https:\/\/schema.org","@graph":[{"@type":"WebPage","@id":"https:\/\/www.fraterinternacional.org\/en\/affiliates\/fraternity-international-humanitarian-missions-fihm-association-in-portugal\/","url":"https:\/\/www.fraterinternacional.org\/en\/affiliates\/fraternity-international-humanitarian-missions-fihm-association-in-portugal\/","name":"Fraternity \u2013 International Humanitarian Missions (FIHM) Association in Portugal - Fraternidade - Federa\u00e7\u00e3o Humanit\u00e1ria Internacional","isPartOf":{"@id":"https:\/\/www.fraterinternacional.org\/es\/#website"},"datePublished":"2021-06-11T13:03:01+00:00","dateModified":"2024-02-03T11:52:23+00:00","breadcrumb":{"@id":"https:\/\/www.fraterinternacional.org\/en\/affiliates\/fraternity-international-humanitarian-missions-fihm-association-in-portugal\/#breadcrumb"},"inLanguage":"en-US","potentialAction":[{"@type":"ReadAction","target":["https:\/\/www.fraterinternacional.org\/en\/affiliates\/fraternity-international-humanitarian-missions-fihm-association-in-portugal\/"]}]},{"@type":"BreadcrumbList","@id":"https:\/\/www.fraterinternacional.org\/en\/affiliates\/fraternity-international-humanitarian-missions-fihm-association-in-portugal\/#breadcrumb","itemListElement":[{"@type":"ListItem","position":1,"name":"In\u00edcio","item":"https:\/\/www.fraterinternacional.org\/en\/"},{"@type":"ListItem","position":2,"name":"Affiliates","item":"https:\/\/www.fraterinternacional.org\/en\/affiliates\/"},{"@type":"ListItem","position":3,"name":"Fraternity \u2013 International Humanitarian Missions (FIHM) Association in Portugal"}]},{"@type":"WebSite","@id":"https:\/\/www.fraterinternacional.org\/es\/#website","url":"https:\/\/www.fraterinternacional.org\/es\/","name":"Fraternidade - Federa\u00e7\u00e3o Humanit\u00e1ria Internacional","description":"Fraternidade - Federa\u00e7\u00e3o Humanit\u00e1ria Internacional","potentialAction":[{"@type":"SearchAction","target":{"@type":"EntryPoint","urlTemplate":"https:\/\/www.fraterinternacional.org\/es\/?s={search_term_string}"},"query-input":"required name=search_term_string"}],"inLanguage":"en-US"}]}},"_links":{"self":[{"href":"https:\/\/www.fraterinternacional.org\/en\/wp-json\/wp\/v2\/pages\/122623"}],"collection":[{"href":"https:\/\/www.fraterinternacional.org\/en\/wp-json\/wp\/v2\/pages"}],"about":[{"href":"https:\/\/www.fraterinternacional.org\/en\/wp-json\/wp\/v2\/types\/page"}],"author":[{"embeddable":true,"href":"https:\/\/www.fraterinternacional.org\/en\/wp-json\/wp\/v2\/users\/4"}],"replies":[{"embeddable":true,"href":"https:\/\/www.fraterinternacional.org\/en\/wp-json\/wp\/v2\/comments?post=122623"}],"version-history":[{"count":1,"href":"https:\/\/www.fraterinternacional.org\/en\/wp-json\/wp\/v2\/pages\/122623\/revisions"}],"predecessor-version":[{"id":126944,"href":"https:\/\/www.fraterinternacional.org\/en\/wp-json\/wp\/v2\/pages\/122623\/revisions\/126944"}],"up":[{"embeddable":true,"href":"https:\/\/www.fraterinternacional.org\/en\/wp-json\/wp\/v2\/pages\/102375"}],"wp:attachment":[{"href":"https:\/\/www.fraterinternacional.org\/en\/wp-json\/wp\/v2\/media?parent=122623"}],"curies":[{"name":"wp","href":"https:\/\/api.w.org\/{rel}","templated":true}]}}