{"id":122466,"date":"2021-06-09T06:27:48","date_gmt":"2021-06-09T09:27:48","guid":{"rendered":"https:\/\/www.fraterinternacional.org\/?page_id=122466"},"modified":"2024-02-03T08:51:22","modified_gmt":"2024-02-03T11:51:22","slug":"service-associations","status":"publish","type":"page","link":"https:\/\/www.fraterinternacional.org\/en\/service-associations\/","title":{"rendered":"Service Associations"},"content":{"rendered":"<div class=\"fusion-fullwidth fullwidth-box fusion-builder-row-1 fusion-flex-container nonhundred-percent-fullwidth non-hundred-percent-height-scrolling\" style=\"--awb-border-radius-top-left:0px;--awb-border-radius-top-right:0px;--awb-border-radius-bottom-right:0px;--awb-border-radius-bottom-left:0px;--awb-flex-wrap:wrap;\" ><div class=\"fusion-builder-row fusion-row fusion-flex-align-items-flex-start fusion-flex-content-wrap\" style=\"max-width:1248px;margin-left: calc(-4% \/ 2 );margin-right: calc(-4% \/ 2 );\"><div class=\"fusion-layout-column fusion_builder_column fusion-builder-column-0 fusion_builder_column_1_1 1_1 fusion-flex-column\" style=\"--awb-bg-size:cover;--awb-width-large:100%;--awb-margin-top-large:0px;--awb-spacing-right-large:1.92%;--awb-margin-bottom-large:0px;--awb-spacing-left-large:1.92%;--awb-width-medium:100%;--awb-spacing-right-medium:1.92%;--awb-spacing-left-medium:1.92%;--awb-width-small:100%;--awb-spacing-right-small:1.92%;--awb-spacing-left-small:1.92%;\"><div class=\"fusion-column-wrapper fusion-flex-justify-content-flex-start fusion-content-layout-column\"><div class=\"fusion-text fusion-text-1\"><p style=\"text-align: justify;\"><span style=\"font-weight: 400;\">The Civil Service Associations were created by volunteers and collaborators over the past decades. They develop a series of activities that focus on supportive help for human beings and the care of the environment, with the aim of reducing suffering, responding to emergencies and humanitarian crises and working for human dignity anywhere in the world.<\/span><\/p>\n<\/div><div class=\"fusion-content-boxes content-boxes columns row fusion-columns-4 fusion-columns-total-7 fusion-content-boxes-1 content-boxes-icon-with-title content-left\" style=\"--awb-hover-accent-color:#9e7f2b;--awb-circle-hover-accent-color:#9e7f2b;\" data-animationOffset=\"top-into-view\"><div style=\"--awb-backgroundcolor:rgba(255,255,255,0);\" class=\"fusion-column content-box-column content-box-column content-box-column-1 col-lg-3 col-md-3 col-sm-3 fusion-content-box-hover content-box-column-first-in-row\"><div class=\"col content-box-wrapper content-wrapper link-area-link-icon icon-hover-animation-fade\" data-animationOffset=\"top-into-view\"><div class=\"fusion-clearfix\"><\/div><div class=\"content-container\">\n<p><a href=\"https:\/\/www.missoeshumanitarias.org\/en\/\" target=\"_blank\" rel=\"noopener\"><img decoding=\"async\" class=\"size-thumbnail wp-image-123218 aligncenter\" src=\"https:\/\/www.fraterinternacional.org\/wp-content\/uploads\/2021\/07\/logo-FMHI-EN-150x150.png\" alt=\"Fraternity \u2013 International Humanitarian Missions (FIHM)\" width=\"150\" height=\"150\" \/><\/a><\/p>\n<p style=\"text-align: center;\"><strong><a href=\"https:\/\/www.missoeshumanitarias.org\/en\/\" target=\"_blank\" rel=\"noopener\">Fraternity \u2013 International Humanitarian Missions (FIHM)<\/a><\/strong><\/p>\n<h5 style=\"text-align: center;\">Minas Gerais, Brazil<\/h5>\n<\/div><\/div><\/div><div style=\"--awb-backgroundcolor:rgba(255,255,255,0);\" class=\"fusion-column content-box-column content-box-column content-box-column-2 col-lg-3 col-md-3 col-sm-3 fusion-content-box-hover \"><div class=\"col content-box-wrapper content-wrapper link-area-link-icon icon-hover-animation-fade\" data-animationOffset=\"top-into-view\"><div class=\"fusion-clearfix\"><\/div><div class=\"content-container\">\n<p><a href=\"https:\/\/www.missoeshumanitarias.org\/en\/affiliated-in-geneva\/\"><img decoding=\"async\" class=\"size-thumbnail wp-image-123821 aligncenter\" src=\"https:\/\/www.fraterinternacional.org\/wp-content\/uploads\/2021\/09\/logo-FMHI-FR-150x150.png\" alt=\"Fraternit\u00e9 \u2013 Missions Humanitaires Internationales (FMHI)\" width=\"150\" height=\"150\" \/><\/a><\/p>\n<p style=\"text-align: center;\"><strong><a href=\"https:\/\/www.missoeshumanitarias.org\/en\/affiliated-in-geneva\/\" target=\"_blank\" rel=\"noopener\">Fraternity \u2013 International Humanitarian Missions (FIHM) Geneva<\/a><\/strong><\/p>\n<h5 style=\"text-align: center;\">Geneva, Switzerland<\/h5>\n<\/div><\/div><\/div><div style=\"--awb-backgroundcolor:rgba(255,255,255,0);\" class=\"fusion-column content-box-column content-box-column content-box-column-3 col-lg-3 col-md-3 col-sm-3 fusion-content-box-hover \"><div class=\"col content-box-wrapper content-wrapper link-area-link-icon icon-hover-animation-fade\" data-animationOffset=\"top-into-view\"><div class=\"fusion-clearfix\"><\/div><div class=\"content-container\">\n<p><a href=\"http:\/\/www.casaluzdacolina.org.br\/\"><img decoding=\"async\" class=\"size-thumbnail wp-image-121837 aligncenter\" src=\"https:\/\/www.fraterinternacional.org\/wp-content\/uploads\/2021\/06\/logo-CLC01-150x150.png\" alt=\"Casa Luz da Colina\" width=\"150\" height=\"150\" \/><\/a><\/p>\n<p style=\"text-align: center;\"><strong><a href=\"http:\/\/www.casaluzdacolina.org.br\/\" target=\"_blank\" rel=\"noopener\">House of the Light of the Hill<\/a><\/strong><\/p>\n<h5 style=\"text-align: center;\">Minas Gerais, Brazil<\/h5>\n<\/div><\/div><\/div><div style=\"--awb-backgroundcolor:rgba(255,255,255,0);\" class=\"fusion-column content-box-column content-box-column content-box-column-4 col-lg-3 col-md-3 col-sm-3 fusion-content-box-hover content-box-column-last-in-row\"><div class=\"col content-box-wrapper content-wrapper link-area-link-icon icon-hover-animation-fade\" data-animationOffset=\"top-into-view\"><div class=\"fusion-clearfix\"><\/div><div class=\"content-container\">\n<p><a href=\"http:\/\/www.casacristodobem.org.br\/\"><img decoding=\"async\" class=\"size-thumbnail wp-image-121840 aligncenter\" src=\"https:\/\/www.fraterinternacional.org\/wp-content\/uploads\/2021\/06\/logo-casa-cristo01-150x150.png\" alt=\"Casa Cristo do Bem\" width=\"150\" height=\"150\" \/><\/a><\/p>\n<p style=\"text-align: center;\"><strong><a href=\"http:\/\/www.casacristodobem.org.br\/\" target=\"_blank\" rel=\"noopener\" aria-label=\" (opens in a new tab)\">House of the Christ of the Good<\/a><\/strong><\/p>\n<h5 style=\"text-align: center;\">Rio de Janeiro, Brazil<\/h5>\n<\/div><\/div><\/div><div style=\"--awb-backgroundcolor:rgba(255,255,255,0);\" class=\"fusion-column content-box-column content-box-column content-box-column-5 col-lg-3 col-md-3 col-sm-3 fusion-content-box-hover content-box-column-first-in-row\"><div class=\"col content-box-wrapper content-wrapper link-area-link-icon icon-hover-animation-fade\" data-animationOffset=\"top-into-view\"><div class=\"fusion-clearfix\"><\/div><div class=\"content-container\">\n<p><a href=\"http:\/\/www.parquefranciscodeassis.com.br\/\"><img decoding=\"async\" class=\"size-thumbnail wp-image-121843 aligncenter\" src=\"https:\/\/www.fraterinternacional.org\/wp-content\/uploads\/2021\/06\/logo-parqueFassis01-150x150.png\" alt=\"Parque Francisco de Assis\" width=\"150\" height=\"150\" \/><\/a><\/p>\n<p style=\"text-align: center;\"><strong><a href=\"http:\/\/www.parquefranciscodeassis.com.br\/\" target=\"_blank\" rel=\"noopener\" aria-label=\" (opens in a new tab)\">Francisco de Assis Park<\/a><\/strong><\/p>\n<h5 style=\"text-align: center;\">Minas Gerais, Brazil<\/h5>\n<\/div><\/div><\/div><div style=\"--awb-backgroundcolor:rgba(255,255,255,0);\" class=\"fusion-column content-box-column content-box-column content-box-column-6 col-lg-3 col-md-3 col-sm-3 fusion-content-box-hover \"><div class=\"col content-box-wrapper content-wrapper link-area-link-icon icon-hover-animation-fade\" data-animationOffset=\"top-into-view\"><div class=\"fusion-clearfix\"><\/div><div class=\"content-container\"><a href=\"https:\/\/www.fraterinternacional.org\/en\/affiliates\/camino-del-servicio\/\" target=\"_blank\" rel=\"noopener\"><img decoding=\"async\" class=\"size-thumbnail wp-image-121846 aligncenter\" src=\"https:\/\/www.fraterinternacional.org\/wp-content\/uploads\/2021\/06\/logo-FFHI-filiadas-neutra-150x150.png\" alt=\"Camino del Servicio\" width=\"150\" height=\"150\" \/><\/a><\/p>\n<p style=\"text-align: center;\"><a href=\"https:\/\/www.fraterinternacional.org\/en\/affiliates\/camino-del-servicio\/\" target=\"_blank\" rel=\"noopener\">Camino del Servicio<\/a><\/p>\n<h5 style=\"text-align: center;\">Viedma, Argentina<\/h5>\n<\/div><\/div><\/div><div style=\"--awb-backgroundcolor:rgba(255,255,255,0);\" class=\"fusion-column content-box-column content-box-column content-box-column-7 col-lg-3 col-md-3 col-sm-3 fusion-content-box-hover content-box-column-last\"><div class=\"col content-box-wrapper content-wrapper link-area-link-icon icon-hover-animation-fade\" data-animationOffset=\"top-into-view\"><div class=\"fusion-clearfix\"><\/div><div class=\"content-container\">\n<p><img decoding=\"async\" class=\"size-thumbnail wp-image-126939 aligncenter\" src=\"https:\/\/www.fraterinternacional.org\/wp-content\/uploads\/2024\/02\/logo-FMHI-bc-EN-150x150.png\" alt=\"Fraternity \u2013 International Humanitarian Missions (FIHM) Association in Portugal\" width=\"150\" height=\"150\" \/><\/p>\n<p style=\"text-align: center;\"><span style=\"color: #274173;\"><strong>Fraternity \u2013 International Humanitarian Missions (FIHM) Association in Portugal<\/strong><\/span><\/p>\n<h5 style=\"text-align: center;\">Portugal<\/h5>\n<\/div><\/div><\/div><div class=\"fusion-clearfix\"><\/div><\/div><\/div><\/div><\/div><\/div>\n","protected":false},"excerpt":{"rendered":"","protected":false},"author":4,"featured_media":0,"parent":0,"menu_order":0,"comment_status":"closed","ping_status":"closed","template":"","meta":{"footnotes":""},"class_list":["post-122466","page","type-page","status-publish","hentry"],"yoast_head":"<!-- This site is optimized with the Yoast SEO Premium plugin v21.0 (Yoast SEO v21.0) - https:\/\/yoast.com\/wordpress\/plugins\/seo\/ -->\n<title>Service Associations - Fraternidade - Federa\u00e7\u00e3o Humanit\u00e1ria Internacional<\/title>\n<meta name=\"robots\" content=\"index, follow, max-snippet:-1, max-image-preview:large, max-video-preview:-1\" \/>\n<link rel=\"canonical\" href=\"https:\/\/www.fraterinternacional.org\/en\/service-associations\/\" \/>\n<meta property=\"og:locale\" content=\"en_US\" \/>\n<meta property=\"og:type\" content=\"article\" \/>\n<meta property=\"og:title\" content=\"Service Associations\" \/>\n<meta property=\"og:url\" content=\"https:\/\/www.fraterinternacional.org\/en\/service-associations\/\" \/>\n<meta property=\"og:site_name\" content=\"Fraternidade - Federa\u00e7\u00e3o Humanit\u00e1ria Internacional\" \/>\n<meta property=\"article:publisher\" content=\"https:\/\/www.facebook.com\/fraternidadehumanitaria\" \/>\n<meta property=\"article:modified_time\" content=\"2024-02-03T11:51:22+00:00\" \/>\n<meta property=\"og:image\" content=\"https:\/\/www.fraterinternacional.org\/wp-content\/uploads\/2021\/07\/logo-FMHI-EN-150x150.png\" \/>\n<meta name=\"twitter:card\" content=\"summary_large_image\" \/>\n<meta name=\"twitter:site\" content=\"@fraternidadeFHI\" \/>\n<meta name=\"twitter:label1\" content=\"Est. reading time\" \/>\n\t<meta name=\"twitter:data1\" content=\"4 minutes\" \/>\n<script type=\"application\/ld+json\" class=\"yoast-schema-graph\">{\"@context\":\"https:\/\/schema.org\",\"@graph\":[{\"@type\":\"WebPage\",\"@id\":\"https:\/\/www.fraterinternacional.org\/en\/service-associations\/\",\"url\":\"https:\/\/www.fraterinternacional.org\/en\/service-associations\/\",\"name\":\"Service Associations - Fraternidade - Federa\u00e7\u00e3o Humanit\u00e1ria Internacional\",\"isPartOf\":{\"@id\":\"https:\/\/www.fraterinternacional.org\/es\/#website\"},\"datePublished\":\"2021-06-09T09:27:48+00:00\",\"dateModified\":\"2024-02-03T11:51:22+00:00\",\"breadcrumb\":{\"@id\":\"https:\/\/www.fraterinternacional.org\/en\/service-associations\/#breadcrumb\"},\"inLanguage\":\"en-US\",\"potentialAction\":[{\"@type\":\"ReadAction\",\"target\":[\"https:\/\/www.fraterinternacional.org\/en\/service-associations\/\"]}]},{\"@type\":\"BreadcrumbList\",\"@id\":\"https:\/\/www.fraterinternacional.org\/en\/service-associations\/#breadcrumb\",\"itemListElement\":[{\"@type\":\"ListItem\",\"position\":1,\"name\":\"In\u00edcio\",\"item\":\"https:\/\/www.fraterinternacional.org\/en\/\"},{\"@type\":\"ListItem\",\"position\":2,\"name\":\"Service Associations\"}]},{\"@type\":\"WebSite\",\"@id\":\"https:\/\/www.fraterinternacional.org\/es\/#website\",\"url\":\"https:\/\/www.fraterinternacional.org\/es\/\",\"name\":\"Fraternidade - Federa\u00e7\u00e3o Humanit\u00e1ria Internacional\",\"description\":\"Fraternidade - Federa\u00e7\u00e3o Humanit\u00e1ria Internacional\",\"potentialAction\":[{\"@type\":\"SearchAction\",\"target\":{\"@type\":\"EntryPoint\",\"urlTemplate\":\"https:\/\/www.fraterinternacional.org\/es\/?s={search_term_string}\"},\"query-input\":\"required name=search_term_string\"}],\"inLanguage\":\"en-US\"}]}<\/script>\n<!-- \/ Yoast SEO Premium plugin. -->","yoast_head_json":{"title":"Service Associations - Fraternidade - Federa\u00e7\u00e3o Humanit\u00e1ria Internacional","robots":{"index":"index","follow":"follow","max-snippet":"max-snippet:-1","max-image-preview":"max-image-preview:large","max-video-preview":"max-video-preview:-1"},"canonical":"https:\/\/www.fraterinternacional.org\/en\/service-associations\/","og_locale":"en_US","og_type":"article","og_title":"Service Associations","og_url":"https:\/\/www.fraterinternacional.org\/en\/service-associations\/","og_site_name":"Fraternidade - Federa\u00e7\u00e3o Humanit\u00e1ria Internacional","article_publisher":"https:\/\/www.facebook.com\/fraternidadehumanitaria","article_modified_time":"2024-02-03T11:51:22+00:00","og_image":[{"url":"https:\/\/www.fraterinternacional.org\/wp-content\/uploads\/2021\/07\/logo-FMHI-EN-150x150.png"}],"twitter_card":"summary_large_image","twitter_site":"@fraternidadeFHI","twitter_misc":{"Est. reading time":"4 minutes"},"schema":{"@context":"https:\/\/schema.org","@graph":[{"@type":"WebPage","@id":"https:\/\/www.fraterinternacional.org\/en\/service-associations\/","url":"https:\/\/www.fraterinternacional.org\/en\/service-associations\/","name":"Service Associations - Fraternidade - Federa\u00e7\u00e3o Humanit\u00e1ria Internacional","isPartOf":{"@id":"https:\/\/www.fraterinternacional.org\/es\/#website"},"datePublished":"2021-06-09T09:27:48+00:00","dateModified":"2024-02-03T11:51:22+00:00","breadcrumb":{"@id":"https:\/\/www.fraterinternacional.org\/en\/service-associations\/#breadcrumb"},"inLanguage":"en-US","potentialAction":[{"@type":"ReadAction","target":["https:\/\/www.fraterinternacional.org\/en\/service-associations\/"]}]},{"@type":"BreadcrumbList","@id":"https:\/\/www.fraterinternacional.org\/en\/service-associations\/#breadcrumb","itemListElement":[{"@type":"ListItem","position":1,"name":"In\u00edcio","item":"https:\/\/www.fraterinternacional.org\/en\/"},{"@type":"ListItem","position":2,"name":"Service Associations"}]},{"@type":"WebSite","@id":"https:\/\/www.fraterinternacional.org\/es\/#website","url":"https:\/\/www.fraterinternacional.org\/es\/","name":"Fraternidade - Federa\u00e7\u00e3o Humanit\u00e1ria Internacional","description":"Fraternidade - Federa\u00e7\u00e3o Humanit\u00e1ria Internacional","potentialAction":[{"@type":"SearchAction","target":{"@type":"EntryPoint","urlTemplate":"https:\/\/www.fraterinternacional.org\/es\/?s={search_term_string}"},"query-input":"required name=search_term_string"}],"inLanguage":"en-US"}]}},"_links":{"self":[{"href":"https:\/\/www.fraterinternacional.org\/en\/wp-json\/wp\/v2\/pages\/122466"}],"collection":[{"href":"https:\/\/www.fraterinternacional.org\/en\/wp-json\/wp\/v2\/pages"}],"about":[{"href":"https:\/\/www.fraterinternacional.org\/en\/wp-json\/wp\/v2\/types\/page"}],"author":[{"embeddable":true,"href":"https:\/\/www.fraterinternacional.org\/en\/wp-json\/wp\/v2\/users\/4"}],"replies":[{"embeddable":true,"href":"https:\/\/www.fraterinternacional.org\/en\/wp-json\/wp\/v2\/comments?post=122466"}],"version-history":[{"count":1,"href":"https:\/\/www.fraterinternacional.org\/en\/wp-json\/wp\/v2\/pages\/122466\/revisions"}],"predecessor-version":[{"id":126942,"href":"https:\/\/www.fraterinternacional.org\/en\/wp-json\/wp\/v2\/pages\/122466\/revisions\/126942"}],"wp:attachment":[{"href":"https:\/\/www.fraterinternacional.org\/en\/wp-json\/wp\/v2\/media?parent=122466"}],"curies":[{"name":"wp","href":"https:\/\/api.w.org\/{rel}","templated":true}]}}