{"id":122465,"date":"2021-06-09T06:27:21","date_gmt":"2021-06-09T09:27:21","guid":{"rendered":"https:\/\/www.fraterinternacional.org\/?page_id=122465"},"modified":"2021-06-24T10:58:03","modified_gmt":"2021-06-24T13:58:03","slug":"religious-associations","status":"publish","type":"page","link":"https:\/\/www.fraterinternacional.org\/en\/religious-associations\/","title":{"rendered":"Religious Associations"},"content":{"rendered":"<p>The search for spiritual evolution, the ecumenical living of principles of Universal Love, the moving towards a life of evolutionary group service, and the aspiration for making life sacred are the bases of the work of the <a href=\"https:\/\/www.mensajerosdivinos.org\/en\/grace-mercy-order\" target=\"_blank\" rel=\"noopener\">Grace Mercy Order<\/a>, of its monasteries and of the <a href=\"https:\/\/www.mensajerosdivinos.org\/en\/asociacion-maria\" target=\"_blank\" rel=\"noopener\">Associa\u00e7\u00e3o Maria (Mary Association)<\/a>. The religiosity that permeates the formal work of these associations was born of the impulse to manifest a life totally consecrated to the Christic principles of Universal Love.<\/p>\n<div class=\"fusion-content-boxes content-boxes columns row fusion-columns-4 fusion-columns-total-4 fusion-content-boxes-1 content-boxes-icon-with-title content-left\" style=\"--awb-hover-accent-color:#9e7f2b;--awb-circle-hover-accent-color:#9e7f2b;\" data-animationOffset=\"top-into-view\"><div style=\"--awb-backgroundcolor:rgba(255,255,255,0);\" class=\"fusion-column content-box-column content-box-column content-box-column-1 col-lg-3 col-md-3 col-sm-3 fusion-content-box-hover content-box-column-first-in-row\"><div class=\"col content-box-wrapper content-wrapper link-area-link-icon icon-hover-animation-fade\" data-animationOffset=\"top-into-view\"><div class=\"fusion-clearfix\"><\/div><div class=\"content-container\"><\/p>\n<p style=\"text-align: center;\"><a href=\"https:\/\/www.mensajerosdivinos.org\/pt-br\/asociacion-maria\"><img decoding=\"async\" class=\"alignnone size-thumbnail wp-image-121878\" src=\"https:\/\/www.fraterinternacional.org\/wp-content\/uploads\/2021\/06\/logo-AM01-150x150.png\" alt=\"Associa\u00e7\u00e3o Maria\" width=\"150\" height=\"150\" \/><\/a><\/p>\n<p style=\"text-align: center;\"><a href=\"https:\/\/www.mensajerosdivinos.org\/pt-br\/asociacion-maria\" target=\"_blank\" rel=\"noopener\"><strong>Associa\u00e7\u00e3o Maria<\/strong><\/a><\/p>\n<h5 style=\"text-align: center;\">Minas Gerais, Brazil<\/h5>\n<p><\/div><\/div><\/div><div style=\"--awb-backgroundcolor:rgba(255,255,255,0);\" class=\"fusion-column content-box-column content-box-column content-box-column-2 col-lg-3 col-md-3 col-sm-3 fusion-content-box-hover \"><div class=\"col content-box-wrapper content-wrapper link-area-link-icon icon-hover-animation-fade\" data-animationOffset=\"top-into-view\"><div class=\"fusion-clearfix\"><\/div><div class=\"content-container\"><\/p>\n<p style=\"text-align: center;\"><a href=\"https:\/\/www.mensajerosdivinos.org\/pt-br\/ordem-graca-misericordia\"><img decoding=\"async\" class=\"alignnone size-thumbnail wp-image-121881\" src=\"https:\/\/www.fraterinternacional.org\/wp-content\/uploads\/2021\/06\/logo-OGM01-150x150.png\" alt=\"Ordem Gra\u00e7a Miseric\u00f3rdia\" width=\"150\" height=\"150\" \/><\/a><\/p>\n<p style=\"text-align: center;\"><strong><a href=\"https:\/\/www.mensajerosdivinos.org\/pt-br\/ordem-graca-misericordia\" target=\"_blank\" rel=\"noopener\">Grace Mercy Order<\/a><\/strong><\/p>\n<h5 style=\"text-align: center;\">Minas Gerais, Brazil<\/h5>\n<p><\/div><\/div><\/div><div style=\"--awb-backgroundcolor:rgba(255,255,255,0);\" class=\"fusion-column content-box-column content-box-column content-box-column-3 col-lg-3 col-md-3 col-sm-3 fusion-content-box-hover \"><div class=\"col content-box-wrapper content-wrapper link-area-link-icon icon-hover-animation-fade\" data-animationOffset=\"top-into-view\"><div class=\"fusion-clearfix\"><\/div><div class=\"content-container\"><\/p>\n<p style=\"text-align: center;\"><a href=\"https:\/\/www.mensajerosdivinos.org\/es\/la-orden-gracia-misericordia\" target=\"_blank\" rel=\"noopener\"><img decoding=\"async\" class=\"alignnone wp-image-121881 size-thumbnail\" src=\"https:\/\/www.fraterinternacional.org\/wp-content\/uploads\/2021\/06\/logo-OGM01-150x150.png\" alt=\"Orden Gracia Misericordia\" width=\"150\" height=\"150\" \/><\/a><\/p>\n<p style=\"text-align: center;\"><strong><a href=\"https:\/\/www.mensajerosdivinos.org\/es\/la-orden-gracia-misericordia\" target=\"_blank\" rel=\"noopener\">Orden Gracia Misericordia<\/a><\/strong><\/p>\n<h5 style=\"text-align: center;\">F\u00e1tima, Portugal<\/h5>\n<p><\/div><\/div><\/div><div style=\"--awb-backgroundcolor:rgba(255,255,255,0);\" class=\"fusion-column content-box-column content-box-column content-box-column-4 col-lg-3 col-md-3 col-sm-3 fusion-content-box-hover content-box-column-last content-box-column-last-in-row\"><div class=\"col content-box-wrapper content-wrapper link-area-link-icon icon-hover-animation-fade\" data-animationOffset=\"top-into-view\"><div class=\"fusion-clearfix\"><\/div><div class=\"content-container\"><\/p>\n<p style=\"text-align: center;\"><a href=\"https:\/\/www.mensajerosdivinos.org\/en\/grace-mercy-order\"><img decoding=\"async\" class=\"alignnone size-thumbnail wp-image-121881\" src=\"https:\/\/www.fraterinternacional.org\/wp-content\/uploads\/2021\/06\/logo-OGM01-150x150.png\" alt=\"Ordem Gra\u00e7a Miseric\u00f3rdia\" width=\"150\" height=\"150\" \/><\/a><\/p>\n<p style=\"text-align: center;\"><strong><a href=\"https:\/\/www.mensajerosdivinos.org\/en\/grace-mercy-order\" target=\"_blank\" rel=\"noopener\">Grace Mercy Order Community <\/a><\/strong><\/p>\n<h5 style=\"text-align: center;\">Calif\u00f3rnia, USA<\/h5>\n<p><\/div><\/div><\/div><div class=\"fusion-clearfix\"><\/div><\/div>\n<h3 style=\"text-align: center;\">MARIANS CENTERS<\/h3>\n<p>The Marian Centers, integrated with the <a href=\"https:\/\/www.fraterinternacional.org\/en\/light-community\/\" target=\"_blank\" rel=\"noopener\">Light-Communities<\/a>, are ecumenical sanctuaries that draw pilgrims from the various regions of Brazil and other countries to express their devotion to the Most Holy Mary. Liturgies and permanent vigils are the keynote of the work, which added to positive practical activities, constitute a connecting thread to the Celestial Plan, which inspires work.<\/p>\n<p><a href=\"https:\/\/www.mensajerosdivinos.org\/pt-br\/centros-marianos-de-oracion\" target=\"_blank\" rel=\"noopener noreferrer\"><strong>Find out about the Marian Centers by clicking here.<\/strong><\/a><\/p>\n<div class=\"fusion-aligncenter\"><a class=\"fusion-button button-flat fusion-button-default-size button-default fusion-button-default button-1 fusion-button-default-span fusion-button-default-type\" style=\"--button_margin-top:50px;--button_margin-bottom:50px;\" target=\"_blank\" rel=\"noopener noreferrer\" href=\"https:\/\/www.fraterinternacional.org\/en\/frequently-asked-questions-gmo\/\"><span class=\"fusion-button-text\">Frequently Asked questions about the Grace Mercy Order<\/span><\/a><\/div>\n","protected":false},"excerpt":{"rendered":"<p>The search for spiritual evolution, the ecumenical living of principles of Universal Love, the moving towards a life of evolutionary [&hellip;]<\/p>\n","protected":false},"author":4,"featured_media":0,"parent":0,"menu_order":0,"comment_status":"closed","ping_status":"closed","template":"","meta":{"footnotes":""},"class_list":["post-122465","page","type-page","status-publish","hentry"],"yoast_head":"<!-- This site is optimized with the Yoast SEO Premium plugin v21.0 (Yoast SEO v21.0) - https:\/\/yoast.com\/wordpress\/plugins\/seo\/ -->\n<title>Religious Associations - Fraternidade - Federa\u00e7\u00e3o Humanit\u00e1ria Internacional<\/title>\n<meta name=\"robots\" content=\"index, follow, max-snippet:-1, max-image-preview:large, max-video-preview:-1\" \/>\n<link rel=\"canonical\" href=\"https:\/\/www.fraterinternacional.org\/en\/religious-associations\/\" \/>\n<meta property=\"og:locale\" content=\"en_US\" \/>\n<meta property=\"og:type\" content=\"article\" \/>\n<meta property=\"og:title\" content=\"Religious Associations\" \/>\n<meta property=\"og:description\" content=\"The search for spiritual evolution, the ecumenical living of principles of Universal Love, the moving towards a life of evolutionary [&hellip;]\" \/>\n<meta property=\"og:url\" content=\"https:\/\/www.fraterinternacional.org\/en\/religious-associations\/\" \/>\n<meta property=\"og:site_name\" content=\"Fraternidade - Federa\u00e7\u00e3o Humanit\u00e1ria Internacional\" \/>\n<meta property=\"article:publisher\" content=\"https:\/\/www.facebook.com\/fraternidadehumanitaria\" \/>\n<meta property=\"article:modified_time\" content=\"2021-06-24T13:58:03+00:00\" \/>\n<meta property=\"og:image\" content=\"https:\/\/www.fraterinternacional.org\/wp-content\/uploads\/2021\/06\/logo-AM01-150x150.png\" \/>\n<meta name=\"twitter:card\" content=\"summary_large_image\" \/>\n<meta name=\"twitter:site\" content=\"@fraternidadeFHI\" \/>\n<meta name=\"twitter:label1\" content=\"Est. reading time\" \/>\n\t<meta name=\"twitter:data1\" content=\"3 minutes\" \/>\n<script type=\"application\/ld+json\" class=\"yoast-schema-graph\">{\"@context\":\"https:\/\/schema.org\",\"@graph\":[{\"@type\":\"WebPage\",\"@id\":\"https:\/\/www.fraterinternacional.org\/en\/religious-associations\/\",\"url\":\"https:\/\/www.fraterinternacional.org\/en\/religious-associations\/\",\"name\":\"Religious Associations - Fraternidade - Federa\u00e7\u00e3o Humanit\u00e1ria Internacional\",\"isPartOf\":{\"@id\":\"https:\/\/www.fraterinternacional.org\/es\/#website\"},\"datePublished\":\"2021-06-09T09:27:21+00:00\",\"dateModified\":\"2021-06-24T13:58:03+00:00\",\"breadcrumb\":{\"@id\":\"https:\/\/www.fraterinternacional.org\/en\/religious-associations\/#breadcrumb\"},\"inLanguage\":\"en-US\",\"potentialAction\":[{\"@type\":\"ReadAction\",\"target\":[\"https:\/\/www.fraterinternacional.org\/en\/religious-associations\/\"]}]},{\"@type\":\"BreadcrumbList\",\"@id\":\"https:\/\/www.fraterinternacional.org\/en\/religious-associations\/#breadcrumb\",\"itemListElement\":[{\"@type\":\"ListItem\",\"position\":1,\"name\":\"In\u00edcio\",\"item\":\"https:\/\/www.fraterinternacional.org\/en\/\"},{\"@type\":\"ListItem\",\"position\":2,\"name\":\"Religious Associations\"}]},{\"@type\":\"WebSite\",\"@id\":\"https:\/\/www.fraterinternacional.org\/es\/#website\",\"url\":\"https:\/\/www.fraterinternacional.org\/es\/\",\"name\":\"Fraternidade - Federa\u00e7\u00e3o Humanit\u00e1ria Internacional\",\"description\":\"Fraternidade - Federa\u00e7\u00e3o Humanit\u00e1ria Internacional\",\"potentialAction\":[{\"@type\":\"SearchAction\",\"target\":{\"@type\":\"EntryPoint\",\"urlTemplate\":\"https:\/\/www.fraterinternacional.org\/es\/?s={search_term_string}\"},\"query-input\":\"required name=search_term_string\"}],\"inLanguage\":\"en-US\"}]}<\/script>\n<!-- \/ Yoast SEO Premium plugin. -->","yoast_head_json":{"title":"Religious Associations - Fraternidade - Federa\u00e7\u00e3o Humanit\u00e1ria Internacional","robots":{"index":"index","follow":"follow","max-snippet":"max-snippet:-1","max-image-preview":"max-image-preview:large","max-video-preview":"max-video-preview:-1"},"canonical":"https:\/\/www.fraterinternacional.org\/en\/religious-associations\/","og_locale":"en_US","og_type":"article","og_title":"Religious Associations","og_description":"The search for spiritual evolution, the ecumenical living of principles of Universal Love, the moving towards a life of evolutionary [&hellip;]","og_url":"https:\/\/www.fraterinternacional.org\/en\/religious-associations\/","og_site_name":"Fraternidade - Federa\u00e7\u00e3o Humanit\u00e1ria Internacional","article_publisher":"https:\/\/www.facebook.com\/fraternidadehumanitaria","article_modified_time":"2021-06-24T13:58:03+00:00","og_image":[{"url":"https:\/\/www.fraterinternacional.org\/wp-content\/uploads\/2021\/06\/logo-AM01-150x150.png"}],"twitter_card":"summary_large_image","twitter_site":"@fraternidadeFHI","twitter_misc":{"Est. reading time":"3 minutes"},"schema":{"@context":"https:\/\/schema.org","@graph":[{"@type":"WebPage","@id":"https:\/\/www.fraterinternacional.org\/en\/religious-associations\/","url":"https:\/\/www.fraterinternacional.org\/en\/religious-associations\/","name":"Religious Associations - Fraternidade - Federa\u00e7\u00e3o Humanit\u00e1ria Internacional","isPartOf":{"@id":"https:\/\/www.fraterinternacional.org\/es\/#website"},"datePublished":"2021-06-09T09:27:21+00:00","dateModified":"2021-06-24T13:58:03+00:00","breadcrumb":{"@id":"https:\/\/www.fraterinternacional.org\/en\/religious-associations\/#breadcrumb"},"inLanguage":"en-US","potentialAction":[{"@type":"ReadAction","target":["https:\/\/www.fraterinternacional.org\/en\/religious-associations\/"]}]},{"@type":"BreadcrumbList","@id":"https:\/\/www.fraterinternacional.org\/en\/religious-associations\/#breadcrumb","itemListElement":[{"@type":"ListItem","position":1,"name":"In\u00edcio","item":"https:\/\/www.fraterinternacional.org\/en\/"},{"@type":"ListItem","position":2,"name":"Religious Associations"}]},{"@type":"WebSite","@id":"https:\/\/www.fraterinternacional.org\/es\/#website","url":"https:\/\/www.fraterinternacional.org\/es\/","name":"Fraternidade - Federa\u00e7\u00e3o Humanit\u00e1ria Internacional","description":"Fraternidade - Federa\u00e7\u00e3o Humanit\u00e1ria Internacional","potentialAction":[{"@type":"SearchAction","target":{"@type":"EntryPoint","urlTemplate":"https:\/\/www.fraterinternacional.org\/es\/?s={search_term_string}"},"query-input":"required name=search_term_string"}],"inLanguage":"en-US"}]}},"_links":{"self":[{"href":"https:\/\/www.fraterinternacional.org\/en\/wp-json\/wp\/v2\/pages\/122465"}],"collection":[{"href":"https:\/\/www.fraterinternacional.org\/en\/wp-json\/wp\/v2\/pages"}],"about":[{"href":"https:\/\/www.fraterinternacional.org\/en\/wp-json\/wp\/v2\/types\/page"}],"author":[{"embeddable":true,"href":"https:\/\/www.fraterinternacional.org\/en\/wp-json\/wp\/v2\/users\/4"}],"replies":[{"embeddable":true,"href":"https:\/\/www.fraterinternacional.org\/en\/wp-json\/wp\/v2\/comments?post=122465"}],"version-history":[{"count":0,"href":"https:\/\/www.fraterinternacional.org\/en\/wp-json\/wp\/v2\/pages\/122465\/revisions"}],"wp:attachment":[{"href":"https:\/\/www.fraterinternacional.org\/en\/wp-json\/wp\/v2\/media?parent=122465"}],"curies":[{"name":"wp","href":"https:\/\/api.w.org\/{rel}","templated":true}]}}