{"id":122456,"date":"2021-06-09T06:24:39","date_gmt":"2021-06-09T09:24:39","guid":{"rendered":"https:\/\/www.fraterinternacional.org\/?page_id=122456"},"modified":"2025-04-06T17:06:01","modified_gmt":"2025-04-06T20:06:01","slug":"teachers","status":"publish","type":"page","link":"https:\/\/www.fraterinternacional.org\/en\/teachers\/","title":{"rendered":"Teachers"},"content":{"rendered":"<div class=\"fusion-fullwidth fullwidth-box fusion-builder-row-1 nonhundred-percent-fullwidth non-hundred-percent-height-scrolling\" style=\"--awb-border-radius-top-left:0px;--awb-border-radius-top-right:0px;--awb-border-radius-bottom-right:0px;--awb-border-radius-bottom-left:0px;--awb-flex-wrap:wrap;\" ><div class=\"fusion-builder-row fusion-row\"><div class=\"fusion-layout-column fusion_builder_column fusion-builder-column-0 fusion_builder_column_1_1 1_1 fusion-one-full fusion-column-first fusion-column-last\" style=\"--awb-bg-size:cover;\"><div class=\"fusion-column-wrapper fusion-column-has-shadow fusion-flex-column-wrapper-legacy\"><div class=\"fusion-text fusion-text-1\"><p><span style=\"font-weight: 400;\">They are the mentors of the <a href=\"https:\/\/www.fraterinternacional.org\/en\/light-community\/\">Light-Communities<\/a> and principal representatives of the Teachings that orient all the service carried out within the sphere of the <strong>Humanitarian Fraternity (FIHF)<\/strong> and its affiliates.<\/span><\/p>\n<\/div><div class=\"fusion-clearfix\"><\/div><\/div><\/div><div class=\"fusion-layout-column fusion_builder_column fusion-builder-column-1 fusion_builder_column_1_3 1_3 fusion-one-third fusion-column-first fusion-animated\" style=\"--awb-bg-size:cover;--awb-margin-bottom:0px;width:30.6666%; margin-right: 4%;\" data-animationType=\"slideInLeft\" data-animationDuration=\"0.3\" data-animationOffset=\"top-into-view\"><div class=\"fusion-column-wrapper fusion-column-has-shadow fusion-flex-column-wrapper-legacy\"><div class=\"fusion-text fusion-text-2\"><p><a href=\"https:\/\/www.trigueirinho.org.br\/\"><img decoding=\"async\" class=\"size-full wp-image-121735 aligncenter\" src=\"https:\/\/www.fraterinternacional.org\/wp-content\/uploads\/2021\/06\/foto-trigueirinho01.jpg\" alt=\"Jos\u00e9 Trigueirinho Netto\" width=\"315\" height=\"315\" srcset=\"https:\/\/www.fraterinternacional.org\/wp-content\/uploads\/2021\/06\/foto-trigueirinho01-150x150.jpg 150w, https:\/\/www.fraterinternacional.org\/wp-content\/uploads\/2021\/06\/foto-trigueirinho01-200x200.jpg 200w, https:\/\/www.fraterinternacional.org\/wp-content\/uploads\/2021\/06\/foto-trigueirinho01-300x300.jpg 300w, https:\/\/www.fraterinternacional.org\/wp-content\/uploads\/2021\/06\/foto-trigueirinho01.jpg 315w\" sizes=\"(max-width: 315px) 100vw, 315px\" \/><\/a><\/p>\n<\/div><div class=\"fusion-clearfix\"><\/div><\/div><\/div><div class=\"fusion-layout-column fusion_builder_column fusion-builder-column-2 fusion_builder_column_2_3 2_3 fusion-two-third fusion-column-last fusion-animated\" style=\"--awb-bg-size:cover;--awb-margin-bottom:0px;width:65.3333%;\" data-animationType=\"slideInRight\" data-animationDuration=\"0.4\" data-animationOffset=\"top-into-view\"><div class=\"fusion-column-wrapper fusion-column-has-shadow fusion-flex-column-wrapper-legacy\"><div class=\"fusion-text fusion-text-3\"><p><a href=\"https:\/\/www.trigueirinho.org.br\/\" target=\"_blank\" rel=\"noopener noreferrer\">Jos\u00e9 Trigueirinho Netto<\/a> (1931-2018), spiritual philosopher, lived coherently and gave witness through his own life to the teachings he transmitted through his 84 books, published in various languages, and in more than three thousand recorded talks, known as sharings, because they represent the sharing of knowledge and experiences on transcendence and the upliftment of the human being, contact with the soul and with even deeper nuclei of the being, impersonal service and the alliance with Spiritual Hierarchies.<\/p>\n<p>All these teachings are available in different formats from <a href=\"https:\/\/www.irdin.org.br\/site\/\" target=\"_blank\" rel=\"noopener\">Irdin Editora<\/a>, on the <a href=\"https:\/\/www.youtube.com\/trigueirinhooficial\" target=\"_blank\" rel=\"noopener\">YouTube channel<\/a>, and on the <a href=\"https:\/\/www.trigueirinho.org.br\/\" target=\"_blank\" rel=\"noopener\">Trigueirinho official website<\/a>, as well as <a href=\"https:\/\/open.spotify.com\/show\/4JvkMXcOWqLYieQPK3gaaR?si=QOBuiSeWQhu17ha7vzk0Ow&amp;nd=1\" target=\"_blank\" rel=\"noopener\">Spotify<\/a>.<\/p>\n<p>He is one of the founding members of the <strong>Humanitarian Fraternity (FIHF)<\/strong>, co-founder of the <a href=\"https:\/\/www.mensajerosdivinos.org\/en\/grace-mercy-order\" target=\"_blank\" rel=\"noopener\">Grace Mercy Order<\/a>, and also originator and founder of the <a href=\"https:\/\/www.comunidadefigueira.org.br\/\" target=\"_blank\" rel=\"noopener\">Light-Community of Figueira.<\/a><\/p>\n<\/div><div class=\"fusion-clearfix\"><\/div><\/div><\/div><div class=\"fusion-layout-column fusion_builder_column fusion-builder-column-3 fusion_builder_column_1_1 1_1 fusion-one-full fusion-column-first fusion-column-last fusion-animated\" style=\"--awb-bg-size:cover;--awb-margin-bottom:0px;\" data-animationType=\"slideInRight\" data-animationDuration=\"0.4\" data-animationOffset=\"top-into-view\"><div class=\"fusion-column-wrapper fusion-column-has-shadow fusion-flex-column-wrapper-legacy\"><div class=\"fusion-sep-clear\"><\/div><div class=\"fusion-separator fusion-full-width-sep\" style=\"margin-left: auto;margin-right: auto;margin-top:40px;margin-bottom:40px;width:100%;\"><\/div><div class=\"fusion-sep-clear\"><\/div><div class=\"fusion-clearfix\"><\/div><\/div><\/div><div class=\"fusion-layout-column fusion_builder_column fusion-builder-column-4 fusion_builder_column_1_3 1_3 fusion-one-third fusion-column-first fusion-animated\" style=\"--awb-bg-size:cover;--awb-margin-bottom:0px;width:30.6666%; margin-right: 4%;\" data-animationType=\"slideInLeft\" data-animationDuration=\"0.5\" data-animationOffset=\"top-into-view\"><div class=\"fusion-column-wrapper fusion-column-has-shadow fusion-flex-column-wrapper-legacy\"><div class=\"fusion-text fusion-text-4\"><p><img decoding=\"async\" class=\"size-full wp-image-125466 aligncenter\" src=\"https:\/\/www.fraterinternacional.org\/wp-content\/uploads\/2022\/10\/instrutor-Frei-Luciano-02.png\" alt=\"Frei Luciano\" width=\"315\" height=\"315\" srcset=\"https:\/\/www.fraterinternacional.org\/wp-content\/uploads\/2022\/10\/instrutor-Frei-Luciano-02-150x150.png 150w, https:\/\/www.fraterinternacional.org\/wp-content\/uploads\/2022\/10\/instrutor-Frei-Luciano-02-200x200.png 200w, https:\/\/www.fraterinternacional.org\/wp-content\/uploads\/2022\/10\/instrutor-Frei-Luciano-02-300x300.png 300w, https:\/\/www.fraterinternacional.org\/wp-content\/uploads\/2022\/10\/instrutor-Frei-Luciano-02.png 315w\" sizes=\"(max-width: 315px) 100vw, 315px\" \/><\/p>\n<\/div><div class=\"fusion-clearfix\"><\/div><\/div><\/div><div class=\"fusion-layout-column fusion_builder_column fusion-builder-column-5 fusion_builder_column_2_3 2_3 fusion-two-third fusion-column-last fusion-animated\" style=\"--awb-bg-size:cover;--awb-margin-bottom:0px;width:65.3333%;\" data-animationType=\"slideInRight\" data-animationDuration=\"0.6\" data-animationOffset=\"top-into-view\"><div class=\"fusion-column-wrapper fusion-column-has-shadow fusion-flex-column-wrapper-legacy\"><div class=\"fusion-text fusion-text-5\"><p><strong>Friar Luciano<\/strong>, monk of the <a href=\"https:\/\/www.mensajerosdivinos.org\/en\/grace-mercy-order\" target=\"_blank\" rel=\"noopener\">Grace Mercy Order<\/a> and general manager of the <strong>Humanitarian Fraternity (FIHF)<\/strong>, is also one of its founding members, together with Jos\u00e9 Trigueirinho Netto and Mother Mar\u00eda Shimani de Montserrat.<\/p>\n<p>He is the author of the books <a href=\"https:\/\/www.irdin.org.br\/site\/produtos\/palavras-ao-coracao\/\" target=\"_blank\" rel=\"noopener\">Words to the Heart<\/a> and <a href=\"https:\/\/www.irdin.org.br\/site\/produtos\/silencio-o-amado-silencio\/\" target=\"_blank\" rel=\"noopener\">Silence, Beloved Silence<\/a>, published by Irdin Editora, and of hundreds of talks with instructions on the awakening and expansion of the human consciousness.<\/p>\n<p>He has been in contact with Monastic life for more than 30 years and is fully dedicated to the \u201cevolutionary process being carried out in daily life, illuminating and transforming it in service to the planet and to humanity.\u201d<\/p>\n<p>Friar Luciano is responsible for the national and international missions, carried out by the <a href=\"https:\/\/www.missoeshumanitarias.org\/en\/\" target=\"_blank\" rel=\"noopener\">Fraternity \u2013 International Humanitarian Missions (FIHM)<\/a>, that provide assistance in environmental and humanitarian emergency situations in Brazil and in other regions of the planet.<\/p>\n<\/div><div class=\"fusion-clearfix\"><\/div><\/div><\/div><\/div><\/div>\n","protected":false},"excerpt":{"rendered":"","protected":false},"author":4,"featured_media":0,"parent":0,"menu_order":0,"comment_status":"closed","ping_status":"closed","template":"","meta":{"footnotes":""},"class_list":["post-122456","page","type-page","status-publish","hentry"],"yoast_head":"<!-- This site is optimized with the Yoast SEO Premium plugin v21.0 (Yoast SEO v21.0) - https:\/\/yoast.com\/wordpress\/plugins\/seo\/ -->\n<title>Teachers - Fraternidade - Federa\u00e7\u00e3o Humanit\u00e1ria Internacional<\/title>\n<meta name=\"robots\" content=\"index, follow, max-snippet:-1, max-image-preview:large, max-video-preview:-1\" \/>\n<link rel=\"canonical\" href=\"https:\/\/www.fraterinternacional.org\/en\/teachers\/\" \/>\n<meta property=\"og:locale\" content=\"en_US\" \/>\n<meta property=\"og:type\" content=\"article\" \/>\n<meta property=\"og:title\" content=\"Teachers\" \/>\n<meta property=\"og:url\" content=\"https:\/\/www.fraterinternacional.org\/en\/teachers\/\" \/>\n<meta property=\"og:site_name\" content=\"Fraternidade - Federa\u00e7\u00e3o Humanit\u00e1ria Internacional\" \/>\n<meta property=\"article:publisher\" content=\"https:\/\/www.facebook.com\/fraternidadehumanitaria\" \/>\n<meta property=\"article:modified_time\" content=\"2025-04-06T20:06:01+00:00\" \/>\n<meta property=\"og:image\" content=\"https:\/\/www.fraterinternacional.org\/wp-content\/uploads\/2021\/06\/foto-trigueirinho01.jpg\" \/>\n<meta name=\"twitter:card\" content=\"summary_large_image\" \/>\n<meta name=\"twitter:site\" content=\"@fraternidadeFHI\" \/>\n<meta name=\"twitter:label1\" content=\"Est. reading time\" \/>\n\t<meta name=\"twitter:data1\" content=\"10 minutes\" \/>\n<script type=\"application\/ld+json\" class=\"yoast-schema-graph\">{\"@context\":\"https:\/\/schema.org\",\"@graph\":[{\"@type\":\"WebPage\",\"@id\":\"https:\/\/www.fraterinternacional.org\/en\/teachers\/\",\"url\":\"https:\/\/www.fraterinternacional.org\/en\/teachers\/\",\"name\":\"Teachers - Fraternidade - Federa\u00e7\u00e3o Humanit\u00e1ria Internacional\",\"isPartOf\":{\"@id\":\"https:\/\/www.fraterinternacional.org\/es\/#website\"},\"datePublished\":\"2021-06-09T09:24:39+00:00\",\"dateModified\":\"2025-04-06T20:06:01+00:00\",\"breadcrumb\":{\"@id\":\"https:\/\/www.fraterinternacional.org\/en\/teachers\/#breadcrumb\"},\"inLanguage\":\"en-US\",\"potentialAction\":[{\"@type\":\"ReadAction\",\"target\":[\"https:\/\/www.fraterinternacional.org\/en\/teachers\/\"]}]},{\"@type\":\"BreadcrumbList\",\"@id\":\"https:\/\/www.fraterinternacional.org\/en\/teachers\/#breadcrumb\",\"itemListElement\":[{\"@type\":\"ListItem\",\"position\":1,\"name\":\"In\u00edcio\",\"item\":\"https:\/\/www.fraterinternacional.org\/en\/\"},{\"@type\":\"ListItem\",\"position\":2,\"name\":\"Teachers\"}]},{\"@type\":\"WebSite\",\"@id\":\"https:\/\/www.fraterinternacional.org\/es\/#website\",\"url\":\"https:\/\/www.fraterinternacional.org\/es\/\",\"name\":\"Fraternidade - Federa\u00e7\u00e3o Humanit\u00e1ria Internacional\",\"description\":\"Fraternidade - Federa\u00e7\u00e3o Humanit\u00e1ria Internacional\",\"potentialAction\":[{\"@type\":\"SearchAction\",\"target\":{\"@type\":\"EntryPoint\",\"urlTemplate\":\"https:\/\/www.fraterinternacional.org\/es\/?s={search_term_string}\"},\"query-input\":\"required name=search_term_string\"}],\"inLanguage\":\"en-US\"}]}<\/script>\n<!-- \/ Yoast SEO Premium plugin. -->","yoast_head_json":{"title":"Teachers - Fraternidade - Federa\u00e7\u00e3o Humanit\u00e1ria Internacional","robots":{"index":"index","follow":"follow","max-snippet":"max-snippet:-1","max-image-preview":"max-image-preview:large","max-video-preview":"max-video-preview:-1"},"canonical":"https:\/\/www.fraterinternacional.org\/en\/teachers\/","og_locale":"en_US","og_type":"article","og_title":"Teachers","og_url":"https:\/\/www.fraterinternacional.org\/en\/teachers\/","og_site_name":"Fraternidade - Federa\u00e7\u00e3o Humanit\u00e1ria Internacional","article_publisher":"https:\/\/www.facebook.com\/fraternidadehumanitaria","article_modified_time":"2025-04-06T20:06:01+00:00","og_image":[{"url":"https:\/\/www.fraterinternacional.org\/wp-content\/uploads\/2021\/06\/foto-trigueirinho01.jpg"}],"twitter_card":"summary_large_image","twitter_site":"@fraternidadeFHI","twitter_misc":{"Est. reading time":"10 minutes"},"schema":{"@context":"https:\/\/schema.org","@graph":[{"@type":"WebPage","@id":"https:\/\/www.fraterinternacional.org\/en\/teachers\/","url":"https:\/\/www.fraterinternacional.org\/en\/teachers\/","name":"Teachers - Fraternidade - Federa\u00e7\u00e3o Humanit\u00e1ria Internacional","isPartOf":{"@id":"https:\/\/www.fraterinternacional.org\/es\/#website"},"datePublished":"2021-06-09T09:24:39+00:00","dateModified":"2025-04-06T20:06:01+00:00","breadcrumb":{"@id":"https:\/\/www.fraterinternacional.org\/en\/teachers\/#breadcrumb"},"inLanguage":"en-US","potentialAction":[{"@type":"ReadAction","target":["https:\/\/www.fraterinternacional.org\/en\/teachers\/"]}]},{"@type":"BreadcrumbList","@id":"https:\/\/www.fraterinternacional.org\/en\/teachers\/#breadcrumb","itemListElement":[{"@type":"ListItem","position":1,"name":"In\u00edcio","item":"https:\/\/www.fraterinternacional.org\/en\/"},{"@type":"ListItem","position":2,"name":"Teachers"}]},{"@type":"WebSite","@id":"https:\/\/www.fraterinternacional.org\/es\/#website","url":"https:\/\/www.fraterinternacional.org\/es\/","name":"Fraternidade - Federa\u00e7\u00e3o Humanit\u00e1ria Internacional","description":"Fraternidade - Federa\u00e7\u00e3o Humanit\u00e1ria Internacional","potentialAction":[{"@type":"SearchAction","target":{"@type":"EntryPoint","urlTemplate":"https:\/\/www.fraterinternacional.org\/es\/?s={search_term_string}"},"query-input":"required name=search_term_string"}],"inLanguage":"en-US"}]}},"_links":{"self":[{"href":"https:\/\/www.fraterinternacional.org\/en\/wp-json\/wp\/v2\/pages\/122456"}],"collection":[{"href":"https:\/\/www.fraterinternacional.org\/en\/wp-json\/wp\/v2\/pages"}],"about":[{"href":"https:\/\/www.fraterinternacional.org\/en\/wp-json\/wp\/v2\/types\/page"}],"author":[{"embeddable":true,"href":"https:\/\/www.fraterinternacional.org\/en\/wp-json\/wp\/v2\/users\/4"}],"replies":[{"embeddable":true,"href":"https:\/\/www.fraterinternacional.org\/en\/wp-json\/wp\/v2\/comments?post=122456"}],"version-history":[{"count":1,"href":"https:\/\/www.fraterinternacional.org\/en\/wp-json\/wp\/v2\/pages\/122456\/revisions"}],"predecessor-version":[{"id":127292,"href":"https:\/\/www.fraterinternacional.org\/en\/wp-json\/wp\/v2\/pages\/122456\/revisions\/127292"}],"wp:attachment":[{"href":"https:\/\/www.fraterinternacional.org\/en\/wp-json\/wp\/v2\/media?parent=122456"}],"curies":[{"name":"wp","href":"https:\/\/api.w.org\/{rel}","templated":true}]}}