{"id":105654,"date":"2019-07-05T18:27:31","date_gmt":"2019-07-05T21:27:31","guid":{"rendered":"https:\/\/www.fraterinternacional.org\/?page_id=105654"},"modified":"2025-03-14T08:10:30","modified_gmt":"2025-03-14T11:10:30","slug":"light-nucleus-in-belo-horizonte","status":"publish","type":"page","link":"https:\/\/www.fraterinternacional.org\/en\/affiliates\/light-nucleus-in-belo-horizonte\/","title":{"rendered":"Light-Nucleus in Belo Horizonte"},"content":{"rendered":"<p><div class=\"fusion-fullwidth fullwidth-box fusion-builder-row-1 fusion-flex-container fusion-parallax-none hundred-percent-fullwidth non-hundred-percent-height-scrolling\" style=\"--awb-border-radius-top-left:0px;--awb-border-radius-top-right:0px;--awb-border-radius-bottom-right:0px;--awb-border-radius-bottom-left:0px;--awb-padding-top:300px;--awb-padding-bottom:300px;--awb-margin-bottom:-50px;--awb-background-image:url(&quot;https:\/\/www.fraterinternacional.org\/wp-content\/uploads\/2021\/06\/banner-nl-BH03.jpg&quot;);--awb-background-size:cover;--awb-flex-wrap:wrap;\" ><div class=\"fusion-builder-row fusion-row fusion-flex-align-items-flex-start fusion-flex-content-wrap\" style=\"width:104% !important;max-width:104% !important;margin-left: calc(-4% \/ 2 );margin-right: calc(-4% \/ 2 );\"><div class=\"fusion-layout-column fusion_builder_column fusion-builder-column-0 fusion_builder_column_1_1 1_1 fusion-flex-column\" style=\"--awb-bg-size:cover;--awb-width-large:100%;--awb-margin-top-large:0px;--awb-spacing-right-large:1.92%;--awb-margin-bottom-large:20px;--awb-spacing-left-large:1.92%;--awb-width-medium:100%;--awb-order-medium:0;--awb-spacing-right-medium:1.92%;--awb-spacing-left-medium:1.92%;--awb-width-small:100%;--awb-order-small:0;--awb-spacing-right-small:1.92%;--awb-spacing-left-small:1.92%;\"><div class=\"fusion-column-wrapper fusion-column-has-shadow fusion-flex-justify-content-flex-start fusion-content-layout-column\"><\/div><\/div><\/div><\/div><div class=\"fusion-fullwidth fullwidth-box fusion-builder-row-2 fusion-flex-container nonhundred-percent-fullwidth non-hundred-percent-height-scrolling\" style=\"--awb-border-radius-top-left:0px;--awb-border-radius-top-right:0px;--awb-border-radius-bottom-right:0px;--awb-border-radius-bottom-left:0px;--awb-padding-right:0px;--awb-padding-left:0px;--awb-flex-wrap:wrap;\" ><div class=\"fusion-builder-row fusion-row fusion-flex-align-items-center fusion-flex-content-wrap\" style=\"max-width:1248px;margin-left: calc(-4% \/ 2 );margin-right: calc(-4% \/ 2 );\"><div class=\"fusion-layout-column fusion_builder_column fusion-builder-column-1 fusion_builder_column_1_3 1_3 fusion-flex-column\" style=\"--awb-bg-size:cover;--awb-width-large:33.333333333333%;--awb-margin-top-large:0px;--awb-spacing-right-large:5.76%;--awb-margin-bottom-large:20px;--awb-spacing-left-large:5.76%;--awb-width-medium:100%;--awb-order-medium:0;--awb-spacing-right-medium:1.92%;--awb-spacing-left-medium:1.92%;--awb-width-small:100%;--awb-order-small:0;--awb-spacing-right-small:1.92%;--awb-spacing-left-small:1.92%;\"><div class=\"fusion-column-wrapper fusion-column-has-shadow fusion-flex-justify-content-flex-start fusion-content-layout-column\"><div class=\"fusion-image-element \" style=\"--awb-caption-title-font-family:var(--h2_typography-font-family);--awb-caption-title-font-weight:var(--h2_typography-font-weight);--awb-caption-title-font-style:var(--h2_typography-font-style);--awb-caption-title-size:var(--h2_typography-font-size);--awb-caption-title-transform:var(--h2_typography-text-transform);--awb-caption-title-line-height:var(--h2_typography-line-height);--awb-caption-title-letter-spacing:var(--h2_typography-letter-spacing);\"><span class=\" fusion-imageframe imageframe-none imageframe-1 hover-type-none\"><img decoding=\"async\" width=\"480\" height=\"384\" title=\"logo-figueira-nova\" src=\"https:\/\/www.fraterinternacional.org\/wp-content\/uploads\/2022\/10\/logo-figueira-nova.png\" alt class=\"img-responsive wp-image-125424\" srcset=\"https:\/\/www.fraterinternacional.org\/wp-content\/uploads\/2022\/10\/logo-figueira-nova-200x160.png 200w, https:\/\/www.fraterinternacional.org\/wp-content\/uploads\/2022\/10\/logo-figueira-nova-400x320.png 400w, https:\/\/www.fraterinternacional.org\/wp-content\/uploads\/2022\/10\/logo-figueira-nova.png 480w\" sizes=\"(max-width: 1024px) 100vw, (max-width: 640px) 100vw, 400px\" \/><\/span><\/div><\/div><\/div><div class=\"fusion-layout-column fusion_builder_column fusion-builder-column-2 fusion_builder_column_2_3 2_3 fusion-flex-column\" style=\"--awb-padding-top:30px;--awb-padding-right:60px;--awb-padding-bottom:10px;--awb-padding-left:60px;--awb-bg-color:#c4718d;--awb-bg-color-hover:#c4718d;--awb-bg-size:cover;--awb-width-large:66.666666666667%;--awb-margin-top-large:0px;--awb-spacing-right-large:0;--awb-margin-bottom-large:20px;--awb-spacing-left-large:-100px;--awb-width-medium:100%;--awb-order-medium:0;--awb-spacing-right-medium:1.92%;--awb-spacing-left-medium:1.92%;--awb-width-small:100%;--awb-order-small:0;--awb-spacing-right-small:1.92%;--awb-spacing-left-small:1.92%;\" data-motion-effects=\"[{&quot;type&quot;:&quot;&quot;,&quot;scroll_type&quot;:&quot;transition&quot;,&quot;scroll_direction&quot;:&quot;up&quot;,&quot;transition_speed&quot;:&quot;1&quot;,&quot;fade_type&quot;:&quot;in&quot;,&quot;scale_type&quot;:&quot;up&quot;,&quot;initial_scale&quot;:&quot;1&quot;,&quot;max_scale&quot;:&quot;1.5&quot;,&quot;min_scale&quot;:&quot;0.5&quot;,&quot;initial_rotate&quot;:&quot;0&quot;,&quot;end_rotate&quot;:&quot;30&quot;,&quot;initial_blur&quot;:&quot;0&quot;,&quot;end_blur&quot;:&quot;3&quot;,&quot;start_element&quot;:&quot;top&quot;,&quot;start_viewport&quot;:&quot;bottom&quot;,&quot;end_element&quot;:&quot;bottom&quot;,&quot;end_viewport&quot;:&quot;top&quot;,&quot;mouse_effect&quot;:&quot;track&quot;,&quot;mouse_effect_direction&quot;:&quot;opposite&quot;,&quot;mouse_effect_speed&quot;:&quot;2&quot;,&quot;infinite_animation&quot;:&quot;float&quot;,&quot;infinite_animation_speed&quot;:&quot;2&quot;}]\" data-scroll-devices=\"small-visibility,medium-visibility,large-visibility\"><div class=\"fusion-column-wrapper fusion-column-has-shadow fusion-flex-justify-content-flex-start fusion-content-layout-column\"><div class=\"fusion-title title fusion-title-1 fusion-sep-none fusion-title-text fusion-title-size-two\" style=\"--awb-text-color:#ffffff;--awb-margin-bottom:-10px;\"><h2 class=\"fusion-title-heading title-heading-left fusion-responsive-typography-calculated\" style=\"margin:0;--fontSize:38;line-height:1.35;\">Light-Nucleus Sacred Heaven<\/h2><\/div><div class=\"fusion-title title fusion-title-2 fusion-sep-none fusion-title-text fusion-title-size-five\" style=\"--awb-text-color:#ffffff;\"><h5 class=\"fusion-title-heading title-heading-left fusion-responsive-typography-calculated\" style=\"margin:0;--fontSize:16;--minFontSize:16;line-height:1.5;\">Belo Horizonte, MG, Brazil<\/h5><\/div><\/div><\/div><\/div><\/div><div class=\"fusion-fullwidth fullwidth-box fusion-builder-row-3 fusion-flex-container nonhundred-percent-fullwidth non-hundred-percent-height-scrolling\" style=\"--awb-border-radius-top-left:0px;--awb-border-radius-top-right:0px;--awb-border-radius-bottom-right:0px;--awb-border-radius-bottom-left:0px;--awb-flex-wrap:wrap;\" ><div class=\"fusion-builder-row fusion-row fusion-flex-align-items-flex-start fusion-flex-content-wrap\" style=\"max-width:1248px;margin-left: calc(-4% \/ 2 );margin-right: calc(-4% \/ 2 );\"><div class=\"fusion-layout-column fusion_builder_column fusion-builder-column-3 fusion_builder_column_1_1 1_1 fusion-flex-column\" style=\"--awb-bg-size:cover;--awb-width-large:100%;--awb-margin-top-large:0px;--awb-spacing-right-large:1.92%;--awb-margin-bottom-large:20px;--awb-spacing-left-large:1.92%;--awb-width-medium:100%;--awb-order-medium:0;--awb-spacing-right-medium:1.92%;--awb-spacing-left-medium:1.92%;--awb-width-small:100%;--awb-order-small:0;--awb-spacing-right-small:1.92%;--awb-spacing-left-small:1.92%;\"><div class=\"fusion-column-wrapper fusion-column-has-shadow fusion-flex-justify-content-flex-start fusion-content-layout-column\"><div class=\"fusion-text fusion-text-1\"><p>The Light-Nucleus Sagrado C\u00e9u (Sacred Heaven) is located in Belo Horizonte, Minas Gerais, where it works on and develops projects aimed at an awakening and expansion of consciousness. The construction of the building, in 1986, came before the foundation of the Figueira Light-Community, which occurred the next year.<\/p>\n<p>The starting point, which is always present, is the experience of a fraternal group life, joined with the One Consciousness.<\/p>\n<p>From this perspective, a daily rhythm of various practical activities open to everyone was developed: food preparation, gardening, horticulture, dehydration of vegetables and fruits, transportation, maintenance, care of dogs, as well as activities related to the choir and the healing sector.<\/p>\n<p>Currently, because of the pandemic, and without being able to count on the physical presence of collaborators and those interested in participating in the work, these activities continue, but with the necessary adjustments.<\/p>\n<p>In the Light-Nucleus is the Monastery Porta da Divina Miseric\u00f3rdia (Door of Divine Mercy), connected with the <a href=\"https:\/\/www.mensajerosdivinos.org\/en\/grace-mercy-order\" target=\"_blank\" rel=\"noopener\">Grace Mercy Order (GMO)<\/a>, that shares daily liturgies and vivifies and radiates the energy of Consecrated Life.<\/p>\n<p><strong>Areas of activity<\/strong>: Selfless Service, Care of Nature, Group Living and Ecumenical and Spiritual Activities.<\/p>\n<p><strong>Contact<\/strong>: nucleobh@comunidadefigueira.org.br<\/p>\n<h3>Kindly cooperate with our activities<\/h3>\n<p><i class=\"fas fa-university\"><\/i><strong>\u00a0Dep\u00f3sito, transfer\u00eancia ou PIX<\/strong><\/p>\n<p><strong>Corporate name<\/strong>: Casa Luz do Caminho<br \/>\n<strong>CNPJ<\/strong>: 04.157.738\/0001-18<\/p>\n<p>Bank Ita\u00fa S\/A<br \/>\n<strong>Ag<\/strong>: 6313<br \/>\n<strong>C\/C<\/strong>: 08647-9<\/p>\n<\/div><div class=\"fusion-image-carousel fusion-image-carousel-fixed fusion-image-carousel-1 lightbox-enabled fusion-carousel-border\"><div class=\"awb-carousel awb-swiper awb-swiper-carousel\" data-autoplay=\"yes\" data-columns=\"6\" data-itemmargin=\"3\" data-itemwidth=\"180\" data-touchscroll=\"no\" data-imagesize=\"fixed\" style=\"--awb-columns:6;--awb-column-spacing:3px;\"><div class=\"swiper-wrapper awb-image-carousel-wrapper fusion-flex-align-items-center\"><div class=\"swiper-slide\"><div class=\"fusion-carousel-item-wrapper\"><div class=\"fusion-image-wrapper hover-type-liftup\"><a data-rel=\"iLightbox[image_carousel_1]\" data-title=\"nucleo-luz-BH-FFHI-01\" aria-label=\"nucleo-luz-BH-FFHI-01\" href=\"https:\/\/www.fraterinternacional.org\/wp-content\/uploads\/2021\/06\/nucleo-luz-BH-FFHI-01.jpg\" target=\"_self\"><img decoding=\"async\" width=\"320\" height=\"202\" src=\"https:\/\/www.fraterinternacional.org\/wp-content\/uploads\/2021\/06\/nucleo-luz-BH-FFHI-01-320x202.jpg\" class=\"attachment-blog-medium size-blog-medium\" alt=\"N\u00facleo-Luz de Figueira em Belo Horizonte\" \/><\/a><\/div><\/div><\/div><div class=\"swiper-slide\"><div class=\"fusion-carousel-item-wrapper\"><div class=\"fusion-image-wrapper hover-type-liftup\"><a data-rel=\"iLightbox[image_carousel_1]\" data-title=\"nucleo-luz-BH-FFHI-05\" aria-label=\"nucleo-luz-BH-FFHI-05\" href=\"https:\/\/www.fraterinternacional.org\/wp-content\/uploads\/2021\/06\/nucleo-luz-BH-FFHI-05.jpg\" target=\"_self\"><img decoding=\"async\" width=\"320\" height=\"202\" src=\"https:\/\/www.fraterinternacional.org\/wp-content\/uploads\/2021\/06\/nucleo-luz-BH-FFHI-05-320x202.jpg\" class=\"attachment-blog-medium size-blog-medium\" alt=\"N\u00facleo-Luz de Figueira em Belo Horizonte\" \/><\/a><\/div><\/div><\/div><div class=\"swiper-slide\"><div class=\"fusion-carousel-item-wrapper\"><div class=\"fusion-image-wrapper hover-type-liftup\"><a data-rel=\"iLightbox[image_carousel_1]\" data-title=\"nucleo-luz-BH-FFHI-04\" aria-label=\"nucleo-luz-BH-FFHI-04\" href=\"https:\/\/www.fraterinternacional.org\/wp-content\/uploads\/2021\/06\/nucleo-luz-BH-FFHI-04.jpg\" target=\"_self\"><img decoding=\"async\" width=\"320\" height=\"202\" src=\"https:\/\/www.fraterinternacional.org\/wp-content\/uploads\/2021\/06\/nucleo-luz-BH-FFHI-04-320x202.jpg\" class=\"attachment-blog-medium size-blog-medium\" alt=\"N\u00facleo-Luz de Figueira em Belo Horizonte\" \/><\/a><\/div><\/div><\/div><div class=\"swiper-slide\"><div class=\"fusion-carousel-item-wrapper\"><div class=\"fusion-image-wrapper hover-type-liftup\"><a data-rel=\"iLightbox[image_carousel_1]\" data-title=\"nucleo-luz-BH-FFHI-03\" aria-label=\"nucleo-luz-BH-FFHI-03\" href=\"https:\/\/www.fraterinternacional.org\/wp-content\/uploads\/2021\/06\/nucleo-luz-BH-FFHI-03.jpg\" target=\"_self\"><img decoding=\"async\" width=\"320\" height=\"202\" src=\"https:\/\/www.fraterinternacional.org\/wp-content\/uploads\/2021\/06\/nucleo-luz-BH-FFHI-03-320x202.jpg\" class=\"attachment-blog-medium size-blog-medium\" alt=\"N\u00facleo-Luz de Figueira em Belo Horizonte\" \/><\/a><\/div><\/div><\/div><div class=\"swiper-slide\"><div class=\"fusion-carousel-item-wrapper\"><div class=\"fusion-image-wrapper hover-type-liftup\"><a data-rel=\"iLightbox[image_carousel_1]\" data-title=\"nucleo-luz-BH-FFHI-02\" aria-label=\"nucleo-luz-BH-FFHI-02\" href=\"https:\/\/www.fraterinternacional.org\/wp-content\/uploads\/2021\/06\/nucleo-luz-BH-FFHI-02.jpg\" target=\"_self\"><img decoding=\"async\" width=\"320\" height=\"202\" src=\"https:\/\/www.fraterinternacional.org\/wp-content\/uploads\/2021\/06\/nucleo-luz-BH-FFHI-02-320x202.jpg\" class=\"attachment-blog-medium size-blog-medium\" alt=\"N\u00facleo-Luz de Figueira em Belo Horizonte\" \/><\/a><\/div><\/div><\/div><\/div><div class=\"awb-swiper-button awb-swiper-button-prev\"><i class=\"awb-icon-angle-left\" aria-hidden=\"true\"><\/i><\/div><div class=\"awb-swiper-button awb-swiper-button-next\"><i class=\"awb-icon-angle-right\" aria-hidden=\"true\"><\/i><\/div><\/div><\/div><div class=\"fusion-text fusion-text-2\"><p><a href=\"https:\/\/www.fraterinternacional.org\/en\/affiliates\/\"><span style=\"color: #000000;\"><i class=\"fas fa-undo\"><\/i> back to Affiliates<\/span><\/a><\/p>\n<p><a href=\"https:\/\/www.fraterinternacional.org\/en\/\"><img decoding=\"async\" class=\"size-full wp-image-122586 aligncenter\" src=\"https:\/\/www.fraterinternacional.org\/wp-content\/uploads\/2021\/06\/logo-filiada-blk-EN.png\" alt=\"Fraternity \u2013 International Humanitarian Federation (FIHF)\" width=\"350\" height=\"114\" srcset=\"https:\/\/www.fraterinternacional.org\/wp-content\/uploads\/2021\/06\/logo-filiada-blk-EN-200x65.png 200w, https:\/\/www.fraterinternacional.org\/wp-content\/uploads\/2021\/06\/logo-filiada-blk-EN-300x98.png 300w, https:\/\/www.fraterinternacional.org\/wp-content\/uploads\/2021\/06\/logo-filiada-blk-EN.png 350w\" sizes=\"(max-width: 350px) 100vw, 350px\" \/><\/a><\/p>\n<\/div><\/div><\/div><\/div><\/div><\/p>\n","protected":false},"excerpt":{"rendered":"","protected":false},"author":4,"featured_media":0,"parent":102375,"menu_order":0,"comment_status":"closed","ping_status":"closed","template":"100-width.php","meta":{"footnotes":""},"class_list":["post-105654","page","type-page","status-publish","hentry"],"yoast_head":"<!-- This site is optimized with the Yoast SEO Premium plugin v21.0 (Yoast SEO v21.0) - https:\/\/yoast.com\/wordpress\/plugins\/seo\/ -->\n<title>Light-Nucleus in Belo Horizonte - Fraternidade - Federa\u00e7\u00e3o Humanit\u00e1ria Internacional<\/title>\n<meta name=\"robots\" content=\"index, follow, max-snippet:-1, max-image-preview:large, max-video-preview:-1\" \/>\n<link rel=\"canonical\" href=\"https:\/\/www.fraterinternacional.org\/en\/affiliates\/light-nucleus-in-belo-horizonte\/\" \/>\n<meta property=\"og:locale\" content=\"en_US\" \/>\n<meta property=\"og:type\" content=\"article\" \/>\n<meta property=\"og:title\" content=\"Light-Nucleus in Belo Horizonte\" \/>\n<meta property=\"og:url\" content=\"https:\/\/www.fraterinternacional.org\/en\/affiliates\/light-nucleus-in-belo-horizonte\/\" \/>\n<meta property=\"og:site_name\" content=\"Fraternidade - Federa\u00e7\u00e3o Humanit\u00e1ria Internacional\" \/>\n<meta property=\"article:publisher\" content=\"https:\/\/www.facebook.com\/fraternidadehumanitaria\" \/>\n<meta property=\"article:modified_time\" content=\"2025-03-14T11:10:30+00:00\" \/>\n<meta property=\"og:image\" content=\"https:\/\/www.fraterinternacional.org\/wp-content\/uploads\/2021\/06\/logo-filiada-blk-EN.png\" \/>\n<meta name=\"twitter:card\" content=\"summary_large_image\" \/>\n<meta name=\"twitter:site\" content=\"@fraternidadeFHI\" \/>\n<meta name=\"twitter:label1\" content=\"Est. reading time\" \/>\n\t<meta name=\"twitter:data1\" content=\"7 minutes\" \/>\n<script type=\"application\/ld+json\" class=\"yoast-schema-graph\">{\"@context\":\"https:\/\/schema.org\",\"@graph\":[{\"@type\":\"WebPage\",\"@id\":\"https:\/\/www.fraterinternacional.org\/en\/affiliates\/light-nucleus-in-belo-horizonte\/\",\"url\":\"https:\/\/www.fraterinternacional.org\/en\/affiliates\/light-nucleus-in-belo-horizonte\/\",\"name\":\"Light-Nucleus in Belo Horizonte - Fraternidade - Federa\u00e7\u00e3o Humanit\u00e1ria Internacional\",\"isPartOf\":{\"@id\":\"https:\/\/www.fraterinternacional.org\/es\/#website\"},\"datePublished\":\"2019-07-05T21:27:31+00:00\",\"dateModified\":\"2025-03-14T11:10:30+00:00\",\"breadcrumb\":{\"@id\":\"https:\/\/www.fraterinternacional.org\/en\/affiliates\/light-nucleus-in-belo-horizonte\/#breadcrumb\"},\"inLanguage\":\"en-US\",\"potentialAction\":[{\"@type\":\"ReadAction\",\"target\":[\"https:\/\/www.fraterinternacional.org\/en\/affiliates\/light-nucleus-in-belo-horizonte\/\"]}]},{\"@type\":\"BreadcrumbList\",\"@id\":\"https:\/\/www.fraterinternacional.org\/en\/affiliates\/light-nucleus-in-belo-horizonte\/#breadcrumb\",\"itemListElement\":[{\"@type\":\"ListItem\",\"position\":1,\"name\":\"In\u00edcio\",\"item\":\"https:\/\/www.fraterinternacional.org\/en\/\"},{\"@type\":\"ListItem\",\"position\":2,\"name\":\"Affiliates\",\"item\":\"https:\/\/www.fraterinternacional.org\/en\/affiliates\/\"},{\"@type\":\"ListItem\",\"position\":3,\"name\":\"Light-Nucleus in Belo Horizonte\"}]},{\"@type\":\"WebSite\",\"@id\":\"https:\/\/www.fraterinternacional.org\/es\/#website\",\"url\":\"https:\/\/www.fraterinternacional.org\/es\/\",\"name\":\"Fraternidade - Federa\u00e7\u00e3o Humanit\u00e1ria Internacional\",\"description\":\"Fraternidade - Federa\u00e7\u00e3o Humanit\u00e1ria Internacional\",\"potentialAction\":[{\"@type\":\"SearchAction\",\"target\":{\"@type\":\"EntryPoint\",\"urlTemplate\":\"https:\/\/www.fraterinternacional.org\/es\/?s={search_term_string}\"},\"query-input\":\"required name=search_term_string\"}],\"inLanguage\":\"en-US\"}]}<\/script>\n<!-- \/ Yoast SEO Premium plugin. -->","yoast_head_json":{"title":"Light-Nucleus in Belo Horizonte - Fraternidade - Federa\u00e7\u00e3o Humanit\u00e1ria Internacional","robots":{"index":"index","follow":"follow","max-snippet":"max-snippet:-1","max-image-preview":"max-image-preview:large","max-video-preview":"max-video-preview:-1"},"canonical":"https:\/\/www.fraterinternacional.org\/en\/affiliates\/light-nucleus-in-belo-horizonte\/","og_locale":"en_US","og_type":"article","og_title":"Light-Nucleus in Belo Horizonte","og_url":"https:\/\/www.fraterinternacional.org\/en\/affiliates\/light-nucleus-in-belo-horizonte\/","og_site_name":"Fraternidade - Federa\u00e7\u00e3o Humanit\u00e1ria Internacional","article_publisher":"https:\/\/www.facebook.com\/fraternidadehumanitaria","article_modified_time":"2025-03-14T11:10:30+00:00","og_image":[{"url":"https:\/\/www.fraterinternacional.org\/wp-content\/uploads\/2021\/06\/logo-filiada-blk-EN.png"}],"twitter_card":"summary_large_image","twitter_site":"@fraternidadeFHI","twitter_misc":{"Est. reading time":"7 minutes"},"schema":{"@context":"https:\/\/schema.org","@graph":[{"@type":"WebPage","@id":"https:\/\/www.fraterinternacional.org\/en\/affiliates\/light-nucleus-in-belo-horizonte\/","url":"https:\/\/www.fraterinternacional.org\/en\/affiliates\/light-nucleus-in-belo-horizonte\/","name":"Light-Nucleus in Belo Horizonte - Fraternidade - Federa\u00e7\u00e3o Humanit\u00e1ria Internacional","isPartOf":{"@id":"https:\/\/www.fraterinternacional.org\/es\/#website"},"datePublished":"2019-07-05T21:27:31+00:00","dateModified":"2025-03-14T11:10:30+00:00","breadcrumb":{"@id":"https:\/\/www.fraterinternacional.org\/en\/affiliates\/light-nucleus-in-belo-horizonte\/#breadcrumb"},"inLanguage":"en-US","potentialAction":[{"@type":"ReadAction","target":["https:\/\/www.fraterinternacional.org\/en\/affiliates\/light-nucleus-in-belo-horizonte\/"]}]},{"@type":"BreadcrumbList","@id":"https:\/\/www.fraterinternacional.org\/en\/affiliates\/light-nucleus-in-belo-horizonte\/#breadcrumb","itemListElement":[{"@type":"ListItem","position":1,"name":"In\u00edcio","item":"https:\/\/www.fraterinternacional.org\/en\/"},{"@type":"ListItem","position":2,"name":"Affiliates","item":"https:\/\/www.fraterinternacional.org\/en\/affiliates\/"},{"@type":"ListItem","position":3,"name":"Light-Nucleus in Belo Horizonte"}]},{"@type":"WebSite","@id":"https:\/\/www.fraterinternacional.org\/es\/#website","url":"https:\/\/www.fraterinternacional.org\/es\/","name":"Fraternidade - Federa\u00e7\u00e3o Humanit\u00e1ria Internacional","description":"Fraternidade - Federa\u00e7\u00e3o Humanit\u00e1ria Internacional","potentialAction":[{"@type":"SearchAction","target":{"@type":"EntryPoint","urlTemplate":"https:\/\/www.fraterinternacional.org\/es\/?s={search_term_string}"},"query-input":"required name=search_term_string"}],"inLanguage":"en-US"}]}},"_links":{"self":[{"href":"https:\/\/www.fraterinternacional.org\/en\/wp-json\/wp\/v2\/pages\/105654"}],"collection":[{"href":"https:\/\/www.fraterinternacional.org\/en\/wp-json\/wp\/v2\/pages"}],"about":[{"href":"https:\/\/www.fraterinternacional.org\/en\/wp-json\/wp\/v2\/types\/page"}],"author":[{"embeddable":true,"href":"https:\/\/www.fraterinternacional.org\/en\/wp-json\/wp\/v2\/users\/4"}],"replies":[{"embeddable":true,"href":"https:\/\/www.fraterinternacional.org\/en\/wp-json\/wp\/v2\/comments?post=105654"}],"version-history":[{"count":1,"href":"https:\/\/www.fraterinternacional.org\/en\/wp-json\/wp\/v2\/pages\/105654\/revisions"}],"predecessor-version":[{"id":127284,"href":"https:\/\/www.fraterinternacional.org\/en\/wp-json\/wp\/v2\/pages\/105654\/revisions\/127284"}],"up":[{"embeddable":true,"href":"https:\/\/www.fraterinternacional.org\/en\/wp-json\/wp\/v2\/pages\/102375"}],"wp:attachment":[{"href":"https:\/\/www.fraterinternacional.org\/en\/wp-json\/wp\/v2\/media?parent=105654"}],"curies":[{"name":"wp","href":"https:\/\/api.w.org\/{rel}","templated":true}]}}